
{"id":18342,"date":"2023-01-16T12:16:42","date_gmt":"2023-01-16T12:16:42","guid":{"rendered":"https:\/\/ifpbm.org\/inicio\/"},"modified":"2024-03-25T19:23:06","modified_gmt":"2024-03-25T19:23:06","slug":"inicio","status":"publish","type":"page","link":"https:\/\/ifpbm.org\/pt-pt\/","title":{"rendered":"In\u00edcio"},"content":{"rendered":"\n<div class=\"wp-block-group glide carousel-hero-caption is-layout-flow wp-block-group-is-layout-flow\">\n<div class=\"wp-block-group is-vertical is-layout-flex wp-container-core-group-is-layout-8cf370e7 wp-block-group-is-layout-flex\">\n<div class=\"wp-block-group is-nowrap is-layout-flex wp-container-core-group-is-layout-ad2f72ca wp-block-group-is-layout-flex\">\n<div class=\"wp-block-cover\"><span aria-hidden=\"true\" class=\"wp-block-cover__background has-background-dim-0 has-background-dim\"><\/span><img decoding=\"async\" class=\"wp-block-cover__image-background wp-image-140\" alt=\"\" src=\"\/wp-content\/themes\/ifpbm-theme\/assets\/images\/blood.jpg\" data-object-fit=\"cover\"\/><div class=\"wp-block-cover__inner-container is-layout-flow wp-block-cover-is-layout-flow\">\n<h1 class=\"wp-block-heading has-text-align-center has-white-color has-text-color\">Quem \u00e9 o IFPBM?<\/h1>\n\n\n\n<div class=\"wp-block-buttons is-content-justification-center is-layout-flex wp-container-core-buttons-is-layout-16018d1d wp-block-buttons-is-layout-flex\">\n<div class=\"wp-block-button\"><a class=\"wp-block-button__link has-black-color has-white-background-color has-text-color has-background wp-element-button\" href=\"https:\/\/ifpbm.org\/pt-pt\/sobre\/\" rel=\"\/about\/\">Veja o v\u00eddeo<\/a><\/div>\n<\/div>\n<\/div><\/div>\n\n\n\n<div class=\"wp-block-cover\"><span aria-hidden=\"true\" class=\"wp-block-cover__background has-background-dim-0 has-background-dim\"><\/span><img decoding=\"async\" class=\"wp-block-cover__image-background wp-image-139\" alt=\"\" src=\"\/wp-content\/themes\/ifpbm-theme\/assets\/images\/blood.jpg\" data-object-fit=\"cover\"\/><div class=\"wp-block-cover__inner-container is-layout-flow wp-block-cover-is-layout-flow\">\n<h1 class=\"wp-block-heading has-text-align-center has-white-color has-text-color\">O que \u00e9 a gest\u00e3o do sangue dos doentes?<\/h1>\n\n\n\n<div class=\"wp-block-buttons is-content-justification-center is-layout-flex wp-container-core-buttons-is-layout-16018d1d wp-block-buttons-is-layout-flex\">\n<div class=\"wp-block-button is-style-fill\"><a class=\"wp-block-button__link has-black-color has-white-background-color has-text-color has-background wp-element-button\" href=\"https:\/\/patientbloodmanagement.org\/learn\/what-is-patient-blood-management\/\" style=\"border-radius:34px\" rel=\"https:\/\/patientbloodmanagement.org\/learn\/what-is-patient-blood-management\/\">Veja o v\u00eddeo<\/a><\/div>\n<\/div>\n<\/div><\/div>\n<\/div>\n<\/div>\n<\/div>\n\n<div class=\"wp-block-group alignfull carousel-news glide is-layout-flow wp-block-group-is-layout-flow\">\n<div class=\"wp-block-query alignfull is-layout-flow wp-block-query-is-layout-flow\"><ul class=\"is-flex-container columns-3 wp-block-post-template is-layout-flow wp-block-post-template-is-layout-flow\"><li class=\"wp-block-post post-18558 news type-news status-publish has-post-thumbnail hentry tag-carrossel\">\n<figure class=\"wp-block-post-featured-image\"><a href=\"https:\/\/ifpbm.org\/pt-pt\/news\/a-organizacao-mundial-de-saude-divulga-orientacoes-inovadoras-sobre-a-gestao-do-sangue-dos-doentes-para-fazer-face-a-crise-mundial-da-saude-do-sangue\/\" target=\"_self\"  ><img loading=\"lazy\" decoding=\"async\" width=\"1920\" height=\"1080\" src=\"https:\/\/ifpbm.org\/wp-content\/uploads\/sites\/2\/2025\/02\/who_composite.jpg\" class=\"attachment-post-thumbnail size-post-thumbnail wp-post-image\" alt=\"A Organiza\u00e7\u00e3o Mundial de Sa\u00fade divulga orienta\u00e7\u00f5es inovadoras sobre a gest\u00e3o do sangue dos doentes para fazer face \u00e0 crise mundial da sa\u00fade do sangue\" style=\"object-fit:cover;\" srcset=\"https:\/\/ifpbm.org\/wp-content\/uploads\/sites\/2\/2025\/02\/who_composite.jpg 1920w, https:\/\/ifpbm.org\/wp-content\/uploads\/sites\/2\/2025\/02\/who_composite-300x169.jpg 300w, https:\/\/ifpbm.org\/wp-content\/uploads\/sites\/2\/2025\/02\/who_composite-1024x576.jpg 1024w, https:\/\/ifpbm.org\/wp-content\/uploads\/sites\/2\/2025\/02\/who_composite-768x432.jpg 768w, https:\/\/ifpbm.org\/wp-content\/uploads\/sites\/2\/2025\/02\/who_composite-1536x864.jpg 1536w\" sizes=\"auto, (max-width: 1920px) 100vw, 1920px\" \/><span class=\"wp-block-post-featured-image__overlay has-background-dim has-background-dim-80 has-white-background-color\" style=\"\" aria-hidden=\"true\"><\/span><\/a><\/figure>\n\n<h2 class=\"wp-block-post-title\">A Organiza\u00e7\u00e3o Mundial de Sa\u00fade divulga orienta\u00e7\u00f5es inovadoras sobre a gest\u00e3o do sangue dos doentes para fazer face \u00e0 crise mundial da sa\u00fade do sangue<\/h2>\n\n\n<div class=\"wp-block-buttons is-layout-flex wp-block-buttons-is-layout-flex\">\n<div class=\"wp-block-button\"><a class=\"wp-block-button__link has-black-color has-white-background-color has-text-color has-background wp-element-button\">Leia mais<\/a><\/div>\n<\/div>\n\n<\/li><li class=\"wp-block-post post-18563 news type-news status-publish has-post-thumbnail hentry tag-carrossel\">\n<figure class=\"wp-block-post-featured-image\"><a href=\"https:\/\/ifpbm.org\/pt-pt\/news\/a-organizacao-mundial-de-saude-lanca-orientacoes-inovadoras-sobre-a-gestao-do-sangue-dos-doentes-em-lingua-portuguesa\/\" target=\"_self\"  ><img loading=\"lazy\" decoding=\"async\" width=\"1920\" height=\"1080\" src=\"https:\/\/ifpbm.org\/wp-content\/uploads\/sites\/2\/2025\/03\/WHO_Portuguese-1.jpg\" class=\"attachment-post-thumbnail size-post-thumbnail wp-post-image\" alt=\"A Organiza\u00e7\u00e3o Mundial de Sa\u00fade lan\u00e7a orienta\u00e7\u00f5es inovadoras sobre a gest\u00e3o do sangue dos doentes em l\u00edngua portuguesa\" style=\"object-fit:cover;\" srcset=\"https:\/\/ifpbm.org\/wp-content\/uploads\/sites\/2\/2025\/03\/WHO_Portuguese-1.jpg 1920w, https:\/\/ifpbm.org\/wp-content\/uploads\/sites\/2\/2025\/03\/WHO_Portuguese-1-300x169.jpg 300w, https:\/\/ifpbm.org\/wp-content\/uploads\/sites\/2\/2025\/03\/WHO_Portuguese-1-1024x576.jpg 1024w, https:\/\/ifpbm.org\/wp-content\/uploads\/sites\/2\/2025\/03\/WHO_Portuguese-1-768x432.jpg 768w, https:\/\/ifpbm.org\/wp-content\/uploads\/sites\/2\/2025\/03\/WHO_Portuguese-1-1536x864.jpg 1536w\" sizes=\"auto, (max-width: 1920px) 100vw, 1920px\" \/><span class=\"wp-block-post-featured-image__overlay has-background-dim has-background-dim-80 has-white-background-color\" style=\"\" aria-hidden=\"true\"><\/span><\/a><\/figure>\n\n<h2 class=\"wp-block-post-title\">A Organiza\u00e7\u00e3o Mundial de Sa\u00fade lan\u00e7a orienta\u00e7\u00f5es inovadoras sobre a gest\u00e3o do sangue dos doentes em l\u00edngua portuguesa<\/h2>\n\n\n<div class=\"wp-block-buttons is-layout-flex wp-block-buttons-is-layout-flex\">\n<div class=\"wp-block-button\"><a class=\"wp-block-button__link has-black-color has-white-background-color has-text-color has-background wp-element-button\">Leia mais<\/a><\/div>\n<\/div>\n\n<\/li><li class=\"wp-block-post post-18568 news type-news status-publish has-post-thumbnail hentry tag-carrossel\">\n<figure class=\"wp-block-post-featured-image\"><a href=\"https:\/\/ifpbm.org\/pt-pt\/news\/lancada-a-nova-ferramenta-de-avaliacao-e-implementacao-do-programa-de-gestao-do-sangue-dos-doentes-piat-para-melhorar-a-conformidade-com-as-diretrizes-globais\/\" target=\"_self\"  ><img loading=\"lazy\" decoding=\"async\" width=\"2560\" height=\"1192\" src=\"https:\/\/ifpbm.org\/wp-content\/uploads\/sites\/2\/2025\/02\/18237657_l_SML_REV-scaled.jpeg\" class=\"attachment-post-thumbnail size-post-thumbnail wp-post-image\" alt=\"Lan\u00e7ada a nova Ferramenta de Avalia\u00e7\u00e3o e Implementa\u00e7\u00e3o do Programa de Gest\u00e3o do Sangue dos Doentes (PIAT) para melhorar a conformidade com as Diretrizes Globais\" style=\"object-fit:cover;\" srcset=\"https:\/\/ifpbm.org\/wp-content\/uploads\/sites\/2\/2025\/02\/18237657_l_SML_REV-scaled.jpeg 2560w, https:\/\/ifpbm.org\/wp-content\/uploads\/sites\/2\/2025\/02\/18237657_l_SML_REV-300x140.jpeg 300w, https:\/\/ifpbm.org\/wp-content\/uploads\/sites\/2\/2025\/02\/18237657_l_SML_REV-1024x477.jpeg 1024w, https:\/\/ifpbm.org\/wp-content\/uploads\/sites\/2\/2025\/02\/18237657_l_SML_REV-768x358.jpeg 768w, https:\/\/ifpbm.org\/wp-content\/uploads\/sites\/2\/2025\/02\/18237657_l_SML_REV-1536x715.jpeg 1536w, https:\/\/ifpbm.org\/wp-content\/uploads\/sites\/2\/2025\/02\/18237657_l_SML_REV-2048x953.jpeg 2048w\" sizes=\"auto, (max-width: 2560px) 100vw, 2560px\" \/><span class=\"wp-block-post-featured-image__overlay has-background-dim has-background-dim-80 has-white-background-color\" style=\"\" aria-hidden=\"true\"><\/span><\/a><\/figure>\n\n<h2 class=\"wp-block-post-title\">Lan\u00e7ada a nova Ferramenta de Avalia\u00e7\u00e3o e Implementa\u00e7\u00e3o do Programa de Gest\u00e3o do Sangue dos Doentes (PIAT) para melhorar a conformidade com as Diretrizes Globais<\/h2>\n\n\n<div class=\"wp-block-buttons is-layout-flex wp-block-buttons-is-layout-flex\">\n<div class=\"wp-block-button\"><a class=\"wp-block-button__link has-black-color has-white-background-color has-text-color has-background wp-element-button\">Leia mais<\/a><\/div>\n<\/div>\n\n<\/li><li class=\"wp-block-post post-18474 news type-news status-publish has-post-thumbnail hentry tag-carrossel\">\n<figure class=\"wp-block-post-featured-image\"><a href=\"https:\/\/ifpbm.org\/pt-pt\/news\/john-hopkins-medicine-study-suggests-preoperative-iron-infusions-work-better-than-blood-transfusions-for-some-anemic-patients\/\" target=\"_self\"  ><img loading=\"lazy\" decoding=\"async\" width=\"916\" height=\"569\" src=\"https:\/\/ifpbm.org\/wp-content\/uploads\/sites\/2\/2024\/07\/iron_infusion_carousel.webp\" class=\"attachment-post-thumbnail size-post-thumbnail wp-post-image\" alt=\"Estudo sugere que as infus\u00f5es de ferro pr\u00e9-operat\u00f3rias s\u00e3o melhores do que as transfus\u00f5es de sangue para alguns doentes an\u00e9micos\" style=\"object-fit:cover;\" srcset=\"https:\/\/ifpbm.org\/wp-content\/uploads\/sites\/2\/2024\/07\/iron_infusion_carousel.webp 916w, https:\/\/ifpbm.org\/wp-content\/uploads\/sites\/2\/2024\/07\/iron_infusion_carousel-300x186.webp 300w, https:\/\/ifpbm.org\/wp-content\/uploads\/sites\/2\/2024\/07\/iron_infusion_carousel-768x477.webp 768w\" sizes=\"auto, (max-width: 916px) 100vw, 916px\" \/><span class=\"wp-block-post-featured-image__overlay has-background-dim has-background-dim-80 has-white-background-color\" style=\"\" aria-hidden=\"true\"><\/span><\/a><\/figure>\n\n<h2 class=\"wp-block-post-title\">Estudo sugere que as infus\u00f5es de ferro pr\u00e9-operat\u00f3rias s\u00e3o melhores do que as transfus\u00f5es de sangue para alguns doentes an\u00e9micos<\/h2>\n\n\n<div class=\"wp-block-buttons is-layout-flex wp-block-buttons-is-layout-flex\">\n<div class=\"wp-block-button\"><a class=\"wp-block-button__link has-black-color has-white-background-color has-text-color has-background wp-element-button\">Leia mais<\/a><\/div>\n<\/div>\n\n<\/li><li class=\"wp-block-post post-18386 news type-news status-publish has-post-thumbnail hentry category-sem-categoria tag-carrossel\">\n<figure class=\"wp-block-post-featured-image\"><a href=\"https:\/\/ifpbm.org\/pt-pt\/news\/associacao-brasileira-de-hematologia-hemoterapia-e-terapia-celular-abhh-inicio-do-projeto-pbm\/\" target=\"_self\"  ><img loading=\"lazy\" decoding=\"async\" width=\"650\" height=\"275\" src=\"https:\/\/ifpbm.org\/wp-content\/uploads\/sites\/2\/2023\/10\/ABHH-RABELLO_Featured_REV-5.jpg\" class=\"attachment-post-thumbnail size-post-thumbnail wp-post-image\" alt=\"Associa\u00e7\u00e3o Brasileira de Hematologia, Hemoterapia e Terapia Celular (ABHH) In\u00edcio do Projeto PBM\" style=\"object-fit:cover;\" srcset=\"https:\/\/ifpbm.org\/wp-content\/uploads\/sites\/2\/2023\/10\/ABHH-RABELLO_Featured_REV-5.jpg 650w, https:\/\/ifpbm.org\/wp-content\/uploads\/sites\/2\/2023\/10\/ABHH-RABELLO_Featured_REV-5-300x127.jpg 300w\" sizes=\"auto, (max-width: 650px) 100vw, 650px\" \/><span class=\"wp-block-post-featured-image__overlay has-background-dim has-background-dim-80 has-white-background-color\" style=\"\" aria-hidden=\"true\"><\/span><\/a><\/figure>\n\n<h2 class=\"wp-block-post-title\">Associa\u00e7\u00e3o Brasileira de Hematologia, Hemoterapia e Terapia Celular (ABHH) In\u00edcio do Projeto PBM<\/h2>\n\n\n<div class=\"wp-block-buttons is-layout-flex wp-block-buttons-is-layout-flex\">\n<div class=\"wp-block-button\"><a class=\"wp-block-button__link has-black-color has-white-background-color has-text-color has-background wp-element-button\">Leia mais<\/a><\/div>\n<\/div>\n\n<\/li><li class=\"wp-block-post post-18244 news type-news status-publish has-post-thumbnail hentry category-sem-categoria tag-carrossel\">\n<figure class=\"wp-block-post-featured-image\"><a href=\"https:\/\/ifpbm.org\/pt-pt\/news\/blood-works-um-guia-do-proprietario-lancado-mundialmente\/\" target=\"_self\"  ><img loading=\"lazy\" decoding=\"async\" width=\"1000\" height=\"400\" src=\"https:\/\/ifpbm.org\/wp-content\/uploads\/sites\/2\/2023\/04\/Bloodworks-featured_grey.jpg\" class=\"attachment-post-thumbnail size-post-thumbnail wp-post-image\" alt=\"&#8216;Blood Works: Um Guia do Propriet\u00e1rio&#8217; lan\u00e7ado mundialmente\" style=\"object-fit:cover;\" srcset=\"https:\/\/ifpbm.org\/wp-content\/uploads\/sites\/2\/2023\/04\/Bloodworks-featured_grey.jpg 1000w, https:\/\/ifpbm.org\/wp-content\/uploads\/sites\/2\/2023\/04\/Bloodworks-featured_grey-300x120.jpg 300w, https:\/\/ifpbm.org\/wp-content\/uploads\/sites\/2\/2023\/04\/Bloodworks-featured_grey-768x307.jpg 768w\" sizes=\"auto, (max-width: 1000px) 100vw, 1000px\" \/><span class=\"wp-block-post-featured-image__overlay has-background-dim has-background-dim-80 has-white-background-color\" style=\"\" aria-hidden=\"true\"><\/span><\/a><\/figure>\n\n<h2 class=\"wp-block-post-title\">&#8216;Blood Works: Um Guia do Propriet\u00e1rio&#8217; lan\u00e7ado mundialmente<\/h2>\n\n\n<div class=\"wp-block-buttons is-layout-flex wp-block-buttons-is-layout-flex\">\n<div class=\"wp-block-button\"><a class=\"wp-block-button__link has-black-color has-white-background-color has-text-color has-background wp-element-button\">Leia mais<\/a><\/div>\n<\/div>\n\n<\/li><\/ul><\/div>\n<\/div>\n\n<div class=\"wp-block-group columns-pictures is-layout-constrained wp-block-group-is-layout-constrained\">\n<div class=\"wp-block-columns is-layout-flex wp-container-core-columns-is-layout-9d6595d7 wp-block-columns-is-layout-flex\">\n<div class=\"wp-block-column is-layout-flow wp-block-column-is-layout-flow\">\n<div class=\"wp-block-columns is-not-stacked-on-mobile is-layout-flex wp-container-core-columns-is-layout-a339d6e0 wp-block-columns-is-layout-flex\" style=\"padding-top:3em\">\n<div class=\"wp-block-column is-layout-flow wp-block-column-is-layout-flow\">\n<figure class=\"wp-block-image size-full is-resized has-custom-border is-style-default\"><a href=\"https:\/\/patientbloodmanagement.org\/learn\/patient-advice\/\"><img loading=\"lazy\" decoding=\"async\" src=\"https:\/\/ifpbm.org\/wp-content\/uploads\/sites\/2\/2023\/07\/DoctorPatient.jpg\" alt=\"\" class=\"wp-image-16905\" style=\"border-radius:0px\" width=\"678\" height=\"608\" srcset=\"https:\/\/ifpbm.org\/wp-content\/uploads\/sites\/2\/2023\/07\/DoctorPatient.jpg 678w, https:\/\/ifpbm.org\/wp-content\/uploads\/sites\/2\/2023\/07\/DoctorPatient-300x269.jpg 300w\" sizes=\"auto, (max-width: 678px) 100vw, 678px\" \/><\/a><\/figure>\n\n\n\n<h2 class=\"wp-block-heading has-text-align-center has-light-gray-color has-blue-background-color has-text-color has-background has-link-color wp-elements-90e55590826b789325e10d3edffabad4\"><a href=\"https:\/\/patientbloodmanagement.org\/learn\/patient-advice\/\">O que todos devem saber sobre a gest\u00e3o do sangue dos doentes<\/a><\/h2>\n<\/div>\n\n\n\n<div class=\"wp-block-column is-layout-flow wp-block-column-is-layout-flow\">\n<figure class=\"wp-block-image size-large\"><a href=\"https:\/\/patientbloodmanagement.org\/learn\/patient-blood-management-for-clinicians\/\"><img loading=\"lazy\" decoding=\"async\" width=\"1024\" height=\"758\" src=\"https:\/\/ifpbm.org\/wp-content\/uploads\/sites\/2\/2023\/07\/Information-for-Professionals-homepage-1024x758.jpg\" alt=\"\" class=\"wp-image-17069\" srcset=\"https:\/\/ifpbm.org\/wp-content\/uploads\/sites\/2\/2023\/07\/Information-for-Professionals-homepage-1024x758.jpg 1024w, https:\/\/ifpbm.org\/wp-content\/uploads\/sites\/2\/2023\/07\/Information-for-Professionals-homepage-300x222.jpg 300w, https:\/\/ifpbm.org\/wp-content\/uploads\/sites\/2\/2023\/07\/Information-for-Professionals-homepage-768x568.jpg 768w, https:\/\/ifpbm.org\/wp-content\/uploads\/sites\/2\/2023\/07\/Information-for-Professionals-homepage.jpg 1046w\" sizes=\"auto, (max-width: 1024px) 100vw, 1024px\" \/><\/a><\/figure>\n\n\n\n<h2 class=\"wp-block-heading has-text-align-center has-white-color has-teal-background-color has-text-color has-background has-link-color wp-elements-87c3c335fe7bcccb81c631e456568aed\"><a href=\"https:\/\/patientbloodmanagement.org\/learn\/patient-blood-management-for-clinicians\/\" data-type=\"URL\" data-id=\"https:\/\/patientbloodmanagement.org\/learn\/patient-blood-management-for-administrators\/\">Informa\u00e7\u00f5es para profissionais de sa\u00fade<\/a><\/h2>\n<\/div>\n\n\n\n<div class=\"wp-block-column is-layout-flow wp-block-column-is-layout-flow\">\n<figure class=\"wp-block-image size-full\"><a href=\"https:\/\/patientbloodmanagement.org\/learn\/patient-blood-management-for-administrators\/\"><img loading=\"lazy\" decoding=\"async\" width=\"523\" height=\"387\" src=\"https:\/\/ifpbm.org\/wp-content\/uploads\/sites\/2\/2023\/07\/Information-for-Pro.jpg\" alt=\"\" class=\"wp-image-17072\" srcset=\"https:\/\/ifpbm.org\/wp-content\/uploads\/sites\/2\/2023\/07\/Information-for-Pro.jpg 523w, https:\/\/ifpbm.org\/wp-content\/uploads\/sites\/2\/2023\/07\/Information-for-Pro-300x222.jpg 300w\" sizes=\"auto, (max-width: 523px) 100vw, 523px\" \/><\/a><\/figure>\n\n\n\n<h2 class=\"wp-block-heading has-text-align-center has-light-gray-color has-gold-background-color has-text-color has-background has-link-color wp-elements-ba0b6b088a7898ae8baf14d56c8f98ac\"><a href=\"https:\/\/patientbloodmanagement.org\/learn\/patient-blood-management-for-administrators\/\">Passos para implementar a gest\u00e3o do sangue dos doentes<\/a><\/h2>\n<\/div>\n<\/div>\n<\/div>\n<\/div>\n<\/div>\n\n<div class=\"wp-block-group home-columns is-layout-constrained wp-block-group-is-layout-constrained\">\n<div class=\"wp-block-columns is-layout-flex wp-container-core-columns-is-layout-9d6595d7 wp-block-columns-is-layout-flex\">\n<div class=\"wp-block-column is-layout-flow wp-block-column-is-layout-flow\">\n<h2 class=\"wp-block-heading has-red-color has-text-color\">Funda\u00e7\u00e3o Internacional para a Gest\u00e3o do Sangue dos Doentes  <\/h2>\n\n\n\n<p>A International Foundation for Patient Blood Management (Funda\u00e7\u00e3o Internacional para a Gest\u00e3o do Sangue do Doente) est\u00e1 empenhada em assegurar que o sangue do pr\u00f3prio doente, este recurso humano \u00fanico e vital, seja gerido e mantido de forma adequada na sa\u00fade e na doen\u00e7a. Para tal, a Funda\u00e7\u00e3o promove t\u00e9cnicas m\u00e9dicas e cir\u00fargicas cientificamente fundamentadas de gest\u00e3o do sangue do doente, destinadas a conservar o sangue do doente e a minimizar ou evitar a necessidade de transfus\u00e3o de componentes sangu\u00edneos alog\u00e9nicos.<\/p>\n<\/div>\n\n\n\n<div class=\"wp-block-column is-vertically-aligned-center is-layout-flow wp-block-column-is-layout-flow\">\n<div class=\"wp-block-cover is-light quote-block\"><span aria-hidden=\"true\" class=\"wp-block-cover__background has-white-background-color has-background-dim-80 has-background-dim\"><\/span><img loading=\"lazy\" decoding=\"async\" width=\"512\" height=\"512\" class=\"wp-block-cover__image-background wp-image-21\" alt=\"\" src=\"https:\/\/ifpbm.org\/wp-content\/uploads\/2023\/01\/cropped-favicon-transparent-1.png\" data-object-fit=\"cover\" srcset=\"https:\/\/ifpbm.org\/wp-content\/uploads\/sites\/2\/2023\/01\/cropped-favicon-transparent-1.png 512w, https:\/\/ifpbm.org\/wp-content\/uploads\/sites\/2\/2023\/01\/cropped-favicon-transparent-1-300x300.png 300w, https:\/\/ifpbm.org\/wp-content\/uploads\/sites\/2\/2023\/01\/cropped-favicon-transparent-1-150x150.png 150w, https:\/\/ifpbm.org\/wp-content\/uploads\/sites\/2\/2023\/01\/cropped-favicon-transparent-1-270x270.png 270w, https:\/\/ifpbm.org\/wp-content\/uploads\/sites\/2\/2023\/01\/cropped-favicon-transparent-1-192x192.png 192w, https:\/\/ifpbm.org\/wp-content\/uploads\/sites\/2\/2023\/01\/cropped-favicon-transparent-1-180x180.png 180w, https:\/\/ifpbm.org\/wp-content\/uploads\/sites\/2\/2023\/01\/cropped-favicon-transparent-1-32x32.png 32w\" sizes=\"auto, (max-width: 512px) 100vw, 512px\" \/><div class=\"wp-block-cover__inner-container is-layout-flow wp-block-cover-is-layout-flow\">\n<p class=\"has-text-align-center has-red-color has-text-color\"><em>Gest\u00e3o do sangue dos doentes <\/em><\/p>\n\n\n\n<p class=\"has-black-color has-text-color\">\u00e9 uma abordagem centrada no doente, sistem\u00e1tica e baseada em provas, que visa melhorar os resultados dos doentes atrav\u00e9s da gest\u00e3o e preserva\u00e7\u00e3o do seu pr\u00f3prio sangue, promovendo simultaneamente a seguran\u00e7a e a capacita\u00e7\u00e3o do doente.<\/p>\n<\/div><\/div>\n<\/div>\n<\/div>\n\n\n\n<div class=\"wp-block-columns is-layout-flex wp-container-core-columns-is-layout-9d6595d7 wp-block-columns-is-layout-flex\">\n<div class=\"wp-block-column is-layout-flow wp-block-column-is-layout-flow\">\n<h2 class=\"wp-block-heading has-red-color has-text-color\">Normas em evolu\u00e7\u00e3o  <\/h2>\n\n\n\n<p>A mudan\u00e7a da pr\u00e1tica de transfus\u00e3o padr\u00e3o para a Gest\u00e3o do Sangue do Doente (PBM) est\u00e1 a ganhar for\u00e7a em todo o mundo. A Organiza\u00e7\u00e3o Mundial de Sa\u00fade (OMS) salientou a import\u00e2ncia da gest\u00e3o do sangue dos doentes e a Comiss\u00e3o Europeia publicou dois guias sobre a gest\u00e3o do sangue dos doentes. Na Austr\u00e1lia, a Autoridade Nacional do Sangue publicou directrizes para a aplica\u00e7\u00e3o da PBM. No entanto, trata-se de uma &#8220;mudan\u00e7a de paradigma&#8221; que levar\u00e1 tempo a tornar-se finalmente o novo &#8220;padr\u00e3o de excel\u00eancia&#8221; dos cuidados de sa\u00fade.  <\/p>\n\n\n\n<p>Organiza\u00e7\u00f5es como a International Foundation for Patient Blood Management est\u00e3o na linha da frente desta mudan\u00e7a. Criada em 2015 como uma funda\u00e7\u00e3o su\u00ed\u00e7a sem fins lucrativos, o objetivo da Funda\u00e7\u00e3o \u00e9 melhorar os resultados dos doentes atrav\u00e9s da promo\u00e7\u00e3o, expans\u00e3o e melhoria da PBM baseada em provas na pr\u00e1tica cl\u00ednica. Orientada pelos maiores especialistas mundiais em PBM e fundamentada na valida\u00e7\u00e3o cient\u00edfica e na pr\u00e1tica baseada em provas, a Funda\u00e7\u00e3o promove a educa\u00e7\u00e3o e a forma\u00e7\u00e3o para permitir a mudan\u00e7a.<\/p>\n<\/div>\n\n\n\n<div class=\"wp-block-column is-vertically-aligned-center is-layout-flow wp-block-column-is-layout-flow\">\n<figure class=\"wp-block-image aligncenter size-large is-resized\"><img loading=\"lazy\" decoding=\"async\" src=\"https:\/\/ifpbm.org\/wp-content\/uploads\/sites\/2\/2023\/07\/animation_frame-1024x817.webp\" alt=\"\" class=\"wp-image-17028\" width=\"512\" height=\"409\" srcset=\"https:\/\/ifpbm.org\/wp-content\/uploads\/sites\/2\/2023\/07\/animation_frame-1024x817.webp 1024w, https:\/\/ifpbm.org\/wp-content\/uploads\/sites\/2\/2023\/07\/animation_frame-300x239.webp 300w, https:\/\/ifpbm.org\/wp-content\/uploads\/sites\/2\/2023\/07\/animation_frame-768x613.webp 768w, https:\/\/ifpbm.org\/wp-content\/uploads\/sites\/2\/2023\/07\/animation_frame-1536x1225.webp 1536w, https:\/\/ifpbm.org\/wp-content\/uploads\/sites\/2\/2023\/07\/animation_frame-2048x1634.webp 2048w\" sizes=\"auto, (max-width: 512px) 100vw, 512px\" \/><\/figure>\n<\/div>\n<\/div>\n<\/div>\n\n<div class=\"wp-block-kadence-spacer aligncenter kt-block-spacer-_d10c6e-0e\"><div class=\"kt-block-spacer kt-block-spacer-halign-center\"><hr class=\"kt-divider\"><\/div><\/div>\n\n<figure class=\"wp-block-image aligncenter size-full is-resized\"><a href=\"https:\/\/siapbm.com\/\" target=\"_blank\" rel=\"noreferrer noopener\"><img loading=\"lazy\" decoding=\"async\" src=\"https:\/\/ifpbm.org\/wp-content\/uploads\/sites\/2\/2023\/11\/SIAPBM_cofounder.webp\" alt=\"\" class=\"wp-image-17393\" width=\"500\" height=\"66\" srcset=\"https:\/\/ifpbm.org\/wp-content\/uploads\/sites\/2\/2023\/11\/SIAPBM_cofounder.webp 1000w, https:\/\/ifpbm.org\/wp-content\/uploads\/sites\/2\/2023\/11\/SIAPBM_cofounder-300x39.webp 300w, https:\/\/ifpbm.org\/wp-content\/uploads\/sites\/2\/2023\/11\/SIAPBM_cofounder-768x101.webp 768w\" sizes=\"auto, (max-width: 500px) 100vw, 500px\" \/><\/a><\/figure>\n","protected":false},"excerpt":{"rendered":"<p>O que todos devem saber sobre a gest\u00e3o do sangue dos doentes Informa\u00e7\u00f5es para profissionais de sa\u00fade Passos para implementar a gest\u00e3o do sangue dos doentes Funda\u00e7\u00e3o Internacional para a Gest\u00e3o do Sangue dos Doentes A International Foundation for Patient Blood Management (Funda\u00e7\u00e3o Internacional para a Gest\u00e3o do Sangue do Doente) est\u00e1 empenhada em assegurar <a href=\"https:\/\/ifpbm.org\/pt-pt\/\">[&#8230;]<\/a><\/p>\n","protected":false},"author":1,"featured_media":17437,"parent":0,"menu_order":0,"comment_status":"closed","ping_status":"closed","template":"","meta":{"footnotes":""},"class_list":["post-18342","page","type-page","status-publish","has-post-thumbnail","hentry"],"acf":[],"_links":{"self":[{"href":"https:\/\/ifpbm.org\/pt-pt\/wp-json\/wp\/v2\/pages\/18342","targetHints":{"allow":["GET"]}}],"collection":[{"href":"https:\/\/ifpbm.org\/pt-pt\/wp-json\/wp\/v2\/pages"}],"about":[{"href":"https:\/\/ifpbm.org\/pt-pt\/wp-json\/wp\/v2\/types\/page"}],"author":[{"embeddable":true,"href":"https:\/\/ifpbm.org\/pt-pt\/wp-json\/wp\/v2\/users\/1"}],"replies":[{"embeddable":true,"href":"https:\/\/ifpbm.org\/pt-pt\/wp-json\/wp\/v2\/comments?post=18342"}],"version-history":[{"count":2,"href":"https:\/\/ifpbm.org\/pt-pt\/wp-json\/wp\/v2\/pages\/18342\/revisions"}],"predecessor-version":[{"id":18353,"href":"https:\/\/ifpbm.org\/pt-pt\/wp-json\/wp\/v2\/pages\/18342\/revisions\/18353"}],"wp:featuredmedia":[{"embeddable":true,"href":"https:\/\/ifpbm.org\/pt-pt\/wp-json\/wp\/v2\/media\/17437"}],"wp:attachment":[{"href":"https:\/\/ifpbm.org\/pt-pt\/wp-json\/wp\/v2\/media?parent=18342"}],"curies":[{"name":"wp","href":"https:\/\/api.w.org\/{rel}","templated":true}]}}