
{"id":18318,"date":"2023-01-31T09:20:38","date_gmt":"2023-01-31T09:20:38","guid":{"rendered":"https:\/\/ifpbm.org\/sobre\/"},"modified":"2024-03-25T19:22:46","modified_gmt":"2024-03-25T19:22:46","slug":"sobre","status":"publish","type":"page","link":"https:\/\/ifpbm.org\/pt-pt\/sobre\/","title":{"rendered":"Sobre"},"content":{"rendered":"\n<div class=\"wp-block-columns are-vertically-aligned-top about is-layout-flex wp-container-core-columns-is-layout-9d6595d7 wp-block-columns-is-layout-flex\">\n<div class=\"wp-block-column is-vertically-aligned-top about-navigation is-content-justification-left is-layout-constrained wp-container-core-column-is-layout-8c890d92 wp-block-column-is-layout-constrained\" style=\"flex-basis:20%\"><nav class=\"is-vertical sidebar-navigation wp-block-navigation is-layout-flex wp-container-core-navigation-is-layout-8cf370e7 wp-block-navigation-is-layout-flex\" aria-label=\"Navega\u00e7\u00e3o na barra lateral\"><ul class=\"wp-block-navigation__container  is-vertical sidebar-navigation wp-block-navigation\"><li data-wp-context=\"{ &quot;submenuOpenedBy&quot;: { &quot;click&quot;: false, &quot;hover&quot;: false, &quot;focus&quot;: false }, &quot;type&quot;: &quot;submenu&quot;, &quot;modal&quot;: null }\" data-wp-interactive=\"core\/navigation\" data-wp-on--focusout=\"actions.handleMenuFocusout\" data-wp-on--keydown=\"actions.handleMenuKeydown\" data-wp-on-async--mouseenter=\"actions.openMenuOnHover\" data-wp-on-async--mouseleave=\"actions.closeMenuOnHover\" data-wp-watch=\"callbacks.initMenu\" tabindex=\"-1\" class=\"wp-block-navigation-item has-child open-on-hover-click sidebar-navigation__learn wp-block-navigation-submenu\"><a class=\"wp-block-navigation-item__content\" href=\"https:\/\/patientbloodmanagement.org\/learn\/\"><span class=\"wp-block-navigation-item__label\">Aprenda<\/span><\/a><button data-wp-bind--aria-expanded=\"state.isMenuOpen\" data-wp-on-async--click=\"actions.toggleMenuOnClick\" aria-label=\"Submenu de Aprenda\" class=\"wp-block-navigation__submenu-icon wp-block-navigation-submenu__toggle\" ><svg xmlns=\"http:\/\/www.w3.org\/2000\/svg\" width=\"12\" height=\"12\" viewBox=\"0 0 12 12\" fill=\"none\" aria-hidden=\"true\" focusable=\"false\"><path d=\"M1.50002 4L6.00002 8L10.5 4\" stroke-width=\"1.5\"><\/path><\/svg><\/button><ul data-wp-on-async--focus=\"actions.openMenuOnFocus\" class=\"wp-block-navigation__submenu-container sidebar-navigation__learn wp-block-navigation-submenu\"><li data-wp-context=\"{ &quot;submenuOpenedBy&quot;: { &quot;click&quot;: false, &quot;hover&quot;: false, &quot;focus&quot;: false }, &quot;type&quot;: &quot;submenu&quot;, &quot;modal&quot;: null }\" data-wp-interactive=\"core\/navigation\" data-wp-on--focusout=\"actions.handleMenuFocusout\" data-wp-on--keydown=\"actions.handleMenuKeydown\" data-wp-on-async--mouseenter=\"actions.openMenuOnHover\" data-wp-on-async--mouseleave=\"actions.closeMenuOnHover\" data-wp-watch=\"callbacks.initMenu\" tabindex=\"-1\" class=\"wp-block-navigation-item has-child open-on-hover-click wp-block-navigation-submenu\"><a class=\"wp-block-navigation-item__content\" href=\"https:\/\/patientbloodmanagement.org\/learn\/what-is-patient-blood-management\/\"><span class=\"wp-block-navigation-item__label\">O que \u00e9 PBM?<\/span><\/a><button data-wp-bind--aria-expanded=\"state.isMenuOpen\" data-wp-on-async--click=\"actions.toggleMenuOnClick\" aria-label=\"Submenu de O que \u00e9 PBM?\" class=\"wp-block-navigation__submenu-icon wp-block-navigation-submenu__toggle\" ><svg xmlns=\"http:\/\/www.w3.org\/2000\/svg\" width=\"12\" height=\"12\" viewBox=\"0 0 12 12\" fill=\"none\" aria-hidden=\"true\" focusable=\"false\"><path d=\"M1.50002 4L6.00002 8L10.5 4\" stroke-width=\"1.5\"><\/path><\/svg><\/button><ul data-wp-on-async--focus=\"actions.openMenuOnFocus\" class=\"wp-block-navigation__submenu-container wp-block-navigation-submenu\"><li class=\" wp-block-navigation-item wp-block-navigation-link\"><a class=\"wp-block-navigation-item__content\"  href=\"https:\/\/patientbloodmanagement.org\/learn\/the-history-of-patient-blood-management\/\"><span class=\"wp-block-navigation-item__label\">Hist\u00f3ria da PBM<\/span><\/a><\/li><\/ul><\/li><li data-wp-context=\"{ &quot;submenuOpenedBy&quot;: { &quot;click&quot;: false, &quot;hover&quot;: false, &quot;focus&quot;: false }, &quot;type&quot;: &quot;submenu&quot;, &quot;modal&quot;: null }\" data-wp-interactive=\"core\/navigation\" data-wp-on--focusout=\"actions.handleMenuFocusout\" data-wp-on--keydown=\"actions.handleMenuKeydown\" data-wp-on-async--mouseenter=\"actions.openMenuOnHover\" data-wp-on-async--mouseleave=\"actions.closeMenuOnHover\" data-wp-watch=\"callbacks.initMenu\" tabindex=\"-1\" class=\"wp-block-navigation-item has-child open-on-hover-click wp-block-navigation-submenu\"><a class=\"wp-block-navigation-item__content\" href=\"https:\/\/patientbloodmanagement.org\/learn\/patient-advice\/\"><span class=\"wp-block-navigation-item__label\">Conselhos aos doentes<\/span><\/a><button data-wp-bind--aria-expanded=\"state.isMenuOpen\" data-wp-on-async--click=\"actions.toggleMenuOnClick\" aria-label=\"Submenu de Conselhos aos doentes\" class=\"wp-block-navigation__submenu-icon wp-block-navigation-submenu__toggle\" ><svg xmlns=\"http:\/\/www.w3.org\/2000\/svg\" width=\"12\" height=\"12\" viewBox=\"0 0 12 12\" fill=\"none\" aria-hidden=\"true\" focusable=\"false\"><path d=\"M1.50002 4L6.00002 8L10.5 4\" stroke-width=\"1.5\"><\/path><\/svg><\/button><ul data-wp-on-async--focus=\"actions.openMenuOnFocus\" class=\"wp-block-navigation__submenu-container wp-block-navigation-submenu\"><li class=\" wp-block-navigation-item wp-block-navigation-link\"><a class=\"wp-block-navigation-item__content\"  href=\"https:\/\/patientbloodmanagement.org\/learn\/patient-advice\/why-your-blood-is-important\/\"><span class=\"wp-block-navigation-item__label\">Import\u00e2ncia do sangue<\/span><\/a><\/li><li class=\" wp-block-navigation-item wp-block-navigation-link\"><a class=\"wp-block-navigation-item__content\"  href=\"https:\/\/patientbloodmanagement.org\/learn\/patient-advice\/what-your-doctor-should-tell-you\/\"><span class=\"wp-block-navigation-item__label\">O que o seu m\u00e9dico lhe deve dizer<\/span><\/a><\/li><li class=\" wp-block-navigation-item wp-block-navigation-link\"><a class=\"wp-block-navigation-item__content\"  href=\"https:\/\/patientbloodmanagement.org\/learn\/patient-advice\/how-to-manage-the-doctor-patient-relationship\/\"><span class=\"wp-block-navigation-item__label\">Rela\u00e7\u00e3o m\u00e9dico\/paciente<\/span><\/a><\/li><li class=\" wp-block-navigation-item wp-block-navigation-link\"><a class=\"wp-block-navigation-item__content\"  href=\"https:\/\/patientbloodmanagement.org\/learn\/patient-advice\/two-simple-questions-to-ask-your-doctor\/\"><span class=\"wp-block-navigation-item__label\">3 perguntas simples para fazer ao seu m\u00e9dico<\/span><\/a><\/li><\/ul><\/li><li data-wp-context=\"{ &quot;submenuOpenedBy&quot;: { &quot;click&quot;: false, &quot;hover&quot;: false, &quot;focus&quot;: false }, &quot;type&quot;: &quot;submenu&quot;, &quot;modal&quot;: null }\" data-wp-interactive=\"core\/navigation\" data-wp-on--focusout=\"actions.handleMenuFocusout\" data-wp-on--keydown=\"actions.handleMenuKeydown\" data-wp-on-async--mouseenter=\"actions.openMenuOnHover\" data-wp-on-async--mouseleave=\"actions.closeMenuOnHover\" data-wp-watch=\"callbacks.initMenu\" tabindex=\"-1\" class=\"wp-block-navigation-item has-child open-on-hover-click wp-block-navigation-submenu\"><a class=\"wp-block-navigation-item__content\" href=\"https:\/\/patientbloodmanagement.org\/learn\/patient-blood-management-for-clinicians\/\"><span class=\"wp-block-navigation-item__label\">PBM &#8211; Profissionais de sa\u00fade<\/span><\/a><button data-wp-bind--aria-expanded=\"state.isMenuOpen\" data-wp-on-async--click=\"actions.toggleMenuOnClick\" aria-label=\"Submenu de PBM - Profissionais de sa\u00fade\" class=\"wp-block-navigation__submenu-icon wp-block-navigation-submenu__toggle\" ><svg xmlns=\"http:\/\/www.w3.org\/2000\/svg\" width=\"12\" height=\"12\" viewBox=\"0 0 12 12\" fill=\"none\" aria-hidden=\"true\" focusable=\"false\"><path d=\"M1.50002 4L6.00002 8L10.5 4\" stroke-width=\"1.5\"><\/path><\/svg><\/button><ul data-wp-on-async--focus=\"actions.openMenuOnFocus\" class=\"wp-block-navigation__submenu-container wp-block-navigation-submenu\"><li class=\" wp-block-navigation-item wp-block-navigation-link\"><a class=\"wp-block-navigation-item__content\"  href=\"https:\/\/patientbloodmanagement.org\/learn\/patient-blood-management-for-clinicians\/patient-blood-management-how-ifpbm-can-support-you\/\"><span class=\"wp-block-navigation-item__label\">Como \u00e9 que o IFPBM o pode apoiar?<\/span><\/a><\/li><li class=\" wp-block-navigation-item wp-block-navigation-link\"><a class=\"wp-block-navigation-item__content\"  href=\"https:\/\/patientbloodmanagement.org\/learn\/patient-blood-management-for-clinicians\/what-you-should-know-about-pbm\/\"><span class=\"wp-block-navigation-item__label\">Saiba mais sobre o PBM<\/span><\/a><\/li><li class=\" wp-block-navigation-item wp-block-navigation-link\"><a class=\"wp-block-navigation-item__content\"  href=\"https:\/\/ifpbm.org\/about\/contribute-to-ifpbm-research\/\"><span class=\"wp-block-navigation-item__label\">Investiga\u00e7\u00e3o<\/span><\/a><\/li><\/ul><\/li><\/ul><\/li><li data-wp-context=\"{ &quot;submenuOpenedBy&quot;: { &quot;click&quot;: false, &quot;hover&quot;: false, &quot;focus&quot;: false }, &quot;type&quot;: &quot;submenu&quot;, &quot;modal&quot;: null }\" data-wp-interactive=\"core\/navigation\" data-wp-on--focusout=\"actions.handleMenuFocusout\" data-wp-on--keydown=\"actions.handleMenuKeydown\" data-wp-on-async--mouseenter=\"actions.openMenuOnHover\" data-wp-on-async--mouseleave=\"actions.closeMenuOnHover\" data-wp-watch=\"callbacks.initMenu\" tabindex=\"-1\" class=\"wp-block-navigation-item has-child open-on-hover-click sidebar-navigation__resources wp-block-navigation-submenu\"><a class=\"wp-block-navigation-item__content\" href=\"https:\/\/patientbloodmanagement.org\/resources\/\" title=\"\"><span class=\"wp-block-navigation-item__label\">Recursos profissionais do IFPBM<\/span><\/a><button data-wp-bind--aria-expanded=\"state.isMenuOpen\" data-wp-on-async--click=\"actions.toggleMenuOnClick\" aria-label=\"Submenu de Recursos profissionais do IFPBM\" class=\"wp-block-navigation__submenu-icon wp-block-navigation-submenu__toggle\" ><svg xmlns=\"http:\/\/www.w3.org\/2000\/svg\" width=\"12\" height=\"12\" viewBox=\"0 0 12 12\" fill=\"none\" aria-hidden=\"true\" focusable=\"false\"><path d=\"M1.50002 4L6.00002 8L10.5 4\" stroke-width=\"1.5\"><\/path><\/svg><\/button><ul data-wp-on-async--focus=\"actions.openMenuOnFocus\" class=\"wp-block-navigation__submenu-container sidebar-navigation__resources wp-block-navigation-submenu\"><li class=\" wp-block-navigation-item wp-block-navigation-link\"><a class=\"wp-block-navigation-item__content\"  href=\"https:\/\/patientbloodmanagement.org\/r\/articles\"><span class=\"wp-block-navigation-item__label\">Artigos<\/span><\/a><\/li><li class=\" wp-block-navigation-item wp-block-navigation-link\"><a class=\"wp-block-navigation-item__content\"  href=\"https:\/\/patientbloodmanagement.org\/r\/videos\"><span class=\"wp-block-navigation-item__label\">V\u00eddeos<\/span><\/a><\/li><li class=\" wp-block-navigation-item wp-block-navigation-link\"><a class=\"wp-block-navigation-item__content\"  href=\"https:\/\/patientbloodmanagement.org\/r\/textbooks\"><span class=\"wp-block-navigation-item__label\">Livros did\u00e1cticos<\/span><\/a><\/li><li class=\" wp-block-navigation-item wp-block-navigation-link\"><a class=\"wp-block-navigation-item__content\"  href=\"https:\/\/patientbloodmanagement.org\/r\/guidelines\"><span class=\"wp-block-navigation-item__label\">Directrizes<\/span><\/a><\/li><li class=\" wp-block-navigation-item wp-block-navigation-link\"><a class=\"wp-block-navigation-item__content\"  href=\"https:\/\/patientbloodmanagement.org\/r\/conferences\/\"><span class=\"wp-block-navigation-item__label\">Confer\u00eancias<\/span><\/a><\/li><li class=\" wp-block-navigation-item wp-block-navigation-link\"><a class=\"wp-block-navigation-item__content\"  href=\"https:\/\/patientbloodmanagement.org\/speakers\/\"><span class=\"wp-block-navigation-item__label\">Altifalantes<\/span><\/a><\/li><li class=\" wp-block-navigation-item wp-block-navigation-link\"><a class=\"wp-block-navigation-item__content\"  href=\"https:\/\/patientbloodmanagement.org\/r\/links\"><span class=\"wp-block-navigation-item__label\">Liga\u00e7\u00f5es<\/span><\/a><\/li><\/ul><\/li><li data-wp-context=\"{ &quot;submenuOpenedBy&quot;: { &quot;click&quot;: false, &quot;hover&quot;: false, &quot;focus&quot;: false }, &quot;type&quot;: &quot;submenu&quot;, &quot;modal&quot;: null }\" data-wp-interactive=\"core\/navigation\" data-wp-on--focusout=\"actions.handleMenuFocusout\" data-wp-on--keydown=\"actions.handleMenuKeydown\" data-wp-on-async--mouseenter=\"actions.openMenuOnHover\" data-wp-on-async--mouseleave=\"actions.closeMenuOnHover\" data-wp-watch=\"callbacks.initMenu\" tabindex=\"-1\" class=\"wp-block-navigation-item has-child open-on-hover-click sidebar-navigation__about wp-block-navigation-submenu\"><a class=\"wp-block-navigation-item__content\" href=\"https:\/\/ifpbm.org\/about\/\"><span class=\"wp-block-navigation-item__label\">Sobre<\/span><\/a><button data-wp-bind--aria-expanded=\"state.isMenuOpen\" data-wp-on-async--click=\"actions.toggleMenuOnClick\" aria-label=\"Submenu de Sobre\" class=\"wp-block-navigation__submenu-icon wp-block-navigation-submenu__toggle\" ><svg xmlns=\"http:\/\/www.w3.org\/2000\/svg\" width=\"12\" height=\"12\" viewBox=\"0 0 12 12\" fill=\"none\" aria-hidden=\"true\" focusable=\"false\"><path d=\"M1.50002 4L6.00002 8L10.5 4\" stroke-width=\"1.5\"><\/path><\/svg><\/button><ul data-wp-on-async--focus=\"actions.openMenuOnFocus\" class=\"wp-block-navigation__submenu-container sidebar-navigation__about wp-block-navigation-submenu\"><li data-wp-context=\"{ &quot;submenuOpenedBy&quot;: { &quot;click&quot;: false, &quot;hover&quot;: false, &quot;focus&quot;: false }, &quot;type&quot;: &quot;submenu&quot;, &quot;modal&quot;: null }\" data-wp-interactive=\"core\/navigation\" data-wp-on--focusout=\"actions.handleMenuFocusout\" data-wp-on--keydown=\"actions.handleMenuKeydown\" data-wp-on-async--mouseenter=\"actions.openMenuOnHover\" data-wp-on-async--mouseleave=\"actions.closeMenuOnHover\" data-wp-watch=\"callbacks.initMenu\" tabindex=\"-1\" class=\"wp-block-navigation-item has-child open-on-hover-click wp-block-navigation-submenu\"><a class=\"wp-block-navigation-item__content\" href=\"https:\/\/ifpbm.org\/board-trustees\/\"><span class=\"wp-block-navigation-item__label\">Conselho de Administra\u00e7\u00e3o<\/span><\/a><button data-wp-bind--aria-expanded=\"state.isMenuOpen\" data-wp-on-async--click=\"actions.toggleMenuOnClick\" aria-label=\"Submenu de Conselho de Administra\u00e7\u00e3o\" class=\"wp-block-navigation__submenu-icon wp-block-navigation-submenu__toggle\" ><svg xmlns=\"http:\/\/www.w3.org\/2000\/svg\" width=\"12\" height=\"12\" viewBox=\"0 0 12 12\" fill=\"none\" aria-hidden=\"true\" focusable=\"false\"><path d=\"M1.50002 4L6.00002 8L10.5 4\" stroke-width=\"1.5\"><\/path><\/svg><\/button><ul data-wp-on-async--focus=\"actions.openMenuOnFocus\" class=\"wp-block-navigation__submenu-container wp-block-navigation-submenu\"><li class=\" wp-block-navigation-item wp-block-navigation-link\"><a class=\"wp-block-navigation-item__content\"  href=\"https:\/\/ifpbm.org\/hans-gombotz\/\"><span class=\"wp-block-navigation-item__label\">Prof. Dr. Hans Gombotz<\/span><\/a><\/li><\/ul><\/li><li class=\" wp-block-navigation-item wp-block-navigation-link\"><a class=\"wp-block-navigation-item__content\"  href=\"https:\/\/ifpbm.org\/scientific-associates\/\"><span class=\"wp-block-navigation-item__label\">Associados cient\u00edficos<\/span><\/a><\/li><li class=\" wp-block-navigation-item wp-block-navigation-link\"><a class=\"wp-block-navigation-item__content\"  href=\"https:\/\/ifpbm.org\/about\/contact-us\/\"><span class=\"wp-block-navigation-item__label\">Contacte-nos<\/span><\/a><\/li><li class=\" wp-block-navigation-item wp-block-navigation-link\"><a class=\"wp-block-navigation-item__content\"  href=\"https:\/\/ifpbm.org\/about\/network-with-ifpbm\/\"><span class=\"wp-block-navigation-item__label\">Rede<\/span><\/a><\/li><li class=\" wp-block-navigation-item wp-block-navigation-link\"><a class=\"wp-block-navigation-item__content\"  href=\"https:\/\/patientbloodmanagement.org\/ifpbm-professional-resources\/\"><span class=\"wp-block-navigation-item__label\">Apoio \/ Colabora\u00e7\u00e3o<\/span><\/a><\/li><li class=\" wp-block-navigation-item wp-block-navigation-link\"><a class=\"wp-block-navigation-item__content\"  href=\"https:\/\/ifpbm.org\/donate\/\"><span class=\"wp-block-navigation-item__label\">Doar<\/span><\/a><\/li><\/ul><\/li><\/ul><\/nav><\/div>\n\n\n\n<div class=\"wp-block-column is-vertically-aligned-top is-layout-flow wp-block-column-is-layout-flow\" style=\"padding-left:var(--wp--preset--spacing--60);flex-basis:80%\">\n<div class=\"wp-block-columns about-content is-layout-flex wp-container-core-columns-is-layout-9d6595d7 wp-block-columns-is-layout-flex\">\n<div class=\"wp-block-column about-content__text is-layout-flow wp-block-column-is-layout-flow\">\n<h1 class=\"wp-block-heading\" id=\"about-ifpbm\">Sobre o IFPBM<\/h1>\n\n\n\n<figure class=\"wp-block-video video-width-full\"><video controls=\"\" poster=\"https:\/\/ifpbm.org\/wp-content\/uploads\/sites\/2\/2023\/07\/poster_who_is_ifpbm.webp\" src=\"https:\/\/ifpbm.org\/wp-content\/uploads\/sites\/2\/2023\/06\/who_is_ifpbm.mp4\"><\/video><figcaption class=\"wp-element-caption\"><strong>Quem \u00e9 o IFPBM?<\/strong> Duration: 0:51 &#8211; <a rel=\"noreferrer noopener\" href=\"https:\/\/ifpbm.org\/images\/videos\/who_is_ifpbm_chinese.mp4\" target=\"_blank\">Veja o v\u00eddeo em chin\u00eas<\/a> (Abre numa nova janela)<\/figcaption><\/figure>\n\n\n\n<p>A International Foundation for Patient Blood Management (Funda\u00e7\u00e3o Internacional para a Gest\u00e3o do Sangue dos Doentes) \u00e9 uma organiza\u00e7\u00e3o multifacetada cujo objetivo principal \u00e9 melhorar a seguran\u00e7a e os resultados dos doentes atrav\u00e9s de uma gest\u00e3o \u00f3ptima do sangue dos doentes.<\/p>\n\n\n\n<p><strong>O nosso objetivo \u00e9 estabelecer e organizar uma rede profissional de l\u00edderes de opini\u00e3o internacionais bem publicados no dom\u00ednio da gest\u00e3o do sangue dos doentes.<\/strong><\/p>\n\n\n\n<p>O objetivo da Funda\u00e7\u00e3o \u00e9 melhorar os resultados dos doentes atrav\u00e9s da promo\u00e7\u00e3o, expans\u00e3o e melhoria da Gest\u00e3o do Sangue dos Doentes baseada em provas na pr\u00e1tica cl\u00ednica. Orientada pelos maiores especialistas mundiais em PBM e assente na valida\u00e7\u00e3o cient\u00edfica e na pr\u00e1tica baseada em provas, a funda\u00e7\u00e3o promove a educa\u00e7\u00e3o e a forma\u00e7\u00e3o em PBM para permitir a mudan\u00e7a.<\/p>\n\n\n\n<h2 class=\"wp-block-heading sticky-heading\" id=\"managing\">Gest\u00e3o<\/h2>\n\n\n\n<p>Gerir os conhecimentos em mat\u00e9ria de PBM atrav\u00e9s da divulga\u00e7\u00e3o orientada, cont\u00ednua e organizada de provas emergentes de PBM a audi\u00eancias relevantes em v\u00e1rias l\u00ednguas, incluindo artigos, estudos, algoritmos cl\u00ednicos revistos por pares, procedimentos, protocolos, ferramentas de apoio \u00e0 tomada de decis\u00f5es e directrizes e atrav\u00e9s da cria\u00e7\u00e3o de materiais e ferramentas semelhantes ou similares a partir das provas dispon\u00edveis.<\/p>\n\n\n\n<h2 class=\"wp-block-heading sticky-heading\" id=\"generating\">Gera\u00e7\u00e3o<\/h2>\n\n\n\n<p>Gera\u00e7\u00e3o de conhecimentos sobre PBM atrav\u00e9s da identifica\u00e7\u00e3o de necessidades n\u00e3o satisfeitas dos doentes e de lacunas de conhecimento relacionadas com a PBM, motivada pela conce\u00e7\u00e3o e\/ou facilita\u00e7\u00e3o das actividades de investiga\u00e7\u00e3o correspondentes e pela publica\u00e7\u00e3o dos seus resultados com revis\u00e3o por pares.<\/p>\n\n\n\n<h2 class=\"wp-block-heading sticky-heading\" id=\"transferring\">Transfer\u00eancia<\/h2>\n\n\n\n<p>Transfer\u00eancia de conhecimentos sobre PBM atrav\u00e9s do desenvolvimento de m\u00f3dulos de educa\u00e7\u00e3o m\u00e9dica cont\u00ednua (EMC), curr\u00edculos de p\u00f3s-gradua\u00e7\u00e3o e de licenciatura, ferramentas educativas como v\u00eddeos e ferramentas de aprendizagem eletr\u00f3nica, palestras, semin\u00e1rios e simp\u00f3sios com uma equipa multidisciplinar, multiprofissional e multilingue de especialistas internacionais em PBM.<\/p>\n\n\n\n<h2 class=\"wp-block-heading sticky-heading\" id=\"implementing\">Implementa\u00e7\u00e3o<\/h2>\n\n\n\n<p>Implementar ou apoiar a implementa\u00e7\u00e3o do PBM a n\u00edvel institucional e em iniciativas e programas governamentais de \u00e2mbito estatal.<\/p>\n\n\n\n<h2 class=\"wp-block-heading sticky-heading\" id=\"consulting\">Consultoria<\/h2>\n\n\n\n<p>Consultar outras sociedades e organiza\u00e7\u00f5es m\u00e9dicas profissionais, institui\u00e7\u00f5es p\u00fablicas, ONG e autoridades de sa\u00fade p\u00fablica em todas as quest\u00f5es relacionadas com a PBM.<\/p>\n\n\n\n<h2 class=\"wp-block-heading sticky-heading\" id=\"pooling\">Agrupamento<\/h2>\n\n\n\n<p>Reunir conhecimentos sobre PBM atrav\u00e9s de uma base de dados pesquis\u00e1vel em linha regularmente actualizada de artigos e materiais relacionados com PBM revistos por pares para p\u00fablicos relevantes, incluindo, entre outros, cl\u00ednicos, administradores hospitalares e autoridades de sa\u00fade p\u00fablica.<\/p>\n\n\n\n<p><\/p>\n\n\n\n<h2 class=\"wp-block-heading\">Trabalhe em rede com o IFPBM<\/h2>\n\n\n\n<p>A International Foundation for Patient Blood Management (Funda\u00e7\u00e3o Internacional para a Gest\u00e3o do Sangue dos Doentes) \u00e9 o centro mundial de conhecimentos sobre a Gest\u00e3o do Sangue dos Doentes.<\/p>\n\n\n\n<p>A Funda\u00e7\u00e3o fornece os conhecimentos e recursos necess\u00e1rios para ajudar os doentes, os profissionais de sa\u00fade e as organiza\u00e7\u00f5es a compreenderem e implementarem com \u00eaxito a Gest\u00e3o do Sangue dos Doentes.<\/p>\n\n\n\n<p><strong>Se voc\u00ea ou a sua organiza\u00e7\u00e3o gostariam de nos ajudar no nosso trabalho, considere a op\u00e7\u00e3o de <a href=\"https:\/\/ifpbm.org\/pt-pt\/faca-um-donativo-a-fundacao-internacional-para-a-gestao-do-sangue-dos-doentes-2\/\">Doar<\/a> ou tornar-se um <a href=\"https:\/\/patientbloodmanagement.org\/ifpbm-professional-resources\/\">Patrocinador<\/a><\/strong>.<\/p>\n<\/div>\n\n\n\n<div class=\"wp-block-column about-page-lifesaver__container is-layout-flow wp-block-column-is-layout-flow\"><div class=\"about-page-lifesaver\">\n    <img decoding=\"async\" id=\"managing-img\" src=\"https:\/\/ifpbm.org\/wp-content\/themes\/ifpbm-theme\/assets\/images\/lifesaver-assets\/1-managing.png\" alt=\"Managing\">\n    <img decoding=\"async\" id=\"generating-img\" src=\"https:\/\/ifpbm.org\/wp-content\/themes\/ifpbm-theme\/assets\/images\/lifesaver-assets\/2-generating.png\" alt=\"Generating\">\n    <img decoding=\"async\" id=\"transferring-img\" src=\"https:\/\/ifpbm.org\/wp-content\/themes\/ifpbm-theme\/assets\/images\/lifesaver-assets\/3-transferring.png\" alt=\"Transferring\">\n    <img decoding=\"async\" id=\"implementing-img\" src=\"https:\/\/ifpbm.org\/wp-content\/themes\/ifpbm-theme\/assets\/images\/lifesaver-assets\/4-implementing.png\" alt=\"Implementing\">\n    <img decoding=\"async\" id=\"consulting-img\" src=\"https:\/\/ifpbm.org\/wp-content\/themes\/ifpbm-theme\/assets\/images\/lifesaver-assets\/5-consulting.png\" alt=\"Consulting\">\n    <img decoding=\"async\" id=\"pooling-img\" src=\"https:\/\/ifpbm.org\/wp-content\/themes\/ifpbm-theme\/assets\/images\/lifesaver-assets\/6-pooling.png\" alt=\"Pooling\">\n    <img decoding=\"async\" id=\"bottom-img\" src=\"https:\/\/ifpbm.org\/wp-content\/themes\/ifpbm-theme\/assets\/images\/lifesaver-assets\/Z1-bottom-layer.png\" alt=\"\">\n    <img decoding=\"async\" class=\"visible\" id=\"about-ifpbm-img\" src=\"https:\/\/ifpbm.org\/wp-content\/themes\/ifpbm-theme\/assets\/images\/lifesaver-assets\/Z2-all-saturated.png\" alt=\"\">\n    <img decoding=\"async\" id=\"all-desaturated-img\" src=\"https:\/\/ifpbm.org\/wp-content\/themes\/ifpbm-theme\/assets\/images\/lifesaver-assets\/Z3-all-desaturated.png\" alt=\"\">\n<\/div>\n\n<\/div>\n<\/div>\n<\/div>\n<\/div>\n","protected":false},"excerpt":{"rendered":"<p>Sobre o IFPBM A International Foundation for Patient Blood Management (Funda\u00e7\u00e3o Internacional para a Gest\u00e3o do Sangue dos Doentes) \u00e9 uma organiza\u00e7\u00e3o multifacetada cujo objetivo principal \u00e9 melhorar a seguran\u00e7a e os resultados dos doentes atrav\u00e9s de uma gest\u00e3o \u00f3ptima do sangue dos doentes. O nosso objetivo \u00e9 estabelecer e organizar uma rede profissional de <a href=\"https:\/\/ifpbm.org\/pt-pt\/sobre\/\">[&#8230;]<\/a><\/p>\n","protected":false},"author":1,"featured_media":0,"parent":0,"menu_order":0,"comment_status":"closed","ping_status":"closed","template":"","meta":{"footnotes":""},"class_list":["post-18318","page","type-page","status-publish","hentry"],"acf":[],"_links":{"self":[{"href":"https:\/\/ifpbm.org\/pt-pt\/wp-json\/wp\/v2\/pages\/18318","targetHints":{"allow":["GET"]}}],"collection":[{"href":"https:\/\/ifpbm.org\/pt-pt\/wp-json\/wp\/v2\/pages"}],"about":[{"href":"https:\/\/ifpbm.org\/pt-pt\/wp-json\/wp\/v2\/types\/page"}],"author":[{"embeddable":true,"href":"https:\/\/ifpbm.org\/pt-pt\/wp-json\/wp\/v2\/users\/1"}],"replies":[{"embeddable":true,"href":"https:\/\/ifpbm.org\/pt-pt\/wp-json\/wp\/v2\/comments?post=18318"}],"version-history":[{"count":1,"href":"https:\/\/ifpbm.org\/pt-pt\/wp-json\/wp\/v2\/pages\/18318\/revisions"}],"predecessor-version":[{"id":18324,"href":"https:\/\/ifpbm.org\/pt-pt\/wp-json\/wp\/v2\/pages\/18318\/revisions\/18324"}],"wp:attachment":[{"href":"https:\/\/ifpbm.org\/pt-pt\/wp-json\/wp\/v2\/media?parent=18318"}],"curies":[{"name":"wp","href":"https:\/\/api.w.org\/{rel}","templated":true}]}}