
{"id":18202,"date":"2021-09-21T21:54:40","date_gmt":"2021-09-21T21:54:40","guid":{"rendered":"https:\/\/ifpbm.org\/prof-dr-hans-gombotz\/"},"modified":"2024-03-25T19:11:38","modified_gmt":"2024-03-25T19:11:38","slug":"prof-dr-hans-gombotz","status":"publish","type":"page","link":"https:\/\/ifpbm.org\/pt-pt\/prof-dr-hans-gombotz\/","title":{"rendered":"Prof. Dr. Hans Gombotz"},"content":{"rendered":"\n<h1 class=\"wp-block-heading\">Prof. Dr. Hans Gombotz<\/h1>\n\n<h1 class=\"wp-block-heading has-text-align-center\"><strong>OBITU\u00c1RIO<\/strong><\/h1>\n\n<figure class=\"wp-block-image aligncenter size-full\"><img loading=\"lazy\" decoding=\"async\" width=\"278\" height=\"337\" src=\"https:\/\/ifpbm.org\/wp-content\/uploads\/sites\/2\/2023\/05\/hans_gombotz_obituary.jpg\" alt=\"\" class=\"wp-image-15754\" srcset=\"https:\/\/ifpbm.org\/wp-content\/uploads\/sites\/2\/2023\/05\/hans_gombotz_obituary.jpg 278w, https:\/\/ifpbm.org\/wp-content\/uploads\/sites\/2\/2023\/05\/hans_gombotz_obituary-247x300.jpg 247w\" sizes=\"auto, (max-width: 278px) 100vw, 278px\" \/><\/figure>\n\n<p><span style=\"color: #000000\"><strong>Ap\u00f3s uma longa batalha contra o cancro e no seu 73.<sup>\u00ba<\/sup> ano de vida, o Prof. Dr. Hans Gombotz faleceu em 13 de setembro de 2021. Estamos de luto pela perda de um cientista brilhante, um par respeitado, um colega valioso, um m\u00e9dico atencioso e &#8211; para muitos &#8211; um amigo leal.  <\/strong><\/span><\/p>\n\n<p><\/p>\n\n<p>Hans nasceu e cresceu na Est\u00edria, \u00c1ustria. Em 1977, licenciou-se em Medicina na Karl-Franzens-University em Graz, \u00c1ustria, onde rapidamente se tornou especialista em Anestesiologia, Cuidados Intensivos e Medicina de Emerg\u00eancia. Em 1990, foi nomeado Professor de Anestesiologia e Medicina Intensiva na sua Universidade. Em 1995, tornou-se Chefe Associado do Departamento Cl\u00ednico de Anestesiologia Card\u00edaca, Cirurgia Vascular e Medicina Intensiva e em 1996 foi nomeado Professor Associado. Em 2001, Hans mudou-se para o Hospital Geral de Linz, onde se tornou Diretor do Departamento de Anestesiologia e Cuidados Intensivos e onde trabalhou at\u00e9 \u00e0 sua reforma em 2014. Durante este per\u00edodo, exerceu tamb\u00e9m um mandato completo como Presidente da Sociedade Austr\u00edaca de Anestesiologia, Reanima\u00e7\u00e3o e Cuidados Intensivos.<\/p>\n\n<p>Hans terminou a sua carreira como m\u00e9dico ativo organizando um simp\u00f3sio intitulado &#8220;Anesthesia and Beyond&#8221;, um evento que coincidiu com o <sup>60\u00ba<\/sup> anivers\u00e1rio do seu departamento em Linz. No convite para o programa, escreveu: &#8220;Para mim, pessoalmente, este simp\u00f3sio significa tamb\u00e9m a conclus\u00e3o de uma carreira longa e gratificante. Ap\u00f3s 40 anos de paix\u00e3o dedicada \u00e0 medicina e \u00e0 investiga\u00e7\u00e3o cl\u00ednica, vou finalmente despedir-me para abrir um novo cap\u00edtulo na vida&#8221;, e assim fez! Mais do que nunca, dedicou o seu tempo e energia a promover a implementa\u00e7\u00e3o da Gest\u00e3o do Sangue dos Doentes (PBM) como uma norma global de cuidados. Isto envolveu o seu papel como Presidente do Projeto PBM da Comiss\u00e3o Europeia para desenvolver um guia de implementa\u00e7\u00e3o de PBM para hospitais e um guia para as Autoridades de Sa\u00fade para a Cria\u00e7\u00e3o de Programas Nacionais de PBM, as revis\u00f5es dos manuais cl\u00ednicos de PBM em que foi o autor principal, a escrita, a edi\u00e7\u00e3o e a revis\u00e3o de documentos relacionados com PBM, palestras internacionais, entrevistas televisivas e o apoio ao jornalismo de investiga\u00e7\u00e3o s\u00e9rio para aumentar a sensibiliza\u00e7\u00e3o para as quest\u00f5es de seguran\u00e7a dos doentes. Em 2018, recebeu o Pr\u00e9mio do Presidente da SABM pelos seus feitos.<\/p>\n\n<p>Hans foi membro fundador e membro da dire\u00e7\u00e3o da NATA, e do IFPBM, onde participou na sua \u00faltima reuni\u00e3o de dire\u00e7\u00e3o em julho, apesar do seu grave estado de sa\u00fade. Pode ser melhor descrito como uma &#8220;for\u00e7a da natureza&#8221;, um homem empenhado em tudo o que fazia, nem sempre diplom\u00e1tico, respeitado pelos amigos e temido pelos inimigos. Era um investigador diligente, um revisor perspicaz, um bom escritor, um l\u00edder forte, mas, acima de tudo, um m\u00e9dico apaixonado e um corajoso defensor dos doentes. Interessava-se muito pela hist\u00f3ria, nomeadamente pela hist\u00f3ria contempor\u00e2nea. Tocava piano, gostava de artes pl\u00e1sticas e raramente perdia o \u00faltimo programa da Filarm\u00f3nica de Viena. O Hans tinha um forte sentido de justi\u00e7a, uma personagem cheia de humor e intelig\u00eancia, e profundidade emocional. Caro Hans, juntamente com a sua querida esposa Ilse, o seu amado filho Thomas e a sua querida Carolin, sentimos muito a sua falta.<\/p>\n","protected":false},"excerpt":{"rendered":"<p>Prof. Dr. Hans Gombotz OBITU\u00c1RIO Ap\u00f3s uma longa batalha contra o cancro e no seu 73.\u00ba ano de vida, o Prof. Dr. Hans Gombotz faleceu em 13 de setembro de 2021. Estamos de luto pela perda de um cientista brilhante, um par respeitado, um colega valioso, um m\u00e9dico atencioso e &#8211; para muitos &#8211; um <a href=\"https:\/\/ifpbm.org\/pt-pt\/prof-dr-hans-gombotz\/\">[&#8230;]<\/a><\/p>\n","protected":false},"author":1,"featured_media":0,"parent":0,"menu_order":0,"comment_status":"closed","ping_status":"closed","template":"","meta":{"footnotes":""},"class_list":["post-18202","page","type-page","status-publish","hentry"],"acf":[],"_links":{"self":[{"href":"https:\/\/ifpbm.org\/pt-pt\/wp-json\/wp\/v2\/pages\/18202","targetHints":{"allow":["GET"]}}],"collection":[{"href":"https:\/\/ifpbm.org\/pt-pt\/wp-json\/wp\/v2\/pages"}],"about":[{"href":"https:\/\/ifpbm.org\/pt-pt\/wp-json\/wp\/v2\/types\/page"}],"author":[{"embeddable":true,"href":"https:\/\/ifpbm.org\/pt-pt\/wp-json\/wp\/v2\/users\/1"}],"replies":[{"embeddable":true,"href":"https:\/\/ifpbm.org\/pt-pt\/wp-json\/wp\/v2\/comments?post=18202"}],"version-history":[{"count":1,"href":"https:\/\/ifpbm.org\/pt-pt\/wp-json\/wp\/v2\/pages\/18202\/revisions"}],"predecessor-version":[{"id":18206,"href":"https:\/\/ifpbm.org\/pt-pt\/wp-json\/wp\/v2\/pages\/18202\/revisions\/18206"}],"wp:attachment":[{"href":"https:\/\/ifpbm.org\/pt-pt\/wp-json\/wp\/v2\/media?parent=18202"}],"curies":[{"name":"wp","href":"https:\/\/api.w.org\/{rel}","templated":true}]}}