
{"id":18152,"date":"2018-11-12T05:03:36","date_gmt":"2018-11-12T05:03:36","guid":{"rendered":"https:\/\/ifpbm.org\/quem-e-o-ifpbm-video-ingles\/"},"modified":"2024-03-25T18:53:20","modified_gmt":"2024-03-25T18:53:20","slug":"quem-e-o-ifpbm-video-ingles","status":"publish","type":"page","link":"https:\/\/ifpbm.org\/pt-pt\/quem-e-o-ifpbm-video-ingles\/","title":{"rendered":"Quem \u00e9 o IFPBM V\u00eddeo &#8211; Ingl\u00eas"},"content":{"rendered":"\n<p>\n<video src=\"https:\/\/ifpbm.org\/images\/videos\/who_is_ifpbm.mp4\" poster=\"images\/videos\/who_is_ifpbm_poster.jpg\" autoplay=\"autoplay\" controls=\"controls\" width=\"854\" height=\"480\" type=\"video\/mp4\"><\/video>\n<\/p>\n\n<p>Dura\u00e7\u00e3o: 0:51 <a href=\"who-is-ifpbm-animation-chinese\" target=\"_blank\" rel=\"noopener\">Ver v\u00eddeo em chin\u00eas<\/a><\/p>\n","protected":false},"excerpt":{"rendered":"<p>Dura\u00e7\u00e3o: 0:51 Ver v\u00eddeo em chin\u00eas<\/p>\n","protected":false},"author":1,"featured_media":0,"parent":0,"menu_order":0,"comment_status":"closed","ping_status":"closed","template":"","meta":{"footnotes":""},"class_list":["post-18152","page","type-page","status-publish","hentry"],"acf":[],"_links":{"self":[{"href":"https:\/\/ifpbm.org\/pt-pt\/wp-json\/wp\/v2\/pages\/18152","targetHints":{"allow":["GET"]}}],"collection":[{"href":"https:\/\/ifpbm.org\/pt-pt\/wp-json\/wp\/v2\/pages"}],"about":[{"href":"https:\/\/ifpbm.org\/pt-pt\/wp-json\/wp\/v2\/types\/page"}],"author":[{"embeddable":true,"href":"https:\/\/ifpbm.org\/pt-pt\/wp-json\/wp\/v2\/users\/1"}],"replies":[{"embeddable":true,"href":"https:\/\/ifpbm.org\/pt-pt\/wp-json\/wp\/v2\/comments?post=18152"}],"version-history":[{"count":1,"href":"https:\/\/ifpbm.org\/pt-pt\/wp-json\/wp\/v2\/pages\/18152\/revisions"}],"predecessor-version":[{"id":18156,"href":"https:\/\/ifpbm.org\/pt-pt\/wp-json\/wp\/v2\/pages\/18152\/revisions\/18156"}],"wp:attachment":[{"href":"https:\/\/ifpbm.org\/pt-pt\/wp-json\/wp\/v2\/media?parent=18152"}],"curies":[{"name":"wp","href":"https:\/\/api.w.org\/{rel}","templated":true}]}}