
{"id":18138,"date":"2018-11-12T05:04:57","date_gmt":"2018-11-12T05:04:57","guid":{"rendered":"https:\/\/ifpbm.org\/o-que-e-o-video-pbm-ingles\/"},"modified":"2024-03-25T18:53:18","modified_gmt":"2024-03-25T18:53:18","slug":"o-que-e-o-video-pbm-ingles","status":"publish","type":"page","link":"https:\/\/ifpbm.org\/pt-pt\/o-que-e-o-video-pbm-ingles\/","title":{"rendered":"O que \u00e9 o v\u00eddeo PBM &#8211; Ingl\u00eas"},"content":{"rendered":"\n<p>\n<video src=\"https:\/\/ifpbm.org\/images\/videos\/what_is_pbm.mp4\" poster=\"images\/videos\/what_is_pbm_poster.jpg\" autoplay=\"autoplay\" controls=\"controls\" width=\"854\" height=\"480\"><\/video>\n<\/p>\n\n<p>Dura\u00e7\u00e3o: 1:26 <a href=\"what-is-pbm-animation-chinese\" target=\"_blank\" rel=\"noopener\">\u70b9\u51fb\u64ad\u653e<\/a><\/p>\n","protected":false},"excerpt":{"rendered":"<p>Dura\u00e7\u00e3o: 1:26 \u70b9\u51fb\u64ad\u653e<\/p>\n","protected":false},"author":1,"featured_media":0,"parent":0,"menu_order":0,"comment_status":"closed","ping_status":"closed","template":"","meta":{"footnotes":""},"class_list":["post-18138","page","type-page","status-publish","hentry"],"acf":[],"_links":{"self":[{"href":"https:\/\/ifpbm.org\/pt-pt\/wp-json\/wp\/v2\/pages\/18138","targetHints":{"allow":["GET"]}}],"collection":[{"href":"https:\/\/ifpbm.org\/pt-pt\/wp-json\/wp\/v2\/pages"}],"about":[{"href":"https:\/\/ifpbm.org\/pt-pt\/wp-json\/wp\/v2\/types\/page"}],"author":[{"embeddable":true,"href":"https:\/\/ifpbm.org\/pt-pt\/wp-json\/wp\/v2\/users\/1"}],"replies":[{"embeddable":true,"href":"https:\/\/ifpbm.org\/pt-pt\/wp-json\/wp\/v2\/comments?post=18138"}],"version-history":[{"count":1,"href":"https:\/\/ifpbm.org\/pt-pt\/wp-json\/wp\/v2\/pages\/18138\/revisions"}],"predecessor-version":[{"id":18141,"href":"https:\/\/ifpbm.org\/pt-pt\/wp-json\/wp\/v2\/pages\/18138\/revisions\/18141"}],"wp:attachment":[{"href":"https:\/\/ifpbm.org\/pt-pt\/wp-json\/wp\/v2\/media?parent=18138"}],"curies":[{"name":"wp","href":"https:\/\/api.w.org\/{rel}","templated":true}]}}