
{"id":18126,"date":"2013-06-20T00:17:33","date_gmt":"2013-06-20T00:17:33","guid":{"rendered":"https:\/\/ifpbm.org\/faca-um-donativo-a-fundacao-internacional-para-a-gestao-do-sangue-dos-doentes\/"},"modified":"2024-03-25T18:51:54","modified_gmt":"2024-03-25T18:51:54","slug":"faca-um-donativo-a-fundacao-internacional-para-a-gestao-do-sangue-dos-doentes","status":"publish","type":"page","link":"https:\/\/ifpbm.org\/pt-pt\/faca-um-donativo-a-fundacao-internacional-para-a-gestao-do-sangue-dos-doentes\/","title":{"rendered":"Fa\u00e7a um donativo \u00e0 Funda\u00e7\u00e3o Internacional para a Gest\u00e3o do Sangue dos Doentes"},"content":{"rendered":"\n<h2 class=\"wp-block-heading\">A International Foundation for Patient Blood Management (Funda\u00e7\u00e3o Internacional para a Gest\u00e3o do Sangue dos Doentes) \u00e9 uma organiza\u00e7\u00e3o sem fins lucrativos dedicada \u00e0 promo\u00e7\u00e3o e ao avan\u00e7o do conhecimento sobre a Gest\u00e3o do Sangue dos Doentes.<\/h2>\n\n<p>A <a class=\"jcepopup noicon\" style=\"color: #5691b6\" href=\"\/images\/ifpbm_circle.jpg\" target=\"_blank\" data-mediabox=\"width[500];height[500];title[IFPBM Charter]\" rel=\"noopener\">carta<\/a> da Funda\u00e7\u00e3o define uma abordagem estruturada para gerir os conhecimentos sobre a gest\u00e3o do sangue dos doentes.<\/p>\n\n<p>A Funda\u00e7\u00e3o aceita de bom grado donativos de indiv\u00edduos e institui\u00e7\u00f5es para ajudar nestes importantes empreendimentos. Se estiver em condi\u00e7\u00f5es de o fazer, clique no bot\u00e3o &#8220;Doar&#8221; abaixo para enviar o seu donativo. Todos os donativos s\u00e3o efectuados via PayPal, pelo que pode utilizar um cart\u00e3o de cr\u00e9dito ou outro meio de pagamento, dependendo da sua localiza\u00e7\u00e3o.<\/p>\n\n<h2 class=\"wp-block-heading\">A Funda\u00e7\u00e3o Internacional para a Gest\u00e3o do Sangue dos Doentes agradece-lhe a sua ajuda!<\/h2>\n\n<img loading=\"lazy\" decoding=\"async\" src=\"https:\/\/ifpbm.org\/wp-content\/uploads\/2023\/05\/pixel.gif\" alt=\"\" width=\"1\" height=\"1\" border=\"0\"\/>\n","protected":false},"excerpt":{"rendered":"<p>A International Foundation for Patient Blood Management (Funda\u00e7\u00e3o Internacional para a Gest\u00e3o do Sangue dos Doentes) \u00e9 uma organiza\u00e7\u00e3o sem fins lucrativos dedicada \u00e0 promo\u00e7\u00e3o e ao avan\u00e7o do conhecimento sobre a Gest\u00e3o do Sangue dos Doentes. A carta da Funda\u00e7\u00e3o define uma abordagem estruturada para gerir os conhecimentos sobre a gest\u00e3o do sangue dos <a href=\"https:\/\/ifpbm.org\/pt-pt\/faca-um-donativo-a-fundacao-internacional-para-a-gestao-do-sangue-dos-doentes\/\">[&#8230;]<\/a><\/p>\n","protected":false},"author":1,"featured_media":0,"parent":0,"menu_order":0,"comment_status":"closed","ping_status":"closed","template":"","meta":{"footnotes":""},"class_list":["post-18126","page","type-page","status-publish","hentry"],"acf":[],"_links":{"self":[{"href":"https:\/\/ifpbm.org\/pt-pt\/wp-json\/wp\/v2\/pages\/18126","targetHints":{"allow":["GET"]}}],"collection":[{"href":"https:\/\/ifpbm.org\/pt-pt\/wp-json\/wp\/v2\/pages"}],"about":[{"href":"https:\/\/ifpbm.org\/pt-pt\/wp-json\/wp\/v2\/types\/page"}],"author":[{"embeddable":true,"href":"https:\/\/ifpbm.org\/pt-pt\/wp-json\/wp\/v2\/users\/1"}],"replies":[{"embeddable":true,"href":"https:\/\/ifpbm.org\/pt-pt\/wp-json\/wp\/v2\/comments?post=18126"}],"version-history":[{"count":1,"href":"https:\/\/ifpbm.org\/pt-pt\/wp-json\/wp\/v2\/pages\/18126\/revisions"}],"predecessor-version":[{"id":18128,"href":"https:\/\/ifpbm.org\/pt-pt\/wp-json\/wp\/v2\/pages\/18126\/revisions\/18128"}],"wp:attachment":[{"href":"https:\/\/ifpbm.org\/pt-pt\/wp-json\/wp\/v2\/media?parent=18126"}],"curies":[{"name":"wp","href":"https:\/\/api.w.org\/{rel}","templated":true}]}}