
{"id":18066,"date":"2016-04-22T06:39:43","date_gmt":"2016-04-22T06:39:43","guid":{"rendered":"https:\/\/ifpbm.org\/pesquise-sobre-o-bureau-de-palestrantes-do-ifpbm\/"},"modified":"2024-03-25T18:22:44","modified_gmt":"2024-03-25T18:22:44","slug":"pesquise-sobre-o-bureau-de-palestrantes-do-ifpbm","status":"publish","type":"page","link":"https:\/\/ifpbm.org\/pt-pt\/pesquise-sobre-o-bureau-de-palestrantes-do-ifpbm\/","title":{"rendered":"Pesquise sobre o Bureau de Palestrantes do IFPBM"},"content":{"rendered":"\n<h4 class=\"wp-block-heading\">Como solicitar um orador sobre a gest\u00e3o do sangue dos doentes<\/h4>\n\n<ol class=\"wp-block-list\">\n<li>\n<p>Clique na liga\u00e7\u00e3o do cart\u00e3o para obter informa\u00e7\u00f5es sobre o orador.<\/p>\n<\/li>\n\n\n\n<li>\n<p>Na p\u00e1gina de detalhes, clique em<span style=\"color: #0000ff;\"> &#8220;<a href=\"index.php?option=com_uniform&amp;view=form&amp;form_id=4&amp;show_form_title=1&amp;show_form_description=0&amp;Itemid=1019\">Solicitar orador<\/a>&#8221; <\/span>e preencha e envie o Formul\u00e1rio de pedido de orador.<\/p>\n<\/li>\n\n\n\n<li>O IFPBM encaminhar\u00e1 o seu pedido e, se o orador estiver dispon\u00edvel, coloc\u00e1-lo-\u00e1 em contacto direto para que possa confirmar o tema, a data de inscri\u00e7\u00e3o e os honor\u00e1rios.<\/li>\n<\/ol>\n","protected":false},"excerpt":{"rendered":"<p>Como solicitar um orador sobre a gest\u00e3o do sangue dos doentes<\/p>\n","protected":false},"author":1,"featured_media":0,"parent":0,"menu_order":0,"comment_status":"closed","ping_status":"closed","template":"","meta":{"footnotes":""},"class_list":["post-18066","page","type-page","status-publish","hentry"],"acf":[],"_links":{"self":[{"href":"https:\/\/ifpbm.org\/pt-pt\/wp-json\/wp\/v2\/pages\/18066","targetHints":{"allow":["GET"]}}],"collection":[{"href":"https:\/\/ifpbm.org\/pt-pt\/wp-json\/wp\/v2\/pages"}],"about":[{"href":"https:\/\/ifpbm.org\/pt-pt\/wp-json\/wp\/v2\/types\/page"}],"author":[{"embeddable":true,"href":"https:\/\/ifpbm.org\/pt-pt\/wp-json\/wp\/v2\/users\/1"}],"replies":[{"embeddable":true,"href":"https:\/\/ifpbm.org\/pt-pt\/wp-json\/wp\/v2\/comments?post=18066"}],"version-history":[{"count":1,"href":"https:\/\/ifpbm.org\/pt-pt\/wp-json\/wp\/v2\/pages\/18066\/revisions"}],"predecessor-version":[{"id":18068,"href":"https:\/\/ifpbm.org\/pt-pt\/wp-json\/wp\/v2\/pages\/18066\/revisions\/18068"}],"wp:attachment":[{"href":"https:\/\/ifpbm.org\/pt-pt\/wp-json\/wp\/v2\/media?parent=18066"}],"curies":[{"name":"wp","href":"https:\/\/api.w.org\/{rel}","templated":true}]}}