
{"id":18038,"date":"2015-03-03T02:47:49","date_gmt":"2015-03-03T02:47:49","guid":{"rendered":"https:\/\/ifpbm.org\/politica-de-cookies-do-ifpbm\/"},"modified":"2024-03-25T18:22:08","modified_gmt":"2024-03-25T18:22:08","slug":"politica-de-cookies-do-ifpbm","status":"publish","type":"page","link":"https:\/\/ifpbm.org\/pt-pt\/politica-de-cookies-do-ifpbm\/","title":{"rendered":"Pol\u00edtica de Cookies do IFPBM"},"content":{"rendered":"\n<p><strong style=\"line-height: 1.5\">A sua privacidade &#8211; como os cookies s\u00e3o usados pelo IFPBM<\/strong><\/p>\n\n<p>O IFPBM utiliza pequenas quantidades de dados armazenados no seu computador denominados &#8220;cookies&#8221; para recolher informa\u00e7\u00f5es sobre a forma como os visitantes (utilizadores) utilizam o website (ver mais explica\u00e7\u00f5es em &#8220;cookies do Google Analytics&#8221; abaixo). Pode controlar quais os cookies, caso existam, que s\u00e3o armazenados no seu computador. Saiba mais sobre os cookies abaixo.<\/p>\n\n<p>O que \u00e9 uma bolacha?<\/p>\n\n<p>Um cookie \u00e9 uma pequena quantidade de dados enviados para o seu computador ou telem\u00f3vel a partir de um s\u00edtio Web. Inclui frequentemente um identificador \u00fanico e \u00e9 armazenado no disco r\u00edgido do seu dispositivo. O IFPBM n\u00e3o utiliza cookies para recolher informa\u00e7\u00f5es que possam ser utilizadas para o identificar.<\/p>\n\n<p>Cada s\u00edtio Web pode enviar o seu pr\u00f3prio cookie para o seu navegador, se as prefer\u00eancias do seu navegador o permitirem. O seu browser \u00e9 o programa de computador que utiliza para aceder \u00e0 Internet. Por defeito, o seu browser s\u00f3 permite que um s\u00edtio Web aceda aos cookies que j\u00e1 lhe enviou e n\u00e3o aos cookies que lhe foram enviados por qualquer outro s\u00edtio Web. Isto \u00e9 para proteger a sua privacidade.<\/p>\n\n<p>Para mais informa\u00e7\u00f5es, consulte: <a href=\"http:\/\/en.wikipedia.org\/wiki\/HTTP_cookie\">http:\/\/en.wikipedia.org\/wiki\/HTTP_cookie<\/a><a href=\"http:\/\/www.bbc.co.uk\/webwise\/guides\/about-cookies\" target=\"_blank\" rel=\"noopener\"><br\/><\/a><\/p>\n\n<p><strong>Servi\u00e7os que necessitam de cookies para funcionar<\/strong><\/p>\n\n<p>Alguns servi\u00e7os precisam de armazenar um cookie no seu computador para poderem funcionar. Estes cookies s\u00e3o removidos quando termina de utilizar o servi\u00e7o. Se os cookies estiverem bloqueados, estes servi\u00e7os espec\u00edficos n\u00e3o funcionar\u00e3o.<\/p>\n\n<p>Controlar que cookies s\u00e3o armazenados no seu computador:<\/p>\n\n<p>Pode definir o(s) seu(s) dispositivo(s) para:<\/p>\n\n<ul class=\"wp-block-list\">\n<li>Aceitar todos os cookies<\/li>\n\n\n\n<li>Dizer-lhe quando um cookie est\u00e1 a ser recebido<\/li>\n\n\n\n<li>N\u00e3o receber cookies<\/li>\n<\/ul>\n\n<p>Cada browser \u00e9 diferente, por isso consulte o menu &#8216;Ajuda&#8217; do seu browser para saber como alterar as suas prefer\u00eancias de cookies.<\/p>\n\n<p><strong>Cookies do Google Analytics<\/strong><\/p>\n\n<p>O IFPBM usa o Google Analytics, um servi\u00e7o de an\u00e1lise da web fornecido pelo Google, Inc. O Google Analytics define um cookie para avaliar a sua utiliza\u00e7\u00e3o do s\u00edtio.<\/p>\n\n<p>A Google armazena as informa\u00e7\u00f5es recolhidas pelo cookie em servidores nos Estados Unidos. A Google pode tamb\u00e9m transferir estas informa\u00e7\u00f5es para terceiros quando tal for exigido por lei ou quando esses terceiros processarem as informa\u00e7\u00f5es em nome da Google. A Google n\u00e3o associar\u00e1 o seu endere\u00e7o IP a quaisquer outros dados detidos pela Google. Ao utilizar o site, o utilizador consente que a Google processe os dados que lhe dizem respeito da forma e para os fins acima referidos.<\/p>\n\n<p><strong>Rejeitar ou apagar cookies<\/strong><\/p>\n\n<p>Se quiser restringir ou bloquear os cookies definidos pelo IFPBM, pode faz\u00ea-lo atrav\u00e9s das defini\u00e7\u00f5es do seu browser. O menu &#8216;Ajuda&#8217; do seu browser deve explicar-lhe como o pode fazer. Deve tamb\u00e9m explicar-lhe como apagar os cookies do seu computador.<\/p>\n\n<p>Para obter informa\u00e7\u00f5es mais espec\u00edficas sobre como rejeitar ou eliminar cookies do Google Analytics num dispositivo m\u00f3vel, consulte: <a href=\"http:\/\/www.google.com\/intl\/en\/privacypolicy.html\" target=\"_blank\" rel=\"noopener\">http:\/\/www.google.com\/intl\/en\/privacypolicy.html<\/a> (Telem\u00f3veis &#8211; rejeitar cookies). Para obter informa\u00e7\u00f5es espec\u00edficas sobre como rejeitar os cookies do Google Analytics no navegador do seu telem\u00f3vel, consulte o manual do seu aparelho.<\/p>\n","protected":false},"excerpt":{"rendered":"<p>A sua privacidade &#8211; como os cookies s\u00e3o usados pelo IFPBM O IFPBM utiliza pequenas quantidades de dados armazenados no seu computador denominados &#8220;cookies&#8221; para recolher informa\u00e7\u00f5es sobre a forma como os visitantes (utilizadores) utilizam o website (ver mais explica\u00e7\u00f5es em &#8220;cookies do Google Analytics&#8221; abaixo). Pode controlar quais os cookies, caso existam, que s\u00e3o <a href=\"https:\/\/ifpbm.org\/pt-pt\/politica-de-cookies-do-ifpbm\/\">[&#8230;]<\/a><\/p>\n","protected":false},"author":1,"featured_media":0,"parent":0,"menu_order":0,"comment_status":"closed","ping_status":"closed","template":"","meta":{"footnotes":""},"class_list":["post-18038","page","type-page","status-publish","hentry"],"acf":[],"_links":{"self":[{"href":"https:\/\/ifpbm.org\/pt-pt\/wp-json\/wp\/v2\/pages\/18038","targetHints":{"allow":["GET"]}}],"collection":[{"href":"https:\/\/ifpbm.org\/pt-pt\/wp-json\/wp\/v2\/pages"}],"about":[{"href":"https:\/\/ifpbm.org\/pt-pt\/wp-json\/wp\/v2\/types\/page"}],"author":[{"embeddable":true,"href":"https:\/\/ifpbm.org\/pt-pt\/wp-json\/wp\/v2\/users\/1"}],"replies":[{"embeddable":true,"href":"https:\/\/ifpbm.org\/pt-pt\/wp-json\/wp\/v2\/comments?post=18038"}],"version-history":[{"count":1,"href":"https:\/\/ifpbm.org\/pt-pt\/wp-json\/wp\/v2\/pages\/18038\/revisions"}],"predecessor-version":[{"id":18042,"href":"https:\/\/ifpbm.org\/pt-pt\/wp-json\/wp\/v2\/pages\/18038\/revisions\/18042"}],"wp:attachment":[{"href":"https:\/\/ifpbm.org\/pt-pt\/wp-json\/wp\/v2\/media?parent=18038"}],"curies":[{"name":"wp","href":"https:\/\/api.w.org\/{rel}","templated":true}]}}