
{"id":18037,"date":"2015-01-29T03:27:46","date_gmt":"2015-01-29T03:27:46","guid":{"rendered":"https:\/\/ifpbm.org\/politica-de-privacidade-do-ifpbm\/"},"modified":"2024-03-25T18:22:04","modified_gmt":"2024-03-25T18:22:04","slug":"politica-de-privacidade-do-ifpbm","status":"publish","type":"page","link":"https:\/\/ifpbm.org\/pt-pt\/politica-de-privacidade-do-ifpbm\/","title":{"rendered":"Pol\u00edtica de Privacidade do IFPBM"},"content":{"rendered":"\n<p>O documento que se segue estabelece a Pol\u00edtica de Privacidade do s\u00edtio Web da Funda\u00e7\u00e3o Internacional para a Gest\u00e3o do Sangue dos Doentes, www.ifpbm.org.<\/p>\n\n<p>A Funda\u00e7\u00e3o Internacional para o Sangue dos Doentes est\u00e1 empenhada em proporcionar-lhe a melhor experi\u00eancia poss\u00edvel de servi\u00e7o ao cliente. A Funda\u00e7\u00e3o Internacional para o Sangue dos Doentes est\u00e1 vinculada \u00e0 Lei da Privacidade de 1988 (Crh), que estabelece uma s\u00e9rie de princ\u00edpios relativos \u00e0 privacidade dos indiv\u00edduos.<\/p>\n\n<h2 class=\"wp-block-heading\" id=\"toc-collection-of-your-personal-information\">Recolha das suas informa\u00e7\u00f5es pessoais<\/h2>\n\n<p>H\u00e1 muitos aspectos do s\u00edtio que podem ser visualizados sem que seja necess\u00e1rio fornecer informa\u00e7\u00f5es pessoais. No entanto, para aceder a futuras funcionalidades de subscri\u00e7\u00e3o e apoio ao cliente da Funda\u00e7\u00e3o Internacional para o Sangue dos Doentes, ser-lhe-\u00e1 pedido que forne\u00e7a informa\u00e7\u00f5es de identifica\u00e7\u00e3o pessoal. Isto pode incluir, mas n\u00e3o se limita a, um nome de utilizador e uma palavra-passe \u00fanicos, ou fornecer informa\u00e7\u00f5es sens\u00edveis para a recupera\u00e7\u00e3o da sua palavra-passe perdida.<\/p>\n\n<h2 class=\"wp-block-heading\" id=\"toc-sharing-of-your-personal-information\">Partilha das suas informa\u00e7\u00f5es pessoais<\/h2>\n\n<p>Ocasionalmente, podemos contratar outras empresas para prestarem servi\u00e7os em nosso nome, incluindo, entre outros, o tratamento de quest\u00f5es de apoio ao cliente, o processamento de transac\u00e7\u00f5es ou o envio de cargas para o cliente. Essas empresas s\u00f3 poder\u00e3o obter as informa\u00e7\u00f5es pessoais de que necessitam para prestar o servi\u00e7o. A Funda\u00e7\u00e3o Internacional para o Sangue dos Doentes toma medidas razo\u00e1veis para garantir que estas organiza\u00e7\u00f5es est\u00e3o vinculadas a obriga\u00e7\u00f5es de confidencialidade e privacidade em rela\u00e7\u00e3o \u00e0 prote\u00e7\u00e3o das suas informa\u00e7\u00f5es pessoais.<\/p>\n\n<h2 class=\"wp-block-heading\" id=\"toc-use-of-your-personal-information\">Utiliza\u00e7\u00e3o das suas informa\u00e7\u00f5es pessoais<\/h2>\n\n<p>Para cada visitante do site, recolhemos expressamente as seguintes informa\u00e7\u00f5es n\u00e3o pessoalmente identific\u00e1veis, incluindo, entre outras, o tipo de browser, a vers\u00e3o e o idioma, o sistema operativo, as p\u00e1ginas visualizadas durante a navega\u00e7\u00e3o no site, os tempos de acesso \u00e0s p\u00e1ginas e o endere\u00e7o do site de refer\u00eancia. Estas informa\u00e7\u00f5es recolhidas s\u00e3o utilizadas exclusivamente a n\u00edvel interno com o objetivo de avaliar o tr\u00e1fego de visitantes, as tend\u00eancias e fornecer-lhe conte\u00fados personalizados durante a sua visita a este Site.<\/p>\n\n<p>Ocasionalmente, poderemos utilizar as informa\u00e7\u00f5es dos clientes para utiliza\u00e7\u00f5es novas e imprevistas que n\u00e3o tenham sido previamente divulgadas no nosso aviso de privacidade. Se as nossas pr\u00e1ticas de informa\u00e7\u00e3o forem alteradas no futuro, utilizaremos os dados apenas para esses novos fins; os dados recolhidos a partir do momento da altera\u00e7\u00e3o da pol\u00edtica seguir\u00e3o as nossas pr\u00e1ticas actualizadas.<\/p>\n\n<h2 class=\"wp-block-heading\" id=\"toc-changes-to-this-privacy-policy\">Altera\u00e7\u00f5es a esta Pol\u00edtica de Privacidade<\/h2>\n\n<p>A Funda\u00e7\u00e3o Internacional para o Sangue dos Doentes reserva-se o direito de efetuar altera\u00e7\u00f5es \u00e0 presente Pol\u00edtica de Privacidade em qualquer altura. Se tiver objec\u00e7\u00f5es \u00e0 Pol\u00edtica de Privacidade, n\u00e3o deve aceder ou utilizar o S\u00edtio.<\/p>\n\n<h2 class=\"wp-block-heading\" id=\"toc-accessing-your-personal-information\">Aceder \u00e0s suas informa\u00e7\u00f5es pessoais<\/h2>\n\n<p>Tem o direito de aceder \u00e0s suas informa\u00e7\u00f5es pessoais, sujeito \u00e0s excep\u00e7\u00f5es permitidas por lei. Se o desejar fazer, informe-nos. Pode ser-lhe exigido que apresente o seu pedido por escrito por raz\u00f5es de seguran\u00e7a. A Funda\u00e7\u00e3o Internacional para o Sangue dos Doentes reserva-se o direito de cobrar uma taxa pela pesquisa e pelo acesso \u00e0s suas informa\u00e7\u00f5es, com base em cada pedido.<\/p>\n\n<h2 class=\"wp-block-heading\" id=\"toc-contacting-us\">Contacte-nos<\/h2>\n\n<p>A Funda\u00e7\u00e3o Internacional para o Sangue dos Doentes agradece os seus coment\u00e1rios sobre esta Pol\u00edtica de Privacidade. Se tiver alguma d\u00favida sobre esta Pol\u00edtica de Privacidade e pretender obter mais informa\u00e7\u00f5es, envie-nos um e-mail para <a href=\"\/about-us\/contact-us\">aqui<\/a> ou por correio, como abaixo indicado.<\/p>\n\n<p>Ao cuidado de: Pol\u00edtica de privacidade<br\/>A Funda\u00e7\u00e3o Internacional para o Sangue dos Doentes,<br\/>Dufourstrasse 49<br\/>4052, Basileia  <br\/>Su\u00ed\u00e7a<\/p>\n","protected":false},"excerpt":{"rendered":"<p>O documento que se segue estabelece a Pol\u00edtica de Privacidade do s\u00edtio Web da Funda\u00e7\u00e3o Internacional para a Gest\u00e3o do Sangue dos Doentes, www.ifpbm.org. A Funda\u00e7\u00e3o Internacional para o Sangue dos Doentes est\u00e1 empenhada em proporcionar-lhe a melhor experi\u00eancia poss\u00edvel de servi\u00e7o ao cliente. A Funda\u00e7\u00e3o Internacional para o Sangue dos Doentes est\u00e1 vinculada \u00e0 <a href=\"https:\/\/ifpbm.org\/pt-pt\/politica-de-privacidade-do-ifpbm\/\">[&#8230;]<\/a><\/p>\n","protected":false},"author":1,"featured_media":0,"parent":0,"menu_order":0,"comment_status":"closed","ping_status":"closed","template":"","meta":{"footnotes":""},"class_list":["post-18037","page","type-page","status-publish","hentry"],"acf":[],"_links":{"self":[{"href":"https:\/\/ifpbm.org\/pt-pt\/wp-json\/wp\/v2\/pages\/18037","targetHints":{"allow":["GET"]}}],"collection":[{"href":"https:\/\/ifpbm.org\/pt-pt\/wp-json\/wp\/v2\/pages"}],"about":[{"href":"https:\/\/ifpbm.org\/pt-pt\/wp-json\/wp\/v2\/types\/page"}],"author":[{"embeddable":true,"href":"https:\/\/ifpbm.org\/pt-pt\/wp-json\/wp\/v2\/users\/1"}],"replies":[{"embeddable":true,"href":"https:\/\/ifpbm.org\/pt-pt\/wp-json\/wp\/v2\/comments?post=18037"}],"version-history":[{"count":1,"href":"https:\/\/ifpbm.org\/pt-pt\/wp-json\/wp\/v2\/pages\/18037\/revisions"}],"predecessor-version":[{"id":18040,"href":"https:\/\/ifpbm.org\/pt-pt\/wp-json\/wp\/v2\/pages\/18037\/revisions\/18040"}],"wp:attachment":[{"href":"https:\/\/ifpbm.org\/pt-pt\/wp-json\/wp\/v2\/media?parent=18037"}],"curies":[{"name":"wp","href":"https:\/\/api.w.org\/{rel}","templated":true}]}}