
{"id":18026,"date":"2015-03-03T01:12:08","date_gmt":"2015-03-03T01:12:08","guid":{"rendered":"https:\/\/ifpbm.org\/saiba-mais-sobre-a-gestao-do-sangue-dos-doentes\/"},"modified":"2024-03-25T18:22:05","modified_gmt":"2024-03-25T18:22:05","slug":"saiba-mais-sobre-a-gestao-do-sangue-dos-doentes","status":"publish","type":"page","link":"https:\/\/ifpbm.org\/pt-pt\/saiba-mais-sobre-a-gestao-do-sangue-dos-doentes\/","title":{"rendered":"Saiba mais sobre a gest\u00e3o do sangue dos doentes"},"content":{"rendered":"\n<figure class=\"wp-block-image\"><img decoding=\"async\" src=\"https:\/\/ifpbm.org\/wp-content\/uploads\/2023\/05\/dont_know_pbm_960x400.jpg\" alt=\"\"\/><\/figure>\n\n<p><\/p>\n\n<h2 class=\"wp-block-heading\">Por onde come\u00e7ar<\/h2>\n\n<p>O<a class=\"jcepopup noicon\" style=\"color: #5691b6\" href=\"\/images\/ifpbm_circle.jpg\" target=\"_blank\" rel=\"noopener noreferrer\">objetivo<\/a> da<span style=\"line-height: 1.5\">Funda\u00e7\u00e3o Internacional para a Gest\u00e3o <\/span> do Sangue dos Doentes<span style=\"line-height: 1.5\"> \u00e9 estabelecer, reunir, gerir, gerar, transferir, implementar e consultar conhecimentos sobre a Gest\u00e3o do Sangue dos Doentes. <strong>Este s\u00edtio Web dedica-se \u00e0 divulga\u00e7\u00e3o de conhecimentos sobre a gest\u00e3o do sangue dos doentes. <\/strong>Por isso, \u00e9 um bom s\u00edtio para come\u00e7ar.<\/span><\/p>\n\n<h2 class=\"wp-block-heading\">M\u00f3dulos de ensino em v\u00eddeo<\/h2>\n\n<p>A Funda\u00e7\u00e3o produziu uma s\u00e9rie de <a href=\"\/knowledge\/videos\" target=\"_blank\" rel=\"noopener noreferrer\">v\u00eddeos<\/a> did\u00e1cticos, ou &#8220;m\u00f3dulos&#8221;, para o ajudar a compreender rapidamente a gest\u00e3o do sangue dos doentes.<\/p>\n\n<p><strong>Porqu\u00ea mudar o paradigma da transfus\u00e3o para a gest\u00e3o do sangue dos doentes?<\/strong>  Este m\u00f3dulo identifica 5 factores chave para a mudan\u00e7a, analisa alguma da literatura chave sobre o tema e introduz o conceito dos Tr\u00eas Pilares da Gest\u00e3o do Sangue do Doente. Apresentado pelas maiores autoridades m\u00e9dicas, cient\u00edficas e econ\u00f3micas do mundo em mat\u00e9ria de gest\u00e3o do sangue dos doentes, \u00e9 um visionamento convincente. A dura\u00e7\u00e3o total \u00e9 de 33 minutos.<\/p>\n\n<p><strong>The Three Pillars of Patient Blood Management (Os tr\u00eas pilares da gest\u00e3o do sangue dos doentes<\/strong> ) analisa os princ\u00edpios b\u00e1sicos subjacentes a este conceito e apresenta provas de que a gest\u00e3o do sangue dos doentes produz melhores resultados para os doentes. Apresentado num formato de document\u00e1rio de 30 minutos, os comentadores incluem o famoso pioneiro do transplante card\u00edaco Dr. Denton Cooley, o Prof. Aryeh Shander do Hospital Englewood de Nova Iorque e o aclamado cirurgi\u00e3o card\u00edaco Dr. Manuel Estioko. O v\u00eddeo tamb\u00e9m aborda o primeiro programa australiano de gest\u00e3o do sangue de doentes, criado em Perth, na Austr\u00e1lia Ocidental.<\/p>\n\n<p>Outros m\u00f3dulos de ensino, como <strong>&#8220;O papel do perfusionista na gest\u00e3o do sangue do doente&#8221;<\/strong>, centram-se em \u00e1reas espec\u00edficas da gest\u00e3o do sangue do doente.<\/p>\n\n<h2 class=\"wp-block-heading\">Base de dados de artigos pesquis\u00e1veis<\/h2>\n\n<p>Os conhecimentos sobre a gest\u00e3o do sangue dos doentes continuam a aumentar. \u00c9 por isso que a International Foundation for Patient Blood Management mant\u00e9m e actualiza constantemente uma<a href=\"\/knowledge\/articles\" target=\"_blank\" rel=\"noopener noreferrer\"> base de dados de artigos<\/a> pesquis\u00e1veis para forma\u00e7\u00e3o cont\u00ednua e investiga\u00e7\u00e3o. Organizada em mais de 60 categorias ou subcategorias, a base de dados permite que os profissionais de sa\u00fade leiam artigos relevantes e revistos por pares sobre a gest\u00e3o do sangue dos doentes com apenas alguns cliques.<\/p>\n\n<h2 class=\"wp-block-heading\">Forma\u00e7\u00e3o cont\u00ednua e investiga\u00e7\u00e3o<\/h2>\n\n<p>Outros recursos educativos para profissionais de sa\u00fade incluem directrizes, ferramentas e manuais de gest\u00e3o do sangue dos doentes &#8211; todos revistos quanto \u00e0 sua exatid\u00e3o e relev\u00e2ncia pelos <a style=\"text-decoration: underline;color: #5691b6\" href=\"\/about-us\/scientific-associates\" target=\"_blank\" rel=\"noopener noreferrer\">Associados Cient\u00edficos do IFPBM<\/a>.<\/p>\n\n<h2 class=\"wp-block-heading\">Mesa de Palestrantes do IFPBM<\/h2>\n\n<p>Eleve a aprendizagem da Gest\u00e3o do sangue dos doentes a um novo n\u00edvel, contratando oradores qualificados e experientes para apresentarem e realizarem workshops sobre Gest\u00e3o do sangue dos doentes na sua institui\u00e7\u00e3o. Ligue-se ao orador da sua escolha diretamente atrav\u00e9s deste s\u00edtio Web no <a href=\"\/network\/speakers-bureau\" target=\"_blank\" rel=\"noopener noreferrer\">Servi\u00e7o de Oradores<\/a>.<\/p>\n","protected":false},"excerpt":{"rendered":"<p>Por onde come\u00e7ar Oobjetivo daFunda\u00e7\u00e3o Internacional para a Gest\u00e3o do Sangue dos Doentes \u00e9 estabelecer, reunir, gerir, gerar, transferir, implementar e consultar conhecimentos sobre a Gest\u00e3o do Sangue dos Doentes. Este s\u00edtio Web dedica-se \u00e0 divulga\u00e7\u00e3o de conhecimentos sobre a gest\u00e3o do sangue dos doentes. Por isso, \u00e9 um bom s\u00edtio para come\u00e7ar. M\u00f3dulos de <a href=\"https:\/\/ifpbm.org\/pt-pt\/saiba-mais-sobre-a-gestao-do-sangue-dos-doentes\/\">[&#8230;]<\/a><\/p>\n","protected":false},"author":1,"featured_media":0,"parent":0,"menu_order":0,"comment_status":"closed","ping_status":"closed","template":"text","meta":{"footnotes":""},"class_list":["post-18026","page","type-page","status-publish","hentry"],"acf":[],"_links":{"self":[{"href":"https:\/\/ifpbm.org\/pt-pt\/wp-json\/wp\/v2\/pages\/18026","targetHints":{"allow":["GET"]}}],"collection":[{"href":"https:\/\/ifpbm.org\/pt-pt\/wp-json\/wp\/v2\/pages"}],"about":[{"href":"https:\/\/ifpbm.org\/pt-pt\/wp-json\/wp\/v2\/types\/page"}],"author":[{"embeddable":true,"href":"https:\/\/ifpbm.org\/pt-pt\/wp-json\/wp\/v2\/users\/1"}],"replies":[{"embeddable":true,"href":"https:\/\/ifpbm.org\/pt-pt\/wp-json\/wp\/v2\/comments?post=18026"}],"version-history":[{"count":1,"href":"https:\/\/ifpbm.org\/pt-pt\/wp-json\/wp\/v2\/pages\/18026\/revisions"}],"predecessor-version":[{"id":18029,"href":"https:\/\/ifpbm.org\/pt-pt\/wp-json\/wp\/v2\/pages\/18026\/revisions\/18029"}],"wp:attachment":[{"href":"https:\/\/ifpbm.org\/pt-pt\/wp-json\/wp\/v2\/media?parent=18026"}],"curies":[{"name":"wp","href":"https:\/\/api.w.org\/{rel}","templated":true}]}}