
{"id":18021,"date":"2015-03-11T00:19:19","date_gmt":"2015-03-11T00:19:19","guid":{"rendered":"https:\/\/ifpbm.org\/perguntas-frequentes-sobre-a-subscricao\/"},"modified":"2024-03-25T18:22:12","modified_gmt":"2024-03-25T18:22:12","slug":"perguntas-frequentes-sobre-a-subscricao","status":"publish","type":"page","link":"https:\/\/ifpbm.org\/pt-pt\/perguntas-frequentes-sobre-a-subscricao\/","title":{"rendered":"Perguntas frequentes sobre a subscri\u00e7\u00e3o"},"content":{"rendered":"\n<h2 class=\"wp-block-heading\">Quanto custa uma subscri\u00e7\u00e3o?<\/h2>\n\n<p>As assinaturas custam <sup>491<\/sup> euros (EUR), com renova\u00e7\u00f5es tamb\u00e9m a 49 euros. Assim que a compra for conclu\u00edda, a sua assinatura ser\u00e1 ativada automaticamente e poder\u00e1 visualizar o Conte\u00fado Premium do IFPBM imediatamente.<\/p>\n\n<h2 class=\"wp-block-heading\">Quanto tempo dura uma subscri\u00e7\u00e3o?<\/h2>\n\n<p>Uma subscri\u00e7\u00e3o tem a dura\u00e7\u00e3o de 12 meses e pode ser renovada por mais 12 meses ap\u00f3s o seu termo.<\/p>\n\n<h2 class=\"wp-block-heading\">As subscri\u00e7\u00f5es s\u00e3o renovadas automaticamente?<\/h2>\n\n<p>N\u00e3o, quando uma subscri\u00e7\u00e3o expira, tem de comprar uma renova\u00e7\u00e3o. Ser\u00e1 notificado da expira\u00e7\u00e3o algumas semanas antes da data de expira\u00e7\u00e3o.<\/p>\n\n<h2 class=\"wp-block-heading\">A subscri\u00e7\u00e3o pode ser transferida para um amigo\/cliente ap\u00f3s a compra?<\/h2>\n\n<p>As subscri\u00e7\u00f5es est\u00e3o associadas ao Utilizador Registado que iniciou sess\u00e3o no momento da compra da subscri\u00e7\u00e3o e n\u00e3o s\u00e3o transfer\u00edveis.<\/p>\n\n<h2 class=\"wp-block-heading\">Posso obter um reembolso se n\u00e3o estiver satisfeito?<\/h2>\n\n<p>Todas as vendas s\u00e3o definitivas e n\u00e3o ser\u00e3o efectuados reembolsos. A ativa\u00e7\u00e3o de uma subscri\u00e7\u00e3o completa a compra da subscri\u00e7\u00e3o e constitui uma entrega. Uma assinatura n\u00e3o \u00e9 uma compra de um produto, mas permite o acesso a determinadas sec\u00e7\u00f5es deste s\u00edtio Web, incluindo v\u00eddeos e uma base de dados pesquis\u00e1vel.<\/p>\n\n<p>1. O pre\u00e7o n\u00e3o inclui IVA a 20%. Pode ser cobrado IVA nas encomendas da UE, em conformidade com a Diretiva Europeia 2008\/8\/UE<\/p>\n","protected":false},"excerpt":{"rendered":"<p>Quanto custa uma subscri\u00e7\u00e3o? As assinaturas custam 491 euros (EUR), com renova\u00e7\u00f5es tamb\u00e9m a 49 euros. Assim que a compra for conclu\u00edda, a sua assinatura ser\u00e1 ativada automaticamente e poder\u00e1 visualizar o Conte\u00fado Premium do IFPBM imediatamente. Quanto tempo dura uma subscri\u00e7\u00e3o? Uma subscri\u00e7\u00e3o tem a dura\u00e7\u00e3o de 12 meses e pode ser renovada por <a href=\"https:\/\/ifpbm.org\/pt-pt\/perguntas-frequentes-sobre-a-subscricao\/\">[&#8230;]<\/a><\/p>\n","protected":false},"author":1,"featured_media":0,"parent":0,"menu_order":0,"comment_status":"closed","ping_status":"closed","template":"","meta":{"footnotes":""},"class_list":["post-18021","page","type-page","status-publish","hentry"],"acf":[],"_links":{"self":[{"href":"https:\/\/ifpbm.org\/pt-pt\/wp-json\/wp\/v2\/pages\/18021","targetHints":{"allow":["GET"]}}],"collection":[{"href":"https:\/\/ifpbm.org\/pt-pt\/wp-json\/wp\/v2\/pages"}],"about":[{"href":"https:\/\/ifpbm.org\/pt-pt\/wp-json\/wp\/v2\/types\/page"}],"author":[{"embeddable":true,"href":"https:\/\/ifpbm.org\/pt-pt\/wp-json\/wp\/v2\/users\/1"}],"replies":[{"embeddable":true,"href":"https:\/\/ifpbm.org\/pt-pt\/wp-json\/wp\/v2\/comments?post=18021"}],"version-history":[{"count":3,"href":"https:\/\/ifpbm.org\/pt-pt\/wp-json\/wp\/v2\/pages\/18021\/revisions"}],"predecessor-version":[{"id":18052,"href":"https:\/\/ifpbm.org\/pt-pt\/wp-json\/wp\/v2\/pages\/18021\/revisions\/18052"}],"wp:attachment":[{"href":"https:\/\/ifpbm.org\/pt-pt\/wp-json\/wp\/v2\/media?parent=18021"}],"curies":[{"name":"wp","href":"https:\/\/api.w.org\/{rel}","templated":true}]}}