
{"id":18017,"date":"2015-02-12T22:26:40","date_gmt":"2015-02-12T22:26:40","guid":{"rendered":"https:\/\/ifpbm.org\/obrigado-por-contactar-o-ifpbm\/"},"modified":"2024-03-25T18:22:03","modified_gmt":"2024-03-25T18:22:03","slug":"obrigado-por-contactar-o-ifpbm","status":"publish","type":"page","link":"https:\/\/ifpbm.org\/pt-pt\/obrigado-por-contactar-o-ifpbm\/","title":{"rendered":"Obrigado por contactar o IFPBM"},"content":{"rendered":"\n<p><span style=\"line-height: 1.3em;\">A International Foundation for Patient Blood Management<\/span> entrar\u00e1 em contacto consigo em breve. Verifique o seu correio eletr\u00f3nico para obter uma confirma\u00e7\u00e3o autom\u00e1tica. Responderemos ao seu pedido com a maior brevidade poss\u00edvel.<\/p>\n\n<p>Administrador do IFPBM<\/p>\n","protected":false},"excerpt":{"rendered":"<p>A International Foundation for Patient Blood Management entrar\u00e1 em contacto consigo em breve. Verifique o seu correio eletr\u00f3nico para obter uma confirma\u00e7\u00e3o autom\u00e1tica. Responderemos ao seu pedido com a maior brevidade poss\u00edvel. Administrador do IFPBM<\/p>\n","protected":false},"author":1,"featured_media":0,"parent":0,"menu_order":0,"comment_status":"closed","ping_status":"closed","template":"","meta":{"footnotes":""},"class_list":["post-18017","page","type-page","status-publish","hentry"],"acf":[],"_links":{"self":[{"href":"https:\/\/ifpbm.org\/pt-pt\/wp-json\/wp\/v2\/pages\/18017","targetHints":{"allow":["GET"]}}],"collection":[{"href":"https:\/\/ifpbm.org\/pt-pt\/wp-json\/wp\/v2\/pages"}],"about":[{"href":"https:\/\/ifpbm.org\/pt-pt\/wp-json\/wp\/v2\/types\/page"}],"author":[{"embeddable":true,"href":"https:\/\/ifpbm.org\/pt-pt\/wp-json\/wp\/v2\/users\/1"}],"replies":[{"embeddable":true,"href":"https:\/\/ifpbm.org\/pt-pt\/wp-json\/wp\/v2\/comments?post=18017"}],"version-history":[{"count":3,"href":"https:\/\/ifpbm.org\/pt-pt\/wp-json\/wp\/v2\/pages\/18017\/revisions"}],"predecessor-version":[{"id":18030,"href":"https:\/\/ifpbm.org\/pt-pt\/wp-json\/wp\/v2\/pages\/18017\/revisions\/18030"}],"wp:attachment":[{"href":"https:\/\/ifpbm.org\/pt-pt\/wp-json\/wp\/v2\/media?parent=18017"}],"curies":[{"name":"wp","href":"https:\/\/api.w.org\/{rel}","templated":true}]}}