
{"id":18010,"date":"2014-06-01T07:18:00","date_gmt":"2014-06-01T07:18:00","guid":{"rendered":"https:\/\/ifpbm.org\/a-fundacao-internacional-para-a-gestao-do-sangue-dos-doentes\/"},"modified":"2024-03-25T18:21:23","modified_gmt":"2024-03-25T18:21:23","slug":"a-fundacao-internacional-para-a-gestao-do-sangue-dos-doentes","status":"publish","type":"page","link":"https:\/\/ifpbm.org\/pt-pt\/a-fundacao-internacional-para-a-gestao-do-sangue-dos-doentes\/","title":{"rendered":"A Funda\u00e7\u00e3o Internacional para a Gest\u00e3o do Sangue dos Doentes"},"content":{"rendered":"\n<p class=\"has-text-align-center\">\n<video src=\"https:\/\/ifpbm.org\/images\/videos\/what_is_pbm.mp4\" poster=\"images\/videos\/what_is_pbm_poster2.jpg\" controls=\"controls\" width=\"854\" height=\"480\"><\/video>\n<\/p>\n\n<p class=\"has-text-align-center\">Dura\u00e7\u00e3o: 1:26 <a href=\"\/images\/videos\/what_is_pbm_chinese.mp4\" target=\"_blank\" rel=\"noopener\">\u70b9\u51fb\u64ad\u653e<\/a><\/p>\n\n<h2 class=\"wp-block-heading\"><span class=\"\">A Gest\u00e3o do Sangue do Doente \u00e9 uma abordagem centrada no doente, sistem\u00e1tica e baseada em provas para <\/span><span style=\"text-decoration: underline\">\n  <span class=\"\">melhorar os resultados dos doentes <\/span>\n<\/span><span class=\"\">atrav\u00e9s da gest\u00e3o e preserva\u00e7\u00e3o do sangue do pr\u00f3prio doente, ao mesmo tempo que promove a seguran\u00e7a e a capacita\u00e7\u00e3o do doente<\/span><\/h2>\n\n<p><a href=\"https:\/\/ifpbm.org\/pt-pt\/what-is-patient-blood-management-3\/\">LEIA MAIS: Explica\u00e7\u00e3o dos conceitos de gest\u00e3o do sangue dos doentes<\/a><\/p>\n\n<p>A International Foundation for Patient Blood Management (Funda\u00e7\u00e3o Internacional para a Gest\u00e3o do Sangue do Doente) est\u00e1 empenhada em assegurar que o sangue do pr\u00f3prio doente, este recurso humano \u00fanico e vital, seja gerido e mantido de forma adequada na sa\u00fade e na doen\u00e7a. Para tal, a Funda\u00e7\u00e3o promove t\u00e9cnicas m\u00e9dicas e cir\u00fargicas cientificamente fundamentadas de gest\u00e3o do sangue do doente, destinadas a conservar o sangue do doente e a minimizar ou evitar a necessidade de transfus\u00e3o de componentes sangu\u00edneos alog\u00e9nicos.<\/p>\n\n<p>A Funda\u00e7\u00e3o reconhece que o sangue alog\u00e9nico doado de forma altru\u00edsta, em confian\u00e7a, \u00e9 um recurso valioso para a comunidade. No entanto, trata-se de um recurso dispendioso com um potencial significativo de resultados cl\u00ednicos adversos. Por conseguinte, s\u00f3 deve ser utilizado como terapia com o consentimento do doente quando houver provas de um potencial benef\u00edcio, n\u00e3o existirem alternativas e os riscos forem adequadamente considerados e equilibrados em rela\u00e7\u00e3o aos benef\u00edcios.<\/p>\n\n<p>A mudan\u00e7a da pr\u00e1tica de transfus\u00e3o padr\u00e3o para a Gest\u00e3o do Sangue do Doente (PBM) est\u00e1 a ganhar for\u00e7a em todo o mundo. A <a href=\"https:\/\/www.who.int\/\" target=\"_blank\" rel=\"noopener\">Organiza\u00e7\u00e3o Mundial de Sa\u00fade<\/a> (OMS) salientou a import\u00e2ncia da gest\u00e3o do <a href=\"https:\/\/www.who.int\/bloodsafety\/events\/gfbs_01_pbm\/en\/\" target=\"_blank\" rel=\"noopener\">sangue<\/a> dos doentes e a <a href=\"https:\/\/ec.europa.eu\/commission\/index_en\" target=\"_blank\" rel=\"noopener\">Comiss\u00e3o Europeia<\/a> publicou <a href=\"https:\/\/ec.europa.eu\/health\/blood_tissues_organs\/publications_en\" target=\"_blank\" rel=\"noopener noreferrer\">dois guias sobre a gest\u00e3o do sangue dos doentes<\/a>. Na Austr\u00e1lia, a <a href=\"https:\/\/www.blood.gov.au\/patient-blood-management-pbm\" target=\"_blank\" rel=\"noopener\">Autoridade Nacional do Sangue<\/a> publicou directrizes para a aplica\u00e7\u00e3o da PBM. No entanto, trata-se de uma &#8220;mudan\u00e7a de paradigma&#8221; que levar\u00e1 tempo a tornar-se finalmente o novo &#8220;padr\u00e3o de excel\u00eancia&#8221; dos cuidados de sa\u00fade.  <\/p>\n\n<p>Organiza\u00e7\u00f5es como a International Foundation for Patient Blood Management est\u00e3o na linha da frente desta mudan\u00e7a. Criada em 2015 como uma funda\u00e7\u00e3o su\u00ed\u00e7a sem fins lucrativos, o objetivo da Funda\u00e7\u00e3o \u00e9 melhorar os resultados dos doentes atrav\u00e9s da promo\u00e7\u00e3o, expans\u00e3o e melhoria da PBM baseada em provas na pr\u00e1tica cl\u00ednica. Orientada pelos maiores especialistas mundiais em PBM e fundamentada na valida\u00e7\u00e3o cient\u00edfica e na pr\u00e1tica baseada em provas, a Funda\u00e7\u00e3o promove a educa\u00e7\u00e3o e a forma\u00e7\u00e3o para permitir a mudan\u00e7a.<\/p>\n","protected":false},"excerpt":{"rendered":"<p>Dura\u00e7\u00e3o: 1:26 \u70b9\u51fb\u64ad\u653e A Gest\u00e3o do Sangue do Doente \u00e9 uma abordagem centrada no doente, sistem\u00e1tica e baseada em provas para melhorar os resultados dos doentes atrav\u00e9s da gest\u00e3o e preserva\u00e7\u00e3o do sangue do pr\u00f3prio doente, ao mesmo tempo que promove a seguran\u00e7a e a capacita\u00e7\u00e3o do doente LEIA MAIS: Explica\u00e7\u00e3o dos conceitos de gest\u00e3o <a href=\"https:\/\/ifpbm.org\/pt-pt\/a-fundacao-internacional-para-a-gestao-do-sangue-dos-doentes\/\">[&#8230;]<\/a><\/p>\n","protected":false},"author":1,"featured_media":0,"parent":0,"menu_order":0,"comment_status":"closed","ping_status":"closed","template":"","meta":{"footnotes":""},"class_list":["post-18010","page","type-page","status-publish","hentry"],"acf":[],"_links":{"self":[{"href":"https:\/\/ifpbm.org\/pt-pt\/wp-json\/wp\/v2\/pages\/18010","targetHints":{"allow":["GET"]}}],"collection":[{"href":"https:\/\/ifpbm.org\/pt-pt\/wp-json\/wp\/v2\/pages"}],"about":[{"href":"https:\/\/ifpbm.org\/pt-pt\/wp-json\/wp\/v2\/types\/page"}],"author":[{"embeddable":true,"href":"https:\/\/ifpbm.org\/pt-pt\/wp-json\/wp\/v2\/users\/1"}],"replies":[{"embeddable":true,"href":"https:\/\/ifpbm.org\/pt-pt\/wp-json\/wp\/v2\/comments?post=18010"}],"version-history":[{"count":1,"href":"https:\/\/ifpbm.org\/pt-pt\/wp-json\/wp\/v2\/pages\/18010\/revisions"}],"predecessor-version":[{"id":18013,"href":"https:\/\/ifpbm.org\/pt-pt\/wp-json\/wp\/v2\/pages\/18010\/revisions\/18013"}],"wp:attachment":[{"href":"https:\/\/ifpbm.org\/pt-pt\/wp-json\/wp\/v2\/media?parent=18010"}],"curies":[{"name":"wp","href":"https:\/\/api.w.org\/{rel}","templated":true}]}}