
{"id":18007,"date":"2014-06-26T13:32:16","date_gmt":"2014-06-26T13:32:16","guid":{"rendered":"https:\/\/ifpbm.org\/contribua-com-a-pesquisa-do-ifpbm\/"},"modified":"2024-03-25T18:21:19","modified_gmt":"2024-03-25T18:21:19","slug":"contribua-com-a-pesquisa-do-ifpbm","status":"publish","type":"page","link":"https:\/\/ifpbm.org\/pt-pt\/sobre\/contribua-com-a-pesquisa-do-ifpbm\/","title":{"rendered":"Contribua com a pesquisa do IFPBM"},"content":{"rendered":"\n<figure class=\"wp-block-image\"><img decoding=\"async\" src=\"https:\/\/ifpbm.org\/wp-content\/uploads\/2023\/05\/research_960x400.jpg\" alt=\"\"\/><\/figure>\n\n<p>Como parte do nosso <a class=\"jcepopup noicon\" style=\"color: #5691b6\" href=\"\/images\/ifpbm_circle.jpg\" target=\"_blank\" rel=\"noopener noreferrer\" data-mediabox=\"width[500];height[500];title[IFPBM Charter]\">estatuto<\/a>, a Funda\u00e7\u00e3o Internacional para a Gest\u00e3o do Sangue dos Doentes procura formas de aprofundar os conhecimentos sobre a Gest\u00e3o do Sangue dos Doentes.<\/p>\n\n<h2 class=\"wp-block-heading\">Patrocinar a colabora\u00e7\u00e3o<\/h2>\n\n<p>A Funda\u00e7\u00e3o procura ativamente formas de reunir investigadores individuais e institui\u00e7\u00f5es para fazer avan\u00e7ar os conhecimentos sobre a gest\u00e3o do sangue dos doentes. Se tiver interesse numa \u00e1rea espec\u00edfica, informe a Funda\u00e7\u00e3o e talvez possamos ajud\u00e1-lo.<\/p>\n\n<h2 class=\"wp-block-heading\">Promover a investiga\u00e7\u00e3o<\/h2>\n\n<p>A Funda\u00e7\u00e3o identifica as lacunas de conhecimento na gest\u00e3o do sangue dos doentes e promove e apoia os esfor\u00e7os de investiga\u00e7\u00e3o nestas \u00e1reas. Se, enquanto indiv\u00edduo ou institui\u00e7\u00e3o, tiver capacidades de investiga\u00e7\u00e3o e interesse em promover o conhecimento sobre o sangue dos doentes, entre em contacto com a Funda\u00e7\u00e3o.<\/p>\n\n<h2 class=\"wp-block-heading\">Para participar, contacte hoje mesmo o IFPBM<\/h2>\n\n<h3 class=\"wp-block-heading\"><span style=\"color: #ffffff;background-color: #58a9ca\"><a style=\"color: #ffffff\" href=\"\/about-us\/contact-us\">    <span style=\"font-size: 12pt\">Contacte o IFPBM<\/span>     <\/a><br\/><\/span><\/h3>\n","protected":false},"excerpt":{"rendered":"<p>Como parte do nosso estatuto, a Funda\u00e7\u00e3o Internacional para a Gest\u00e3o do Sangue dos Doentes procura formas de aprofundar os conhecimentos sobre a Gest\u00e3o do Sangue dos Doentes. Patrocinar a colabora\u00e7\u00e3o A Funda\u00e7\u00e3o procura ativamente formas de reunir investigadores individuais e institui\u00e7\u00f5es para fazer avan\u00e7ar os conhecimentos sobre a gest\u00e3o do sangue dos doentes. Se <a href=\"https:\/\/ifpbm.org\/pt-pt\/sobre\/contribua-com-a-pesquisa-do-ifpbm\/\">[&#8230;]<\/a><\/p>\n","protected":false},"author":1,"featured_media":0,"parent":18318,"menu_order":0,"comment_status":"closed","ping_status":"closed","template":"","meta":{"footnotes":""},"class_list":["post-18007","page","type-page","status-publish","hentry"],"acf":[],"_links":{"self":[{"href":"https:\/\/ifpbm.org\/pt-pt\/wp-json\/wp\/v2\/pages\/18007","targetHints":{"allow":["GET"]}}],"collection":[{"href":"https:\/\/ifpbm.org\/pt-pt\/wp-json\/wp\/v2\/pages"}],"about":[{"href":"https:\/\/ifpbm.org\/pt-pt\/wp-json\/wp\/v2\/types\/page"}],"author":[{"embeddable":true,"href":"https:\/\/ifpbm.org\/pt-pt\/wp-json\/wp\/v2\/users\/1"}],"replies":[{"embeddable":true,"href":"https:\/\/ifpbm.org\/pt-pt\/wp-json\/wp\/v2\/comments?post=18007"}],"version-history":[{"count":1,"href":"https:\/\/ifpbm.org\/pt-pt\/wp-json\/wp\/v2\/pages\/18007\/revisions"}],"predecessor-version":[{"id":18008,"href":"https:\/\/ifpbm.org\/pt-pt\/wp-json\/wp\/v2\/pages\/18007\/revisions\/18008"}],"up":[{"embeddable":true,"href":"https:\/\/ifpbm.org\/pt-pt\/wp-json\/wp\/v2\/pages\/18318"}],"wp:attachment":[{"href":"https:\/\/ifpbm.org\/pt-pt\/wp-json\/wp\/v2\/media?parent=18007"}],"curies":[{"name":"wp","href":"https:\/\/api.w.org\/{rel}","templated":true}]}}