
{"id":18001,"date":"2014-07-14T09:52:13","date_gmt":"2014-07-14T09:52:13","guid":{"rendered":"https:\/\/ifpbm.org\/noticias-e-eventos-do-ifpbm\/"},"modified":"2024-03-25T18:21:16","modified_gmt":"2024-03-25T18:21:16","slug":"noticias-e-eventos-do-ifpbm","status":"publish","type":"page","link":"https:\/\/ifpbm.org\/pt-pt\/noticias-e-eventos-do-ifpbm\/","title":{"rendered":"Not\u00edcias e eventos do IFPBM"},"content":{"rendered":"\n<figure class=\"wp-block-image\"><img decoding=\"async\" src=\"https:\/\/ifpbm.org\/wp-content\/uploads\/2023\/05\/news_globe.jpg\" alt=\"\"\/><\/figure>\n\n<p>Pode consultar abaixo as \u00faltimas not\u00edcias sobre a Gest\u00e3o do Sangue dos Doentes e os eventos da Funda\u00e7\u00e3o Internacional para a Gest\u00e3o do Sangue dos Doentes.<\/p>\n\n<p>Volte sempre ou siga o IFPBM no Facebook ou no Twitter para se manter a par do que est\u00e1 a acontecer no mundo da Gest\u00e3o do Sangue dos Doentes.<\/p>\n","protected":false},"excerpt":{"rendered":"<p>Pode consultar abaixo as \u00faltimas not\u00edcias sobre a Gest\u00e3o do Sangue dos Doentes e os eventos da Funda\u00e7\u00e3o Internacional para a Gest\u00e3o do Sangue dos Doentes. Volte sempre ou siga o IFPBM no Facebook ou no Twitter para se manter a par do que est\u00e1 a acontecer no mundo da Gest\u00e3o do Sangue dos Doentes.<\/p>\n","protected":false},"author":1,"featured_media":0,"parent":0,"menu_order":0,"comment_status":"closed","ping_status":"closed","template":"","meta":{"footnotes":""},"class_list":["post-18001","page","type-page","status-publish","hentry"],"acf":[],"_links":{"self":[{"href":"https:\/\/ifpbm.org\/pt-pt\/wp-json\/wp\/v2\/pages\/18001","targetHints":{"allow":["GET"]}}],"collection":[{"href":"https:\/\/ifpbm.org\/pt-pt\/wp-json\/wp\/v2\/pages"}],"about":[{"href":"https:\/\/ifpbm.org\/pt-pt\/wp-json\/wp\/v2\/types\/page"}],"author":[{"embeddable":true,"href":"https:\/\/ifpbm.org\/pt-pt\/wp-json\/wp\/v2\/users\/1"}],"replies":[{"embeddable":true,"href":"https:\/\/ifpbm.org\/pt-pt\/wp-json\/wp\/v2\/comments?post=18001"}],"version-history":[{"count":1,"href":"https:\/\/ifpbm.org\/pt-pt\/wp-json\/wp\/v2\/pages\/18001\/revisions"}],"predecessor-version":[{"id":18004,"href":"https:\/\/ifpbm.org\/pt-pt\/wp-json\/wp\/v2\/pages\/18001\/revisions\/18004"}],"wp:attachment":[{"href":"https:\/\/ifpbm.org\/pt-pt\/wp-json\/wp\/v2\/media?parent=18001"}],"curies":[{"name":"wp","href":"https:\/\/api.w.org\/{rel}","templated":true}]}}