
{"id":18348,"date":"2023-01-16T12:16:42","date_gmt":"2023-01-16T12:16:42","guid":{"rendered":"https:\/\/ifpbm.org\/inicio\/"},"modified":"2024-03-25T19:23:07","modified_gmt":"2024-03-25T19:23:07","slug":"inicio","status":"publish","type":"page","link":"https:\/\/ifpbm.org\/es\/","title":{"rendered":"Inicio"},"content":{"rendered":"\n<div class=\"wp-block-group glide carousel-hero-caption is-layout-flow wp-block-group-is-layout-flow\">\n<div class=\"wp-block-group is-vertical is-layout-flex wp-container-core-group-is-layout-8cf370e7 wp-block-group-is-layout-flex\">\n<div class=\"wp-block-group is-nowrap is-layout-flex wp-container-core-group-is-layout-ad2f72ca wp-block-group-is-layout-flex\">\n<div class=\"wp-block-cover\"><span aria-hidden=\"true\" class=\"wp-block-cover__background has-background-dim-0 has-background-dim\"><\/span><img decoding=\"async\" class=\"wp-block-cover__image-background wp-image-140\" alt=\"\" src=\"\/wp-content\/themes\/ifpbm-theme\/assets\/images\/blood.jpg\" data-object-fit=\"cover\"\/><div class=\"wp-block-cover__inner-container is-layout-flow wp-block-cover-is-layout-flow\">\n<h1 class=\"wp-block-heading has-text-align-center has-white-color has-text-color\">\u00bfQui\u00e9n es el IFPBM?<\/h1>\n\n\n\n<div class=\"wp-block-buttons is-content-justification-center is-layout-flex wp-container-core-buttons-is-layout-16018d1d wp-block-buttons-is-layout-flex\">\n<div class=\"wp-block-button\"><a class=\"wp-block-button__link has-black-color has-white-background-color has-text-color has-background wp-element-button\" href=\"https:\/\/ifpbm.org\/es\/acerca-de\/\" rel=\"\/about\/\">Ver el v\u00eddeo<\/a><\/div>\n<\/div>\n<\/div><\/div>\n\n\n\n<div class=\"wp-block-cover\"><span aria-hidden=\"true\" class=\"wp-block-cover__background has-background-dim-0 has-background-dim\"><\/span><img decoding=\"async\" class=\"wp-block-cover__image-background wp-image-139\" alt=\"\" src=\"\/wp-content\/themes\/ifpbm-theme\/assets\/images\/blood.jpg\" data-object-fit=\"cover\"\/><div class=\"wp-block-cover__inner-container is-layout-flow wp-block-cover-is-layout-flow\">\n<h1 class=\"wp-block-heading has-text-align-center has-white-color has-text-color\">\u00bfQu\u00e9 es la gesti\u00f3n de la sangre del paciente?<\/h1>\n\n\n\n<div class=\"wp-block-buttons is-content-justification-center is-layout-flex wp-container-core-buttons-is-layout-16018d1d wp-block-buttons-is-layout-flex\">\n<div class=\"wp-block-button is-style-fill\"><a class=\"wp-block-button__link has-black-color has-white-background-color has-text-color has-background wp-element-button\" href=\"https:\/\/patientbloodmanagement.org\/learn\/what-is-patient-blood-management\/\" style=\"border-radius:34px\" rel=\"https:\/\/patientbloodmanagement.org\/learn\/what-is-patient-blood-management\/\">Ver el v\u00eddeo<\/a><\/div>\n<\/div>\n<\/div><\/div>\n<\/div>\n<\/div>\n<\/div>\n\n<div class=\"wp-block-group alignfull carousel-news glide is-layout-flow wp-block-group-is-layout-flow\">\n<div class=\"wp-block-query alignfull is-layout-flow wp-block-query-is-layout-flow\"><ul class=\"is-flex-container columns-3 wp-block-post-template is-layout-flow wp-block-post-template-is-layout-flow\"><li class=\"wp-block-post post-18560 news type-news status-publish has-post-thumbnail hentry tag-carrusel\">\n<figure class=\"wp-block-post-featured-image\"><a href=\"https:\/\/ifpbm.org\/es\/news\/la-organizacion-mundial-de-la-salud-publica-una-guia-innovadora-sobre-la-gestion-de-la-sangre-de-los-pacientes-para-hacer-frente-a-la-crisis-mundial-de-la-salud-hematologica\/\" target=\"_self\"  ><img loading=\"lazy\" decoding=\"async\" width=\"1920\" height=\"1080\" src=\"https:\/\/ifpbm.org\/wp-content\/uploads\/sites\/2\/2025\/02\/who_composite.jpg\" class=\"attachment-post-thumbnail size-post-thumbnail wp-post-image\" alt=\"La Organizaci\u00f3n Mundial de la Salud publica una gu\u00eda innovadora sobre la gesti\u00f3n de la sangre de los pacientes para hacer frente a la crisis mundial de la salud hematol\u00f3gica\" style=\"object-fit:cover;\" srcset=\"https:\/\/ifpbm.org\/wp-content\/uploads\/sites\/2\/2025\/02\/who_composite.jpg 1920w, https:\/\/ifpbm.org\/wp-content\/uploads\/sites\/2\/2025\/02\/who_composite-300x169.jpg 300w, https:\/\/ifpbm.org\/wp-content\/uploads\/sites\/2\/2025\/02\/who_composite-1024x576.jpg 1024w, https:\/\/ifpbm.org\/wp-content\/uploads\/sites\/2\/2025\/02\/who_composite-768x432.jpg 768w, https:\/\/ifpbm.org\/wp-content\/uploads\/sites\/2\/2025\/02\/who_composite-1536x864.jpg 1536w\" sizes=\"auto, (max-width: 1920px) 100vw, 1920px\" \/><span class=\"wp-block-post-featured-image__overlay has-background-dim has-background-dim-80 has-white-background-color\" style=\"\" aria-hidden=\"true\"><\/span><\/a><\/figure>\n\n<h2 class=\"wp-block-post-title\">La Organizaci\u00f3n Mundial de la Salud publica una gu\u00eda innovadora sobre la gesti\u00f3n de la sangre de los pacientes para hacer frente a la crisis mundial de la salud hematol\u00f3gica<\/h2>\n\n\n<div class=\"wp-block-buttons is-layout-flex wp-block-buttons-is-layout-flex\">\n<div class=\"wp-block-button\"><a class=\"wp-block-button__link has-black-color has-white-background-color has-text-color has-background wp-element-button\">Leer m\u00e1s<\/a><\/div>\n<\/div>\n\n<\/li><li class=\"wp-block-post post-18562 news type-news status-publish has-post-thumbnail hentry tag-carrusel\">\n<figure class=\"wp-block-post-featured-image\"><a href=\"https:\/\/ifpbm.org\/es\/news\/la-organizacion-mundial-de-la-salud-publica-una-guia-innovadora-sobre-la-gestion-de-la-sangre-de-los-pacientes-en-portugues\/\" target=\"_self\"  ><img loading=\"lazy\" decoding=\"async\" width=\"1920\" height=\"1080\" src=\"https:\/\/ifpbm.org\/wp-content\/uploads\/sites\/2\/2025\/03\/WHO_Portuguese-1.jpg\" class=\"attachment-post-thumbnail size-post-thumbnail wp-post-image\" alt=\"La Organizaci\u00f3n Mundial de la Salud publica una gu\u00eda innovadora sobre la gesti\u00f3n de la sangre de los pacientes en portugu\u00e9s\" style=\"object-fit:cover;\" srcset=\"https:\/\/ifpbm.org\/wp-content\/uploads\/sites\/2\/2025\/03\/WHO_Portuguese-1.jpg 1920w, https:\/\/ifpbm.org\/wp-content\/uploads\/sites\/2\/2025\/03\/WHO_Portuguese-1-300x169.jpg 300w, https:\/\/ifpbm.org\/wp-content\/uploads\/sites\/2\/2025\/03\/WHO_Portuguese-1-1024x576.jpg 1024w, https:\/\/ifpbm.org\/wp-content\/uploads\/sites\/2\/2025\/03\/WHO_Portuguese-1-768x432.jpg 768w, https:\/\/ifpbm.org\/wp-content\/uploads\/sites\/2\/2025\/03\/WHO_Portuguese-1-1536x864.jpg 1536w\" sizes=\"auto, (max-width: 1920px) 100vw, 1920px\" \/><span class=\"wp-block-post-featured-image__overlay has-background-dim has-background-dim-80 has-white-background-color\" style=\"\" aria-hidden=\"true\"><\/span><\/a><\/figure>\n\n<h2 class=\"wp-block-post-title\">La Organizaci\u00f3n Mundial de la Salud publica una gu\u00eda innovadora sobre la gesti\u00f3n de la sangre de los pacientes en portugu\u00e9s<\/h2>\n\n\n<div class=\"wp-block-buttons is-layout-flex wp-block-buttons-is-layout-flex\">\n<div class=\"wp-block-button\"><a class=\"wp-block-button__link has-black-color has-white-background-color has-text-color has-background wp-element-button\">Leer m\u00e1s<\/a><\/div>\n<\/div>\n\n<\/li><li class=\"wp-block-post post-18571 news type-news status-publish has-post-thumbnail hentry tag-carrusel\">\n<figure class=\"wp-block-post-featured-image\"><a href=\"https:\/\/ifpbm.org\/es\/news\/lanzamiento-de-una-nueva-herramienta-de-implantacion-y-evaluacion-del-programa-de-gestion-de-la-sangre-del-paciente-piat-para-mejorar-el-cumplimiento-de-las-directrices-mundiales\/\" target=\"_self\"  ><img loading=\"lazy\" decoding=\"async\" width=\"2560\" height=\"1192\" src=\"https:\/\/ifpbm.org\/wp-content\/uploads\/sites\/2\/2025\/02\/18237657_l_SML_REV-scaled.jpeg\" class=\"attachment-post-thumbnail size-post-thumbnail wp-post-image\" alt=\"Lanzamiento de una nueva herramienta de implantaci\u00f3n y evaluaci\u00f3n del programa de gesti\u00f3n de la sangre del paciente (PIAT) para mejorar el cumplimiento de las directrices mundiales\" style=\"object-fit:cover;\" srcset=\"https:\/\/ifpbm.org\/wp-content\/uploads\/sites\/2\/2025\/02\/18237657_l_SML_REV-scaled.jpeg 2560w, https:\/\/ifpbm.org\/wp-content\/uploads\/sites\/2\/2025\/02\/18237657_l_SML_REV-300x140.jpeg 300w, https:\/\/ifpbm.org\/wp-content\/uploads\/sites\/2\/2025\/02\/18237657_l_SML_REV-1024x477.jpeg 1024w, https:\/\/ifpbm.org\/wp-content\/uploads\/sites\/2\/2025\/02\/18237657_l_SML_REV-768x358.jpeg 768w, https:\/\/ifpbm.org\/wp-content\/uploads\/sites\/2\/2025\/02\/18237657_l_SML_REV-1536x715.jpeg 1536w, https:\/\/ifpbm.org\/wp-content\/uploads\/sites\/2\/2025\/02\/18237657_l_SML_REV-2048x953.jpeg 2048w\" sizes=\"auto, (max-width: 2560px) 100vw, 2560px\" \/><span class=\"wp-block-post-featured-image__overlay has-background-dim has-background-dim-80 has-white-background-color\" style=\"\" aria-hidden=\"true\"><\/span><\/a><\/figure>\n\n<h2 class=\"wp-block-post-title\">Lanzamiento de una nueva herramienta de implantaci\u00f3n y evaluaci\u00f3n del programa de gesti\u00f3n de la sangre del paciente (PIAT) para mejorar el cumplimiento de las directrices mundiales<\/h2>\n\n\n<div class=\"wp-block-buttons is-layout-flex wp-block-buttons-is-layout-flex\">\n<div class=\"wp-block-button\"><a class=\"wp-block-button__link has-black-color has-white-background-color has-text-color has-background wp-element-button\">Leer m\u00e1s<\/a><\/div>\n<\/div>\n\n<\/li><li class=\"wp-block-post post-18475 news type-news status-publish has-post-thumbnail hentry tag-carrusel\">\n<figure class=\"wp-block-post-featured-image\"><a href=\"https:\/\/ifpbm.org\/es\/news\/john-hopkins-medicine-study-suggests-preoperative-iron-infusions-work-better-than-blood-transfusions-for-some-anemic-patients\/\" target=\"_self\"  ><img loading=\"lazy\" decoding=\"async\" width=\"916\" height=\"569\" src=\"https:\/\/ifpbm.org\/wp-content\/uploads\/sites\/2\/2024\/07\/iron_infusion_carousel.webp\" class=\"attachment-post-thumbnail size-post-thumbnail wp-post-image\" alt=\"Un estudio sugiere que las infusiones preoperatorias de hierro son mejores que las transfusiones de sangre para algunos pacientes an\u00e9micos\" style=\"object-fit:cover;\" srcset=\"https:\/\/ifpbm.org\/wp-content\/uploads\/sites\/2\/2024\/07\/iron_infusion_carousel.webp 916w, https:\/\/ifpbm.org\/wp-content\/uploads\/sites\/2\/2024\/07\/iron_infusion_carousel-300x186.webp 300w, https:\/\/ifpbm.org\/wp-content\/uploads\/sites\/2\/2024\/07\/iron_infusion_carousel-768x477.webp 768w\" sizes=\"auto, (max-width: 916px) 100vw, 916px\" \/><span class=\"wp-block-post-featured-image__overlay has-background-dim has-background-dim-80 has-white-background-color\" style=\"\" aria-hidden=\"true\"><\/span><\/a><\/figure>\n\n<h2 class=\"wp-block-post-title\">Un estudio sugiere que las infusiones preoperatorias de hierro son mejores que las transfusiones de sangre para algunos pacientes an\u00e9micos<\/h2>\n\n\n<div class=\"wp-block-buttons is-layout-flex wp-block-buttons-is-layout-flex\">\n<div class=\"wp-block-button\"><a class=\"wp-block-button__link has-black-color has-white-background-color has-text-color has-background wp-element-button\">Leer m\u00e1s<\/a><\/div>\n<\/div>\n\n<\/li><li class=\"wp-block-post post-18395 news type-news status-publish has-post-thumbnail hentry category-sin-categorizar tag-carrusel\">\n<figure class=\"wp-block-post-featured-image\"><a href=\"https:\/\/ifpbm.org\/es\/news\/se-inicia-el-proyecto-pbm-de-la-asociacion-brasilena-de-hematologia-hemoterapia-y-terapia-celular-abhh\/\" target=\"_self\"  ><img loading=\"lazy\" decoding=\"async\" width=\"650\" height=\"275\" src=\"https:\/\/ifpbm.org\/wp-content\/uploads\/sites\/2\/2023\/10\/ABHH-RABELLO_Featured_REV-5.jpg\" class=\"attachment-post-thumbnail size-post-thumbnail wp-post-image\" alt=\"Se inicia el proyecto PBM de la Asociaci\u00f3n Brasile\u00f1a de Hematolog\u00eda, Hemoterapia y Terapia Celular (ABHH)\" style=\"object-fit:cover;\" srcset=\"https:\/\/ifpbm.org\/wp-content\/uploads\/sites\/2\/2023\/10\/ABHH-RABELLO_Featured_REV-5.jpg 650w, https:\/\/ifpbm.org\/wp-content\/uploads\/sites\/2\/2023\/10\/ABHH-RABELLO_Featured_REV-5-300x127.jpg 300w\" sizes=\"auto, (max-width: 650px) 100vw, 650px\" \/><span class=\"wp-block-post-featured-image__overlay has-background-dim has-background-dim-80 has-white-background-color\" style=\"\" aria-hidden=\"true\"><\/span><\/a><\/figure>\n\n<h2 class=\"wp-block-post-title\">Se inicia el proyecto PBM de la Asociaci\u00f3n Brasile\u00f1a de Hematolog\u00eda, Hemoterapia y Terapia Celular (ABHH)<\/h2>\n\n\n<div class=\"wp-block-buttons is-layout-flex wp-block-buttons-is-layout-flex\">\n<div class=\"wp-block-button\"><a class=\"wp-block-button__link has-black-color has-white-background-color has-text-color has-background wp-element-button\">Leer m\u00e1s<\/a><\/div>\n<\/div>\n\n<\/li><li class=\"wp-block-post post-18248 news type-news status-publish has-post-thumbnail hentry category-sin-categorizar tag-carrusel\">\n<figure class=\"wp-block-post-featured-image\"><a href=\"https:\/\/ifpbm.org\/es\/news\/blood-works-guia-del-propietario-a-la-venta-en-todo-el-mundo\/\" target=\"_self\"  ><img loading=\"lazy\" decoding=\"async\" width=\"1000\" height=\"400\" src=\"https:\/\/ifpbm.org\/wp-content\/uploads\/sites\/2\/2023\/04\/Bloodworks-featured_grey.jpg\" class=\"attachment-post-thumbnail size-post-thumbnail wp-post-image\" alt=\"&#8216;Blood Works: Gu\u00eda del propietario&#8217; a la venta en todo el mundo\" style=\"object-fit:cover;\" srcset=\"https:\/\/ifpbm.org\/wp-content\/uploads\/sites\/2\/2023\/04\/Bloodworks-featured_grey.jpg 1000w, https:\/\/ifpbm.org\/wp-content\/uploads\/sites\/2\/2023\/04\/Bloodworks-featured_grey-300x120.jpg 300w, https:\/\/ifpbm.org\/wp-content\/uploads\/sites\/2\/2023\/04\/Bloodworks-featured_grey-768x307.jpg 768w\" sizes=\"auto, (max-width: 1000px) 100vw, 1000px\" \/><span class=\"wp-block-post-featured-image__overlay has-background-dim has-background-dim-80 has-white-background-color\" style=\"\" aria-hidden=\"true\"><\/span><\/a><\/figure>\n\n<h2 class=\"wp-block-post-title\">&#8216;Blood Works: Gu\u00eda del propietario&#8217; a la venta en todo el mundo<\/h2>\n\n\n<div class=\"wp-block-buttons is-layout-flex wp-block-buttons-is-layout-flex\">\n<div class=\"wp-block-button\"><a class=\"wp-block-button__link has-black-color has-white-background-color has-text-color has-background wp-element-button\">Leer m\u00e1s<\/a><\/div>\n<\/div>\n\n<\/li><\/ul><\/div>\n<\/div>\n\n<div class=\"wp-block-group columns-pictures is-layout-constrained wp-block-group-is-layout-constrained\">\n<div class=\"wp-block-columns is-layout-flex wp-container-core-columns-is-layout-9d6595d7 wp-block-columns-is-layout-flex\">\n<div class=\"wp-block-column is-layout-flow wp-block-column-is-layout-flow\">\n<div class=\"wp-block-columns is-not-stacked-on-mobile is-layout-flex wp-container-core-columns-is-layout-a339d6e0 wp-block-columns-is-layout-flex\" style=\"padding-top:3em\">\n<div class=\"wp-block-column is-layout-flow wp-block-column-is-layout-flow\">\n<figure class=\"wp-block-image size-full is-resized has-custom-border is-style-default\"><a href=\"https:\/\/patientbloodmanagement.org\/learn\/patient-advice\/\"><img loading=\"lazy\" decoding=\"async\" src=\"https:\/\/ifpbm.org\/wp-content\/uploads\/sites\/2\/2023\/07\/DoctorPatient.jpg\" alt=\"\" class=\"wp-image-16905\" style=\"border-radius:0px\" width=\"678\" height=\"608\" srcset=\"https:\/\/ifpbm.org\/wp-content\/uploads\/sites\/2\/2023\/07\/DoctorPatient.jpg 678w, https:\/\/ifpbm.org\/wp-content\/uploads\/sites\/2\/2023\/07\/DoctorPatient-300x269.jpg 300w\" sizes=\"auto, (max-width: 678px) 100vw, 678px\" \/><\/a><\/figure>\n\n\n\n<h2 class=\"wp-block-heading has-text-align-center has-light-gray-color has-blue-background-color has-text-color has-background has-link-color wp-elements-38395dc67dac55cbda7018d0f37b73ae\"><a href=\"https:\/\/patientbloodmanagement.org\/learn\/patient-advice\/\">Lo que todo el mundo debe saber sobre la gesti\u00f3n de la sangre de los pacientes<\/a><\/h2>\n<\/div>\n\n\n\n<div class=\"wp-block-column is-layout-flow wp-block-column-is-layout-flow\">\n<figure class=\"wp-block-image size-large\"><a href=\"https:\/\/patientbloodmanagement.org\/learn\/patient-blood-management-for-clinicians\/\"><img loading=\"lazy\" decoding=\"async\" width=\"1024\" height=\"758\" src=\"https:\/\/ifpbm.org\/wp-content\/uploads\/sites\/2\/2023\/07\/Information-for-Professionals-homepage-1024x758.jpg\" alt=\"\" class=\"wp-image-17069\" srcset=\"https:\/\/ifpbm.org\/wp-content\/uploads\/sites\/2\/2023\/07\/Information-for-Professionals-homepage-1024x758.jpg 1024w, https:\/\/ifpbm.org\/wp-content\/uploads\/sites\/2\/2023\/07\/Information-for-Professionals-homepage-300x222.jpg 300w, https:\/\/ifpbm.org\/wp-content\/uploads\/sites\/2\/2023\/07\/Information-for-Professionals-homepage-768x568.jpg 768w, https:\/\/ifpbm.org\/wp-content\/uploads\/sites\/2\/2023\/07\/Information-for-Professionals-homepage.jpg 1046w\" sizes=\"auto, (max-width: 1024px) 100vw, 1024px\" \/><\/a><\/figure>\n\n\n\n<h2 class=\"wp-block-heading has-text-align-center has-white-color has-teal-background-color has-text-color has-background has-link-color wp-elements-55553a44d9203ba62141ba28ce5661af\"><a href=\"https:\/\/patientbloodmanagement.org\/learn\/patient-blood-management-for-clinicians\/\" data-type=\"URL\" data-id=\"https:\/\/patientbloodmanagement.org\/learn\/patient-blood-management-for-administrators\/\">Informaci\u00f3n para profesionales sanitarios<\/a><\/h2>\n<\/div>\n\n\n\n<div class=\"wp-block-column is-layout-flow wp-block-column-is-layout-flow\">\n<figure class=\"wp-block-image size-full\"><a href=\"https:\/\/patientbloodmanagement.org\/learn\/patient-blood-management-for-administrators\/\"><img loading=\"lazy\" decoding=\"async\" width=\"523\" height=\"387\" src=\"https:\/\/ifpbm.org\/wp-content\/uploads\/sites\/2\/2023\/07\/Information-for-Pro.jpg\" alt=\"\" class=\"wp-image-17072\" srcset=\"https:\/\/ifpbm.org\/wp-content\/uploads\/sites\/2\/2023\/07\/Information-for-Pro.jpg 523w, https:\/\/ifpbm.org\/wp-content\/uploads\/sites\/2\/2023\/07\/Information-for-Pro-300x222.jpg 300w\" sizes=\"auto, (max-width: 523px) 100vw, 523px\" \/><\/a><\/figure>\n\n\n\n<h2 class=\"wp-block-heading has-text-align-center has-light-gray-color has-gold-background-color has-text-color has-background has-link-color wp-elements-4e2faee51ded1bf6172a9df0dc25cea5\"><a href=\"https:\/\/patientbloodmanagement.org\/learn\/patient-blood-management-for-administrators\/\">Pasos para aplicar la gesti\u00f3n de la sangre del paciente<\/a><\/h2>\n<\/div>\n<\/div>\n<\/div>\n<\/div>\n<\/div>\n\n<div class=\"wp-block-group home-columns is-layout-constrained wp-block-group-is-layout-constrained\">\n<div class=\"wp-block-columns is-layout-flex wp-container-core-columns-is-layout-9d6595d7 wp-block-columns-is-layout-flex\">\n<div class=\"wp-block-column is-layout-flow wp-block-column-is-layout-flow\">\n<h2 class=\"wp-block-heading has-red-color has-text-color\">Fundaci\u00f3n Internacional para la Gesti\u00f3n de la Sangre del Paciente  <\/h2>\n\n\n\n<p>La Fundaci\u00f3n Internacional para la Gesti\u00f3n de la Sangre del Paciente se compromete a garantizar que la propia sangre del paciente, este recurso humano \u00fanico y vital, se gestione y mantenga adecuadamente en la salud y la enfermedad. Con este fin, la Fundaci\u00f3n promueve t\u00e9cnicas m\u00e9dicas y quir\u00fargicas de gesti\u00f3n de la sangre del paciente con base cient\u00edfica destinadas a conservar la sangre del paciente y minimizar o evitar la necesidad de transfusi\u00f3n de componentes sangu\u00edneos alog\u00e9nicos.<\/p>\n<\/div>\n\n\n\n<div class=\"wp-block-column is-vertically-aligned-center is-layout-flow wp-block-column-is-layout-flow\">\n<div class=\"wp-block-cover is-light quote-block\"><span aria-hidden=\"true\" class=\"wp-block-cover__background has-white-background-color has-background-dim-80 has-background-dim\"><\/span><img loading=\"lazy\" decoding=\"async\" width=\"512\" height=\"512\" class=\"wp-block-cover__image-background wp-image-21\" alt=\"\" src=\"https:\/\/ifpbm.org\/wp-content\/uploads\/2023\/01\/cropped-favicon-transparent-1.png\" data-object-fit=\"cover\" srcset=\"https:\/\/ifpbm.org\/wp-content\/uploads\/sites\/2\/2023\/01\/cropped-favicon-transparent-1.png 512w, https:\/\/ifpbm.org\/wp-content\/uploads\/sites\/2\/2023\/01\/cropped-favicon-transparent-1-300x300.png 300w, https:\/\/ifpbm.org\/wp-content\/uploads\/sites\/2\/2023\/01\/cropped-favicon-transparent-1-150x150.png 150w, https:\/\/ifpbm.org\/wp-content\/uploads\/sites\/2\/2023\/01\/cropped-favicon-transparent-1-270x270.png 270w, https:\/\/ifpbm.org\/wp-content\/uploads\/sites\/2\/2023\/01\/cropped-favicon-transparent-1-192x192.png 192w, https:\/\/ifpbm.org\/wp-content\/uploads\/sites\/2\/2023\/01\/cropped-favicon-transparent-1-180x180.png 180w, https:\/\/ifpbm.org\/wp-content\/uploads\/sites\/2\/2023\/01\/cropped-favicon-transparent-1-32x32.png 32w\" sizes=\"auto, (max-width: 512px) 100vw, 512px\" \/><div class=\"wp-block-cover__inner-container is-layout-flow wp-block-cover-is-layout-flow\">\n<p class=\"has-text-align-center has-red-color has-text-color\"><em>Gesti\u00f3n de la sangre del paciente <\/em><\/p>\n\n\n\n<p class=\"has-black-color has-text-color\">es un enfoque centrado en el paciente, sistem\u00e1tico y basado en pruebas para mejorar los resultados de los pacientes mediante la gesti\u00f3n y conservaci\u00f3n de su propia sangre, al tiempo que se fomenta la seguridad y la autonom\u00eda del paciente.<\/p>\n<\/div><\/div>\n<\/div>\n<\/div>\n\n\n\n<div class=\"wp-block-columns is-layout-flex wp-container-core-columns-is-layout-9d6595d7 wp-block-columns-is-layout-flex\">\n<div class=\"wp-block-column is-layout-flow wp-block-column-is-layout-flow\">\n<h2 class=\"wp-block-heading has-red-color has-text-color\">Normas en evoluci\u00f3n  <\/h2>\n\n\n\n<p>El cambio de la pr\u00e1ctica transfusional est\u00e1ndar a la gesti\u00f3n de la sangre del paciente (PBM) est\u00e1 ganando impulso en todo el mundo. La Organizaci\u00f3n Mundial de la Salud (OMS) ha destacado la importancia de la gesti\u00f3n de la sangre de los pacientes y la Comisi\u00f3n Europea ha publicado dos gu\u00edas sobre la gesti\u00f3n de la sangre de los pacientes. En Australia, la Autoridad Nacional de la Sangre ha publicado unas directrices para aplicar el PBM. Sin embargo, se trata de un \u00abcambio de paradigma\u00bb que tardar\u00e1 tiempo en convertirse finalmente en el nuevo \u00abpatr\u00f3n oro\u00bb de la atenci\u00f3n sanitaria.  <\/p>\n\n\n\n<p>Organizaciones como la Fundaci\u00f3n Internacional para la Gesti\u00f3n de la Sangre del Paciente est\u00e1n a la vanguardia de este cambio. Creada en 2015 como una fundaci\u00f3n suiza sin \u00e1nimo de lucro, su objetivo es mejorar los resultados de los pacientes mediante la promoci\u00f3n, la expansi\u00f3n y la mejora de la gesti\u00f3n basada en la evidencia en la pr\u00e1ctica cl\u00ednica. Impulsada por los principales expertos mundiales en PBM y fundamentada en la validaci\u00f3n cient\u00edfica y la pr\u00e1ctica basada en pruebas, la Fundaci\u00f3n promueve la educaci\u00f3n y la formaci\u00f3n para posibilitar el cambio.<\/p>\n<\/div>\n\n\n\n<div class=\"wp-block-column is-vertically-aligned-center is-layout-flow wp-block-column-is-layout-flow\">\n<figure class=\"wp-block-image aligncenter size-large is-resized\"><img loading=\"lazy\" decoding=\"async\" src=\"https:\/\/ifpbm.org\/wp-content\/uploads\/sites\/2\/2023\/07\/animation_frame-1024x817.webp\" alt=\"\" class=\"wp-image-17028\" width=\"512\" height=\"409\" srcset=\"https:\/\/ifpbm.org\/wp-content\/uploads\/sites\/2\/2023\/07\/animation_frame-1024x817.webp 1024w, https:\/\/ifpbm.org\/wp-content\/uploads\/sites\/2\/2023\/07\/animation_frame-300x239.webp 300w, https:\/\/ifpbm.org\/wp-content\/uploads\/sites\/2\/2023\/07\/animation_frame-768x613.webp 768w, https:\/\/ifpbm.org\/wp-content\/uploads\/sites\/2\/2023\/07\/animation_frame-1536x1225.webp 1536w, https:\/\/ifpbm.org\/wp-content\/uploads\/sites\/2\/2023\/07\/animation_frame-2048x1634.webp 2048w\" sizes=\"auto, (max-width: 512px) 100vw, 512px\" \/><\/figure>\n<\/div>\n<\/div>\n<\/div>\n\n<div class=\"wp-block-kadence-spacer aligncenter kt-block-spacer-_d10c6e-0e\"><div class=\"kt-block-spacer kt-block-spacer-halign-center\"><hr class=\"kt-divider\"><\/div><\/div>\n\n<figure class=\"wp-block-image aligncenter size-full is-resized\"><a href=\"https:\/\/siapbm.com\/\" target=\"_blank\" rel=\"noreferrer noopener\"><img loading=\"lazy\" decoding=\"async\" src=\"https:\/\/ifpbm.org\/wp-content\/uploads\/sites\/2\/2023\/11\/SIAPBM_cofounder.webp\" alt=\"\" class=\"wp-image-17393\" width=\"500\" height=\"66\" srcset=\"https:\/\/ifpbm.org\/wp-content\/uploads\/sites\/2\/2023\/11\/SIAPBM_cofounder.webp 1000w, https:\/\/ifpbm.org\/wp-content\/uploads\/sites\/2\/2023\/11\/SIAPBM_cofounder-300x39.webp 300w, https:\/\/ifpbm.org\/wp-content\/uploads\/sites\/2\/2023\/11\/SIAPBM_cofounder-768x101.webp 768w\" sizes=\"auto, (max-width: 500px) 100vw, 500px\" \/><\/a><\/figure>\n","protected":false},"excerpt":{"rendered":"<p>Lo que todo el mundo debe saber sobre la gesti\u00f3n de la sangre de los pacientes Informaci\u00f3n para profesionales sanitarios Pasos para aplicar la gesti\u00f3n de la sangre del paciente Fundaci\u00f3n Internacional para la Gesti\u00f3n de la Sangre del Paciente La Fundaci\u00f3n Internacional para la Gesti\u00f3n de la Sangre del Paciente se compromete a garantizar <a href=\"https:\/\/ifpbm.org\/es\/\">[&#8230;]<\/a><\/p>\n","protected":false},"author":1,"featured_media":17438,"parent":0,"menu_order":0,"comment_status":"closed","ping_status":"closed","template":"","meta":{"footnotes":""},"class_list":["post-18348","page","type-page","status-publish","has-post-thumbnail","hentry"],"acf":[],"_links":{"self":[{"href":"https:\/\/ifpbm.org\/es\/wp-json\/wp\/v2\/pages\/18348","targetHints":{"allow":["GET"]}}],"collection":[{"href":"https:\/\/ifpbm.org\/es\/wp-json\/wp\/v2\/pages"}],"about":[{"href":"https:\/\/ifpbm.org\/es\/wp-json\/wp\/v2\/types\/page"}],"author":[{"embeddable":true,"href":"https:\/\/ifpbm.org\/es\/wp-json\/wp\/v2\/users\/1"}],"replies":[{"embeddable":true,"href":"https:\/\/ifpbm.org\/es\/wp-json\/wp\/v2\/comments?post=18348"}],"version-history":[{"count":1,"href":"https:\/\/ifpbm.org\/es\/wp-json\/wp\/v2\/pages\/18348\/revisions"}],"predecessor-version":[{"id":18354,"href":"https:\/\/ifpbm.org\/es\/wp-json\/wp\/v2\/pages\/18348\/revisions\/18354"}],"wp:featuredmedia":[{"embeddable":true,"href":"https:\/\/ifpbm.org\/es\/wp-json\/wp\/v2\/media\/17438"}],"wp:attachment":[{"href":"https:\/\/ifpbm.org\/es\/wp-json\/wp\/v2\/media?parent=18348"}],"curies":[{"name":"wp","href":"https:\/\/api.w.org\/{rel}","templated":true}]}}