
{"id":18329,"date":"2023-01-31T09:20:38","date_gmt":"2023-01-31T09:20:38","guid":{"rendered":"https:\/\/ifpbm.org\/acerca-de\/"},"modified":"2024-03-25T19:22:47","modified_gmt":"2024-03-25T19:22:47","slug":"acerca-de","status":"publish","type":"page","link":"https:\/\/ifpbm.org\/es\/acerca-de\/","title":{"rendered":"Acerca de"},"content":{"rendered":"\n<div class=\"wp-block-columns are-vertically-aligned-top about is-layout-flex wp-container-core-columns-is-layout-9d6595d7 wp-block-columns-is-layout-flex\">\n<div class=\"wp-block-column is-vertically-aligned-top about-navigation is-content-justification-left is-layout-constrained wp-container-core-column-is-layout-8c890d92 wp-block-column-is-layout-constrained\" style=\"flex-basis:20%\"><nav class=\"is-vertical sidebar-navigation wp-block-navigation is-layout-flex wp-container-core-navigation-is-layout-8cf370e7 wp-block-navigation-is-layout-flex\" aria-label=\"Navegaci\u00f3n por la barra lateral\"><ul class=\"wp-block-navigation__container  is-vertical sidebar-navigation wp-block-navigation\"><li data-wp-context=\"{ &quot;submenuOpenedBy&quot;: { &quot;click&quot;: false, &quot;hover&quot;: false, &quot;focus&quot;: false }, &quot;type&quot;: &quot;submenu&quot;, &quot;modal&quot;: null }\" data-wp-interactive=\"core\/navigation\" data-wp-on--focusout=\"actions.handleMenuFocusout\" data-wp-on--keydown=\"actions.handleMenuKeydown\" data-wp-on-async--mouseenter=\"actions.openMenuOnHover\" data-wp-on-async--mouseleave=\"actions.closeMenuOnHover\" data-wp-watch=\"callbacks.initMenu\" tabindex=\"-1\" class=\"wp-block-navigation-item has-child open-on-hover-click sidebar-navigation__learn wp-block-navigation-submenu\"><a class=\"wp-block-navigation-item__content\" href=\"https:\/\/patientbloodmanagement.org\/learn\/\"><span class=\"wp-block-navigation-item__label\">Aprenda<\/span><\/a><button data-wp-bind--aria-expanded=\"state.isMenuOpen\" data-wp-on-async--click=\"actions.toggleMenuOnClick\" aria-label=\"Submen\u00fa de Aprenda\" class=\"wp-block-navigation__submenu-icon wp-block-navigation-submenu__toggle\" ><svg xmlns=\"http:\/\/www.w3.org\/2000\/svg\" width=\"12\" height=\"12\" viewBox=\"0 0 12 12\" fill=\"none\" aria-hidden=\"true\" focusable=\"false\"><path d=\"M1.50002 4L6.00002 8L10.5 4\" stroke-width=\"1.5\"><\/path><\/svg><\/button><ul data-wp-on-async--focus=\"actions.openMenuOnFocus\" class=\"wp-block-navigation__submenu-container sidebar-navigation__learn wp-block-navigation-submenu\"><li data-wp-context=\"{ &quot;submenuOpenedBy&quot;: { &quot;click&quot;: false, &quot;hover&quot;: false, &quot;focus&quot;: false }, &quot;type&quot;: &quot;submenu&quot;, &quot;modal&quot;: null }\" data-wp-interactive=\"core\/navigation\" data-wp-on--focusout=\"actions.handleMenuFocusout\" data-wp-on--keydown=\"actions.handleMenuKeydown\" data-wp-on-async--mouseenter=\"actions.openMenuOnHover\" data-wp-on-async--mouseleave=\"actions.closeMenuOnHover\" data-wp-watch=\"callbacks.initMenu\" tabindex=\"-1\" class=\"wp-block-navigation-item has-child open-on-hover-click wp-block-navigation-submenu\"><a class=\"wp-block-navigation-item__content\" href=\"https:\/\/patientbloodmanagement.org\/learn\/what-is-patient-blood-management\/\"><span class=\"wp-block-navigation-item__label\">\u00bfQu\u00e9 es PBM?<\/span><\/a><button data-wp-bind--aria-expanded=\"state.isMenuOpen\" data-wp-on-async--click=\"actions.toggleMenuOnClick\" aria-label=\"Submen\u00fa de \u00bfQu\u00e9 es PBM?\" class=\"wp-block-navigation__submenu-icon wp-block-navigation-submenu__toggle\" ><svg xmlns=\"http:\/\/www.w3.org\/2000\/svg\" width=\"12\" height=\"12\" viewBox=\"0 0 12 12\" fill=\"none\" aria-hidden=\"true\" focusable=\"false\"><path d=\"M1.50002 4L6.00002 8L10.5 4\" stroke-width=\"1.5\"><\/path><\/svg><\/button><ul data-wp-on-async--focus=\"actions.openMenuOnFocus\" class=\"wp-block-navigation__submenu-container wp-block-navigation-submenu\"><li class=\" wp-block-navigation-item wp-block-navigation-link\"><a class=\"wp-block-navigation-item__content\"  href=\"https:\/\/patientbloodmanagement.org\/learn\/the-history-of-patient-blood-management\/\"><span class=\"wp-block-navigation-item__label\">Historia de PBM<\/span><\/a><\/li><\/ul><\/li><li data-wp-context=\"{ &quot;submenuOpenedBy&quot;: { &quot;click&quot;: false, &quot;hover&quot;: false, &quot;focus&quot;: false }, &quot;type&quot;: &quot;submenu&quot;, &quot;modal&quot;: null }\" data-wp-interactive=\"core\/navigation\" data-wp-on--focusout=\"actions.handleMenuFocusout\" data-wp-on--keydown=\"actions.handleMenuKeydown\" data-wp-on-async--mouseenter=\"actions.openMenuOnHover\" data-wp-on-async--mouseleave=\"actions.closeMenuOnHover\" data-wp-watch=\"callbacks.initMenu\" tabindex=\"-1\" class=\"wp-block-navigation-item has-child open-on-hover-click wp-block-navigation-submenu\"><a class=\"wp-block-navigation-item__content\" href=\"https:\/\/patientbloodmanagement.org\/learn\/patient-advice\/\"><span class=\"wp-block-navigation-item__label\">Consejos a los pacientes<\/span><\/a><button data-wp-bind--aria-expanded=\"state.isMenuOpen\" data-wp-on-async--click=\"actions.toggleMenuOnClick\" aria-label=\"Submen\u00fa de Consejos a los pacientes\" class=\"wp-block-navigation__submenu-icon wp-block-navigation-submenu__toggle\" ><svg xmlns=\"http:\/\/www.w3.org\/2000\/svg\" width=\"12\" height=\"12\" viewBox=\"0 0 12 12\" fill=\"none\" aria-hidden=\"true\" focusable=\"false\"><path d=\"M1.50002 4L6.00002 8L10.5 4\" stroke-width=\"1.5\"><\/path><\/svg><\/button><ul data-wp-on-async--focus=\"actions.openMenuOnFocus\" class=\"wp-block-navigation__submenu-container wp-block-navigation-submenu\"><li class=\" wp-block-navigation-item wp-block-navigation-link\"><a class=\"wp-block-navigation-item__content\"  href=\"https:\/\/patientbloodmanagement.org\/learn\/patient-advice\/why-your-blood-is-important\/\"><span class=\"wp-block-navigation-item__label\">Importancia de la sangre<\/span><\/a><\/li><li class=\" wp-block-navigation-item wp-block-navigation-link\"><a class=\"wp-block-navigation-item__content\"  href=\"https:\/\/patientbloodmanagement.org\/learn\/patient-advice\/what-your-doctor-should-tell-you\/\"><span class=\"wp-block-navigation-item__label\">Lo que su m\u00e9dico debe decirle<\/span><\/a><\/li><li class=\" wp-block-navigation-item wp-block-navigation-link\"><a class=\"wp-block-navigation-item__content\"  href=\"https:\/\/patientbloodmanagement.org\/learn\/patient-advice\/how-to-manage-the-doctor-patient-relationship\/\"><span class=\"wp-block-navigation-item__label\">Relaci\u00f3n m\u00e9dico\/paciente<\/span><\/a><\/li><li class=\" wp-block-navigation-item wp-block-navigation-link\"><a class=\"wp-block-navigation-item__content\"  href=\"https:\/\/patientbloodmanagement.org\/learn\/patient-advice\/two-simple-questions-to-ask-your-doctor\/\"><span class=\"wp-block-navigation-item__label\">3 sencillas preguntas que debe hacer a su m\u00e9dico<\/span><\/a><\/li><\/ul><\/li><li data-wp-context=\"{ &quot;submenuOpenedBy&quot;: { &quot;click&quot;: false, &quot;hover&quot;: false, &quot;focus&quot;: false }, &quot;type&quot;: &quot;submenu&quot;, &quot;modal&quot;: null }\" data-wp-interactive=\"core\/navigation\" data-wp-on--focusout=\"actions.handleMenuFocusout\" data-wp-on--keydown=\"actions.handleMenuKeydown\" data-wp-on-async--mouseenter=\"actions.openMenuOnHover\" data-wp-on-async--mouseleave=\"actions.closeMenuOnHover\" data-wp-watch=\"callbacks.initMenu\" tabindex=\"-1\" class=\"wp-block-navigation-item has-child open-on-hover-click wp-block-navigation-submenu\"><a class=\"wp-block-navigation-item__content\" href=\"https:\/\/patientbloodmanagement.org\/learn\/patient-blood-management-for-clinicians\/\"><span class=\"wp-block-navigation-item__label\">PBM &#8211; Profesionales de la salud<\/span><\/a><button data-wp-bind--aria-expanded=\"state.isMenuOpen\" data-wp-on-async--click=\"actions.toggleMenuOnClick\" aria-label=\"Submen\u00fa de PBM - Profesionales de la salud\" class=\"wp-block-navigation__submenu-icon wp-block-navigation-submenu__toggle\" ><svg xmlns=\"http:\/\/www.w3.org\/2000\/svg\" width=\"12\" height=\"12\" viewBox=\"0 0 12 12\" fill=\"none\" aria-hidden=\"true\" focusable=\"false\"><path d=\"M1.50002 4L6.00002 8L10.5 4\" stroke-width=\"1.5\"><\/path><\/svg><\/button><ul data-wp-on-async--focus=\"actions.openMenuOnFocus\" class=\"wp-block-navigation__submenu-container wp-block-navigation-submenu\"><li class=\" wp-block-navigation-item wp-block-navigation-link\"><a class=\"wp-block-navigation-item__content\"  href=\"https:\/\/patientbloodmanagement.org\/learn\/patient-blood-management-for-clinicians\/patient-blood-management-how-ifpbm-can-support-you\/\"><span class=\"wp-block-navigation-item__label\">C\u00f3mo puede ayudarle el IFPBM<\/span><\/a><\/li><li class=\" wp-block-navigation-item wp-block-navigation-link\"><a class=\"wp-block-navigation-item__content\"  href=\"https:\/\/patientbloodmanagement.org\/learn\/patient-blood-management-for-clinicians\/what-you-should-know-about-pbm\/\"><span class=\"wp-block-navigation-item__label\">M\u00e1s informaci\u00f3n sobre PBM<\/span><\/a><\/li><li class=\" wp-block-navigation-item wp-block-navigation-link\"><a class=\"wp-block-navigation-item__content\"  href=\"https:\/\/ifpbm.org\/about\/contribute-to-ifpbm-research\/\"><span class=\"wp-block-navigation-item__label\">Investigaci\u00f3n<\/span><\/a><\/li><\/ul><\/li><\/ul><\/li><li data-wp-context=\"{ &quot;submenuOpenedBy&quot;: { &quot;click&quot;: false, &quot;hover&quot;: false, &quot;focus&quot;: false }, &quot;type&quot;: &quot;submenu&quot;, &quot;modal&quot;: null }\" data-wp-interactive=\"core\/navigation\" data-wp-on--focusout=\"actions.handleMenuFocusout\" data-wp-on--keydown=\"actions.handleMenuKeydown\" data-wp-on-async--mouseenter=\"actions.openMenuOnHover\" data-wp-on-async--mouseleave=\"actions.closeMenuOnHover\" data-wp-watch=\"callbacks.initMenu\" tabindex=\"-1\" class=\"wp-block-navigation-item has-child open-on-hover-click sidebar-navigation__resources wp-block-navigation-submenu\"><a class=\"wp-block-navigation-item__content\" href=\"https:\/\/patientbloodmanagement.org\/resources\/\" title=\"\"><span class=\"wp-block-navigation-item__label\">Recursos profesionales de la IFPBM<\/span><\/a><button data-wp-bind--aria-expanded=\"state.isMenuOpen\" data-wp-on-async--click=\"actions.toggleMenuOnClick\" aria-label=\"Submen\u00fa de Recursos profesionales de la IFPBM\" class=\"wp-block-navigation__submenu-icon wp-block-navigation-submenu__toggle\" ><svg xmlns=\"http:\/\/www.w3.org\/2000\/svg\" width=\"12\" height=\"12\" viewBox=\"0 0 12 12\" fill=\"none\" aria-hidden=\"true\" focusable=\"false\"><path d=\"M1.50002 4L6.00002 8L10.5 4\" stroke-width=\"1.5\"><\/path><\/svg><\/button><ul data-wp-on-async--focus=\"actions.openMenuOnFocus\" class=\"wp-block-navigation__submenu-container sidebar-navigation__resources wp-block-navigation-submenu\"><li class=\" wp-block-navigation-item wp-block-navigation-link\"><a class=\"wp-block-navigation-item__content\"  href=\"https:\/\/patientbloodmanagement.org\/r\/articles\"><span class=\"wp-block-navigation-item__label\">Art\u00edculos<\/span><\/a><\/li><li class=\" wp-block-navigation-item wp-block-navigation-link\"><a class=\"wp-block-navigation-item__content\"  href=\"https:\/\/patientbloodmanagement.org\/r\/videos\"><span class=\"wp-block-navigation-item__label\">V\u00eddeos<\/span><\/a><\/li><li class=\" wp-block-navigation-item wp-block-navigation-link\"><a class=\"wp-block-navigation-item__content\"  href=\"https:\/\/patientbloodmanagement.org\/r\/textbooks\"><span class=\"wp-block-navigation-item__label\">Libros de texto<\/span><\/a><\/li><li class=\" wp-block-navigation-item wp-block-navigation-link\"><a class=\"wp-block-navigation-item__content\"  href=\"https:\/\/patientbloodmanagement.org\/r\/guidelines\"><span class=\"wp-block-navigation-item__label\">Directrices<\/span><\/a><\/li><li class=\" wp-block-navigation-item wp-block-navigation-link\"><a class=\"wp-block-navigation-item__content\"  href=\"https:\/\/patientbloodmanagement.org\/r\/conferences\/\"><span class=\"wp-block-navigation-item__label\">Conferencias<\/span><\/a><\/li><li class=\" wp-block-navigation-item wp-block-navigation-link\"><a class=\"wp-block-navigation-item__content\"  href=\"https:\/\/patientbloodmanagement.org\/speakers\/\"><span class=\"wp-block-navigation-item__label\">Altavoces<\/span><\/a><\/li><li class=\" wp-block-navigation-item wp-block-navigation-link\"><a class=\"wp-block-navigation-item__content\"  href=\"https:\/\/patientbloodmanagement.org\/r\/links\"><span class=\"wp-block-navigation-item__label\">Enlaces<\/span><\/a><\/li><\/ul><\/li><li data-wp-context=\"{ &quot;submenuOpenedBy&quot;: { &quot;click&quot;: false, &quot;hover&quot;: false, &quot;focus&quot;: false }, &quot;type&quot;: &quot;submenu&quot;, &quot;modal&quot;: null }\" data-wp-interactive=\"core\/navigation\" data-wp-on--focusout=\"actions.handleMenuFocusout\" data-wp-on--keydown=\"actions.handleMenuKeydown\" data-wp-on-async--mouseenter=\"actions.openMenuOnHover\" data-wp-on-async--mouseleave=\"actions.closeMenuOnHover\" data-wp-watch=\"callbacks.initMenu\" tabindex=\"-1\" class=\"wp-block-navigation-item has-child open-on-hover-click sidebar-navigation__about wp-block-navigation-submenu\"><a class=\"wp-block-navigation-item__content\" href=\"https:\/\/ifpbm.org\/about\/\"><span class=\"wp-block-navigation-item__label\">Acerca de<\/span><\/a><button data-wp-bind--aria-expanded=\"state.isMenuOpen\" data-wp-on-async--click=\"actions.toggleMenuOnClick\" aria-label=\"Submen\u00fa de Acerca de\" class=\"wp-block-navigation__submenu-icon wp-block-navigation-submenu__toggle\" ><svg xmlns=\"http:\/\/www.w3.org\/2000\/svg\" width=\"12\" height=\"12\" viewBox=\"0 0 12 12\" fill=\"none\" aria-hidden=\"true\" focusable=\"false\"><path d=\"M1.50002 4L6.00002 8L10.5 4\" stroke-width=\"1.5\"><\/path><\/svg><\/button><ul data-wp-on-async--focus=\"actions.openMenuOnFocus\" class=\"wp-block-navigation__submenu-container sidebar-navigation__about wp-block-navigation-submenu\"><li data-wp-context=\"{ &quot;submenuOpenedBy&quot;: { &quot;click&quot;: false, &quot;hover&quot;: false, &quot;focus&quot;: false }, &quot;type&quot;: &quot;submenu&quot;, &quot;modal&quot;: null }\" data-wp-interactive=\"core\/navigation\" data-wp-on--focusout=\"actions.handleMenuFocusout\" data-wp-on--keydown=\"actions.handleMenuKeydown\" data-wp-on-async--mouseenter=\"actions.openMenuOnHover\" data-wp-on-async--mouseleave=\"actions.closeMenuOnHover\" data-wp-watch=\"callbacks.initMenu\" tabindex=\"-1\" class=\"wp-block-navigation-item has-child open-on-hover-click wp-block-navigation-submenu\"><a class=\"wp-block-navigation-item__content\" href=\"https:\/\/ifpbm.org\/board-trustees\/\"><span class=\"wp-block-navigation-item__label\">Junta de S\u00edndicos<\/span><\/a><button data-wp-bind--aria-expanded=\"state.isMenuOpen\" data-wp-on-async--click=\"actions.toggleMenuOnClick\" aria-label=\"Submen\u00fa de Junta de S\u00edndicos\" class=\"wp-block-navigation__submenu-icon wp-block-navigation-submenu__toggle\" ><svg xmlns=\"http:\/\/www.w3.org\/2000\/svg\" width=\"12\" height=\"12\" viewBox=\"0 0 12 12\" fill=\"none\" aria-hidden=\"true\" focusable=\"false\"><path d=\"M1.50002 4L6.00002 8L10.5 4\" stroke-width=\"1.5\"><\/path><\/svg><\/button><ul data-wp-on-async--focus=\"actions.openMenuOnFocus\" class=\"wp-block-navigation__submenu-container wp-block-navigation-submenu\"><li class=\" wp-block-navigation-item wp-block-navigation-link\"><a class=\"wp-block-navigation-item__content\"  href=\"https:\/\/ifpbm.org\/hans-gombotz\/\"><span class=\"wp-block-navigation-item__label\">Prof. Dr. Hans Gombotz<\/span><\/a><\/li><\/ul><\/li><li class=\" wp-block-navigation-item wp-block-navigation-link\"><a class=\"wp-block-navigation-item__content\"  href=\"https:\/\/ifpbm.org\/scientific-associates\/\"><span class=\"wp-block-navigation-item__label\">Asociados cient\u00edficos<\/span><\/a><\/li><li class=\" wp-block-navigation-item wp-block-navigation-link\"><a class=\"wp-block-navigation-item__content\"  href=\"https:\/\/ifpbm.org\/about\/contact-us\/\"><span class=\"wp-block-navigation-item__label\">Contacte con nosotros<\/span><\/a><\/li><li class=\" wp-block-navigation-item wp-block-navigation-link\"><a class=\"wp-block-navigation-item__content\"  href=\"https:\/\/ifpbm.org\/about\/network-with-ifpbm\/\"><span class=\"wp-block-navigation-item__label\">Red<\/span><\/a><\/li><li class=\" wp-block-navigation-item wp-block-navigation-link\"><a class=\"wp-block-navigation-item__content\"  href=\"https:\/\/patientbloodmanagement.org\/ifpbm-professional-resources\/\"><span class=\"wp-block-navigation-item__label\">Apoyar \/ Colaborar<\/span><\/a><\/li><li class=\" wp-block-navigation-item wp-block-navigation-link\"><a class=\"wp-block-navigation-item__content\"  href=\"https:\/\/ifpbm.org\/donate\/\"><span class=\"wp-block-navigation-item__label\">Done a<\/span><\/a><\/li><\/ul><\/li><\/ul><\/nav><\/div>\n\n\n\n<div class=\"wp-block-column is-vertically-aligned-top is-layout-flow wp-block-column-is-layout-flow\" style=\"padding-left:var(--wp--preset--spacing--60);flex-basis:80%\">\n<div class=\"wp-block-columns about-content is-layout-flex wp-container-core-columns-is-layout-9d6595d7 wp-block-columns-is-layout-flex\">\n<div class=\"wp-block-column about-content__text is-layout-flow wp-block-column-is-layout-flow\">\n<h1 class=\"wp-block-heading\" id=\"about-ifpbm\">Acerca del IFPBM<\/h1>\n\n\n\n<figure class=\"wp-block-video video-width-full\"><video controls=\"\" poster=\"https:\/\/ifpbm.org\/wp-content\/uploads\/sites\/2\/2023\/07\/poster_who_is_ifpbm.webp\" src=\"https:\/\/ifpbm.org\/wp-content\/uploads\/sites\/2\/2023\/06\/who_is_ifpbm.mp4\"><\/video><figcaption class=\"wp-element-caption\"><strong>\u00bfQui\u00e9n es el IFPBM?<\/strong> Duraci\u00f3n: 0:51 &#8211; <a rel=\"noreferrer noopener\" href=\"https:\/\/ifpbm.org\/images\/videos\/who_is_ifpbm_chinese.mp4\" target=\"_blank\">Ver el v\u00eddeo en chino<\/a> (Se abre en una ventana nueva)<\/figcaption><\/figure>\n\n\n\n<p>La Fundaci\u00f3n Internacional para la Gesti\u00f3n Sangu\u00ednea del Paciente es una organizaci\u00f3n polifac\u00e9tica cuyo objetivo principal es mejorar la seguridad y los resultados de los pacientes mediante una gesti\u00f3n \u00f3ptima de la sangre de los pacientes.<\/p>\n\n\n\n<p><strong>Nuestro objetivo es establecer y organizar una red profesional de l\u00edderes de opini\u00f3n internacionales en el campo de la gesti\u00f3n de la sangre de los pacientes.<\/strong><\/p>\n\n\n\n<p>El objetivo de la Fundaci\u00f3n es mejorar los resultados de los pacientes promoviendo, ampliando y mejorando la gesti\u00f3n de la sangre de los pacientes basada en pruebas en la pr\u00e1ctica cl\u00ednica. Impulsada por los principales expertos mundiales en PBM y fundamentada en la validaci\u00f3n cient\u00edfica y la pr\u00e1ctica basada en pruebas, la fundaci\u00f3n promueve la educaci\u00f3n y la formaci\u00f3n en PBM para posibilitar el cambio.<\/p>\n\n\n\n<h2 class=\"wp-block-heading sticky-heading\" id=\"managing\">Gesti\u00f3n de<\/h2>\n\n\n\n<p>Gestionar el conocimiento de la gesti\u00f3n de las relaciones con los clientes mediante la difusi\u00f3n dirigida, continua y organizada de las nuevas pruebas de gesti\u00f3n de las relaciones con los clientes a audiencias relevantes en varios idiomas, incluidos art\u00edculos, estudios, algoritmos cl\u00ednicos revisados por expertos, procedimientos, protocolos, herramientas de apoyo a la toma de decisiones y directrices, as\u00ed como mediante la creaci\u00f3n de materiales y herramientas de este tipo o similares a partir de las pruebas disponibles.<\/p>\n\n\n\n<h2 class=\"wp-block-heading sticky-heading\" id=\"generating\">Generando<\/h2>\n\n\n\n<p>Generaci\u00f3n de conocimientos sobre la gesti\u00f3n de los medicamentos mediante la identificaci\u00f3n de las necesidades no satisfechas de los pacientes y las lagunas de conocimiento relacionadas con la gesti\u00f3n de los medicamentos, impulsada por el dise\u00f1o y\/o la facilitaci\u00f3n de las actividades de investigaci\u00f3n correspondientes y la publicaci\u00f3n revisada por pares de sus resultados.<\/p>\n\n\n\n<h2 class=\"wp-block-heading sticky-heading\" id=\"transferring\">Transferir<\/h2>\n\n\n\n<p>Transferencia de conocimientos de PBM mediante el desarrollo de m\u00f3dulos de educaci\u00f3n m\u00e9dica continua (CME), planes de estudios de posgrado y pregrado, herramientas educativas como v\u00eddeos y herramientas de aprendizaje electr\u00f3nico, conferencias, seminarios y simposios con un equipo multidisciplinar, multiprofesional y multiling\u00fce de expertos internacionales en PBM.<\/p>\n\n\n\n<h2 class=\"wp-block-heading sticky-heading\" id=\"implementing\">Implementaci\u00f3n de<\/h2>\n\n\n\n<p>Implementar o apoyar la implementaci\u00f3n de PBM a nivel institucional y en iniciativas y programas gubernamentales a nivel estatal.<\/p>\n\n\n\n<h2 class=\"wp-block-heading sticky-heading\" id=\"consulting\">Consultor\u00eda<\/h2>\n\n\n\n<p>Consultar a otras sociedades y organizaciones m\u00e9dicas profesionales, instituciones p\u00fablicas, ONG y autoridades sanitarias p\u00fablicas en todos los asuntos relacionados con el PBM.<\/p>\n\n\n\n<h2 class=\"wp-block-heading sticky-heading\" id=\"pooling\">Puesta en com\u00fan<\/h2>\n\n\n\n<p>Puesta en com\u00fan de los conocimientos sobre PBM a trav\u00e9s de una base de datos en l\u00ednea con capacidad de b\u00fasqueda, actualizada peri\u00f3dicamente, de art\u00edculos y materiales revisados por expertos y relacionados con la PBM para audiencias relevantes, incluidos, entre otros, m\u00e9dicos cl\u00ednicos, administradores de hospitales y autoridades de salud p\u00fablica.<\/p>\n\n\n\n<p><\/p>\n\n\n\n<h2 class=\"wp-block-heading\">Red con el IFPBM<\/h2>\n\n\n\n<p>La Fundaci\u00f3n Internacional para la Gesti\u00f3n Sangu\u00ednea del Paciente es el centro mundial de conocimientos sobre la gesti\u00f3n sangu\u00ednea del paciente.<\/p>\n\n\n\n<p>La Fundaci\u00f3n proporciona los conocimientos y recursos necesarios para ayudar a pacientes, profesionales sanitarios y organizaciones a comprender y aplicar con \u00e9xito la gesti\u00f3n de la sangre de los pacientes.<\/p>\n\n\n\n<p><strong>Si usted o su organizaci\u00f3n desean ayudarnos en nuestra labor, considere la opci\u00f3n de <a href=\"https:\/\/ifpbm.org\/es\/done-a-la-fundacion-internacional-para-la-gestion-de-la-sangre-del-paciente-2\/\">donar<\/a> o convertirse en <a href=\"https:\/\/patientbloodmanagement.org\/ifpbm-professional-resources\/\">patrocinador<\/a><\/strong>.<\/p>\n<\/div>\n\n\n\n<div class=\"wp-block-column about-page-lifesaver__container is-layout-flow wp-block-column-is-layout-flow\"><div class=\"about-page-lifesaver\">\n    <img decoding=\"async\" id=\"managing-img\" src=\"https:\/\/ifpbm.org\/wp-content\/themes\/ifpbm-theme\/assets\/images\/lifesaver-assets\/1-managing.png\" alt=\"Managing\">\n    <img decoding=\"async\" id=\"generating-img\" src=\"https:\/\/ifpbm.org\/wp-content\/themes\/ifpbm-theme\/assets\/images\/lifesaver-assets\/2-generating.png\" alt=\"Generating\">\n    <img decoding=\"async\" id=\"transferring-img\" src=\"https:\/\/ifpbm.org\/wp-content\/themes\/ifpbm-theme\/assets\/images\/lifesaver-assets\/3-transferring.png\" alt=\"Transferring\">\n    <img decoding=\"async\" id=\"implementing-img\" src=\"https:\/\/ifpbm.org\/wp-content\/themes\/ifpbm-theme\/assets\/images\/lifesaver-assets\/4-implementing.png\" alt=\"Implementing\">\n    <img decoding=\"async\" id=\"consulting-img\" src=\"https:\/\/ifpbm.org\/wp-content\/themes\/ifpbm-theme\/assets\/images\/lifesaver-assets\/5-consulting.png\" alt=\"Consulting\">\n    <img decoding=\"async\" id=\"pooling-img\" src=\"https:\/\/ifpbm.org\/wp-content\/themes\/ifpbm-theme\/assets\/images\/lifesaver-assets\/6-pooling.png\" alt=\"Pooling\">\n    <img decoding=\"async\" id=\"bottom-img\" src=\"https:\/\/ifpbm.org\/wp-content\/themes\/ifpbm-theme\/assets\/images\/lifesaver-assets\/Z1-bottom-layer.png\" alt=\"\">\n    <img decoding=\"async\" class=\"visible\" id=\"about-ifpbm-img\" src=\"https:\/\/ifpbm.org\/wp-content\/themes\/ifpbm-theme\/assets\/images\/lifesaver-assets\/Z2-all-saturated.png\" alt=\"\">\n    <img decoding=\"async\" id=\"all-desaturated-img\" src=\"https:\/\/ifpbm.org\/wp-content\/themes\/ifpbm-theme\/assets\/images\/lifesaver-assets\/Z3-all-desaturated.png\" alt=\"\">\n<\/div>\n\n<\/div>\n<\/div>\n<\/div>\n<\/div>\n","protected":false},"excerpt":{"rendered":"<p>Acerca del IFPBM La Fundaci\u00f3n Internacional para la Gesti\u00f3n Sangu\u00ednea del Paciente es una organizaci\u00f3n polifac\u00e9tica cuyo objetivo principal es mejorar la seguridad y los resultados de los pacientes mediante una gesti\u00f3n \u00f3ptima de la sangre de los pacientes. Nuestro objetivo es establecer y organizar una red profesional de l\u00edderes de opini\u00f3n internacionales en el <a href=\"https:\/\/ifpbm.org\/es\/acerca-de\/\">[&#8230;]<\/a><\/p>\n","protected":false},"author":1,"featured_media":0,"parent":0,"menu_order":0,"comment_status":"closed","ping_status":"closed","template":"","meta":{"footnotes":""},"class_list":["post-18329","page","type-page","status-publish","hentry"],"acf":[],"_links":{"self":[{"href":"https:\/\/ifpbm.org\/es\/wp-json\/wp\/v2\/pages\/18329","targetHints":{"allow":["GET"]}}],"collection":[{"href":"https:\/\/ifpbm.org\/es\/wp-json\/wp\/v2\/pages"}],"about":[{"href":"https:\/\/ifpbm.org\/es\/wp-json\/wp\/v2\/types\/page"}],"author":[{"embeddable":true,"href":"https:\/\/ifpbm.org\/es\/wp-json\/wp\/v2\/users\/1"}],"replies":[{"embeddable":true,"href":"https:\/\/ifpbm.org\/es\/wp-json\/wp\/v2\/comments?post=18329"}],"version-history":[{"count":1,"href":"https:\/\/ifpbm.org\/es\/wp-json\/wp\/v2\/pages\/18329\/revisions"}],"predecessor-version":[{"id":18335,"href":"https:\/\/ifpbm.org\/es\/wp-json\/wp\/v2\/pages\/18329\/revisions\/18335"}],"wp:attachment":[{"href":"https:\/\/ifpbm.org\/es\/wp-json\/wp\/v2\/media?parent=18329"}],"curies":[{"name":"wp","href":"https:\/\/api.w.org\/{rel}","templated":true}]}}