
{"id":18313,"date":"2023-02-09T08:50:05","date_gmt":"2023-02-09T08:50:05","guid":{"rendered":"https:\/\/ifpbm.org\/manifiesto-pbm-de-la-ue\/"},"modified":"2024-03-25T19:22:26","modified_gmt":"2024-03-25T19:22:26","slug":"manifiesto-pbm-de-la-ue","status":"publish","type":"page","link":"https:\/\/ifpbm.org\/es\/acerca-de\/manifiesto-pbm-de-la-ue\/","title":{"rendered":"Manifiesto PBM de la UE"},"content":{"rendered":"\n<div class=\"wp-block-group is-layout-constrained wp-block-group-is-layout-constrained\">\n<div class=\"wp-block-columns are-vertically-aligned-top about is-layout-flex wp-container-core-columns-is-layout-9d6595d7 wp-block-columns-is-layout-flex\">\n<div class=\"wp-block-column is-vertically-aligned-top about-navigation is-content-justification-left is-layout-constrained wp-container-core-column-is-layout-8c890d92 wp-block-column-is-layout-constrained\" style=\"flex-basis:20%\"><nav class=\"is-vertical sidebar-navigation wp-block-navigation is-layout-flex wp-container-core-navigation-is-layout-8cf370e7 wp-block-navigation-is-layout-flex\" aria-label=\"Navegaci\u00f3n por la barra lateral\"><ul class=\"wp-block-navigation__container  is-vertical sidebar-navigation wp-block-navigation\"><li data-wp-context=\"{ &quot;submenuOpenedBy&quot;: { &quot;click&quot;: false, &quot;hover&quot;: false, &quot;focus&quot;: false }, &quot;type&quot;: &quot;submenu&quot;, &quot;modal&quot;: null }\" data-wp-interactive=\"core\/navigation\" data-wp-on--focusout=\"actions.handleMenuFocusout\" data-wp-on--keydown=\"actions.handleMenuKeydown\" data-wp-on-async--mouseenter=\"actions.openMenuOnHover\" data-wp-on-async--mouseleave=\"actions.closeMenuOnHover\" data-wp-watch=\"callbacks.initMenu\" tabindex=\"-1\" class=\"wp-block-navigation-item has-child open-on-hover-click sidebar-navigation__learn wp-block-navigation-submenu\"><a class=\"wp-block-navigation-item__content\" href=\"https:\/\/patientbloodmanagement.org\/learn\/\"><span class=\"wp-block-navigation-item__label\">Aprenda<\/span><\/a><button data-wp-bind--aria-expanded=\"state.isMenuOpen\" data-wp-on-async--click=\"actions.toggleMenuOnClick\" aria-label=\"Submen\u00fa de Aprenda\" class=\"wp-block-navigation__submenu-icon wp-block-navigation-submenu__toggle\" ><svg xmlns=\"http:\/\/www.w3.org\/2000\/svg\" width=\"12\" height=\"12\" viewBox=\"0 0 12 12\" fill=\"none\" aria-hidden=\"true\" focusable=\"false\"><path d=\"M1.50002 4L6.00002 8L10.5 4\" stroke-width=\"1.5\"><\/path><\/svg><\/button><ul data-wp-on-async--focus=\"actions.openMenuOnFocus\" class=\"wp-block-navigation__submenu-container sidebar-navigation__learn wp-block-navigation-submenu\"><li data-wp-context=\"{ &quot;submenuOpenedBy&quot;: { &quot;click&quot;: false, &quot;hover&quot;: false, &quot;focus&quot;: false }, &quot;type&quot;: &quot;submenu&quot;, &quot;modal&quot;: null }\" data-wp-interactive=\"core\/navigation\" data-wp-on--focusout=\"actions.handleMenuFocusout\" data-wp-on--keydown=\"actions.handleMenuKeydown\" data-wp-on-async--mouseenter=\"actions.openMenuOnHover\" data-wp-on-async--mouseleave=\"actions.closeMenuOnHover\" data-wp-watch=\"callbacks.initMenu\" tabindex=\"-1\" class=\"wp-block-navigation-item has-child open-on-hover-click wp-block-navigation-submenu\"><a class=\"wp-block-navigation-item__content\" href=\"https:\/\/patientbloodmanagement.org\/learn\/what-is-patient-blood-management\/\"><span class=\"wp-block-navigation-item__label\">\u00bfQu\u00e9 es PBM?<\/span><\/a><button data-wp-bind--aria-expanded=\"state.isMenuOpen\" data-wp-on-async--click=\"actions.toggleMenuOnClick\" aria-label=\"Submen\u00fa de \u00bfQu\u00e9 es PBM?\" class=\"wp-block-navigation__submenu-icon wp-block-navigation-submenu__toggle\" ><svg xmlns=\"http:\/\/www.w3.org\/2000\/svg\" width=\"12\" height=\"12\" viewBox=\"0 0 12 12\" fill=\"none\" aria-hidden=\"true\" focusable=\"false\"><path d=\"M1.50002 4L6.00002 8L10.5 4\" stroke-width=\"1.5\"><\/path><\/svg><\/button><ul data-wp-on-async--focus=\"actions.openMenuOnFocus\" class=\"wp-block-navigation__submenu-container wp-block-navigation-submenu\"><li class=\" wp-block-navigation-item wp-block-navigation-link\"><a class=\"wp-block-navigation-item__content\"  href=\"https:\/\/patientbloodmanagement.org\/learn\/the-history-of-patient-blood-management\/\"><span class=\"wp-block-navigation-item__label\">Historia de PBM<\/span><\/a><\/li><\/ul><\/li><li data-wp-context=\"{ &quot;submenuOpenedBy&quot;: { &quot;click&quot;: false, &quot;hover&quot;: false, &quot;focus&quot;: false }, &quot;type&quot;: &quot;submenu&quot;, &quot;modal&quot;: null }\" data-wp-interactive=\"core\/navigation\" data-wp-on--focusout=\"actions.handleMenuFocusout\" data-wp-on--keydown=\"actions.handleMenuKeydown\" data-wp-on-async--mouseenter=\"actions.openMenuOnHover\" data-wp-on-async--mouseleave=\"actions.closeMenuOnHover\" data-wp-watch=\"callbacks.initMenu\" tabindex=\"-1\" class=\"wp-block-navigation-item has-child open-on-hover-click wp-block-navigation-submenu\"><a class=\"wp-block-navigation-item__content\" href=\"https:\/\/patientbloodmanagement.org\/learn\/patient-advice\/\"><span class=\"wp-block-navigation-item__label\">Consejos a los pacientes<\/span><\/a><button data-wp-bind--aria-expanded=\"state.isMenuOpen\" data-wp-on-async--click=\"actions.toggleMenuOnClick\" aria-label=\"Submen\u00fa de Consejos a los pacientes\" class=\"wp-block-navigation__submenu-icon wp-block-navigation-submenu__toggle\" ><svg xmlns=\"http:\/\/www.w3.org\/2000\/svg\" width=\"12\" height=\"12\" viewBox=\"0 0 12 12\" fill=\"none\" aria-hidden=\"true\" focusable=\"false\"><path d=\"M1.50002 4L6.00002 8L10.5 4\" stroke-width=\"1.5\"><\/path><\/svg><\/button><ul data-wp-on-async--focus=\"actions.openMenuOnFocus\" class=\"wp-block-navigation__submenu-container wp-block-navigation-submenu\"><li class=\" wp-block-navigation-item wp-block-navigation-link\"><a class=\"wp-block-navigation-item__content\"  href=\"https:\/\/patientbloodmanagement.org\/learn\/patient-advice\/why-your-blood-is-important\/\"><span class=\"wp-block-navigation-item__label\">Importancia de la sangre<\/span><\/a><\/li><li class=\" wp-block-navigation-item wp-block-navigation-link\"><a class=\"wp-block-navigation-item__content\"  href=\"https:\/\/patientbloodmanagement.org\/learn\/patient-advice\/what-your-doctor-should-tell-you\/\"><span class=\"wp-block-navigation-item__label\">Lo que su m\u00e9dico debe decirle<\/span><\/a><\/li><li class=\" wp-block-navigation-item wp-block-navigation-link\"><a class=\"wp-block-navigation-item__content\"  href=\"https:\/\/patientbloodmanagement.org\/learn\/patient-advice\/how-to-manage-the-doctor-patient-relationship\/\"><span class=\"wp-block-navigation-item__label\">Relaci\u00f3n m\u00e9dico\/paciente<\/span><\/a><\/li><li class=\" wp-block-navigation-item wp-block-navigation-link\"><a class=\"wp-block-navigation-item__content\"  href=\"https:\/\/patientbloodmanagement.org\/learn\/patient-advice\/two-simple-questions-to-ask-your-doctor\/\"><span class=\"wp-block-navigation-item__label\">3 sencillas preguntas que debe hacer a su m\u00e9dico<\/span><\/a><\/li><\/ul><\/li><li data-wp-context=\"{ &quot;submenuOpenedBy&quot;: { &quot;click&quot;: false, &quot;hover&quot;: false, &quot;focus&quot;: false }, &quot;type&quot;: &quot;submenu&quot;, &quot;modal&quot;: null }\" data-wp-interactive=\"core\/navigation\" data-wp-on--focusout=\"actions.handleMenuFocusout\" data-wp-on--keydown=\"actions.handleMenuKeydown\" data-wp-on-async--mouseenter=\"actions.openMenuOnHover\" data-wp-on-async--mouseleave=\"actions.closeMenuOnHover\" data-wp-watch=\"callbacks.initMenu\" tabindex=\"-1\" class=\"wp-block-navigation-item has-child open-on-hover-click wp-block-navigation-submenu\"><a class=\"wp-block-navigation-item__content\" href=\"https:\/\/patientbloodmanagement.org\/learn\/patient-blood-management-for-clinicians\/\"><span class=\"wp-block-navigation-item__label\">PBM &#8211; Profesionales de la salud<\/span><\/a><button data-wp-bind--aria-expanded=\"state.isMenuOpen\" data-wp-on-async--click=\"actions.toggleMenuOnClick\" aria-label=\"Submen\u00fa de PBM - Profesionales de la salud\" class=\"wp-block-navigation__submenu-icon wp-block-navigation-submenu__toggle\" ><svg xmlns=\"http:\/\/www.w3.org\/2000\/svg\" width=\"12\" height=\"12\" viewBox=\"0 0 12 12\" fill=\"none\" aria-hidden=\"true\" focusable=\"false\"><path d=\"M1.50002 4L6.00002 8L10.5 4\" stroke-width=\"1.5\"><\/path><\/svg><\/button><ul data-wp-on-async--focus=\"actions.openMenuOnFocus\" class=\"wp-block-navigation__submenu-container wp-block-navigation-submenu\"><li class=\" wp-block-navigation-item wp-block-navigation-link\"><a class=\"wp-block-navigation-item__content\"  href=\"https:\/\/patientbloodmanagement.org\/learn\/patient-blood-management-for-clinicians\/patient-blood-management-how-ifpbm-can-support-you\/\"><span class=\"wp-block-navigation-item__label\">C\u00f3mo puede ayudarle el IFPBM<\/span><\/a><\/li><li class=\" wp-block-navigation-item wp-block-navigation-link\"><a class=\"wp-block-navigation-item__content\"  href=\"https:\/\/patientbloodmanagement.org\/learn\/patient-blood-management-for-clinicians\/what-you-should-know-about-pbm\/\"><span class=\"wp-block-navigation-item__label\">M\u00e1s informaci\u00f3n sobre PBM<\/span><\/a><\/li><li class=\" wp-block-navigation-item wp-block-navigation-link\"><a class=\"wp-block-navigation-item__content\"  href=\"https:\/\/ifpbm.org\/about\/contribute-to-ifpbm-research\/\"><span class=\"wp-block-navigation-item__label\">Investigaci\u00f3n<\/span><\/a><\/li><\/ul><\/li><\/ul><\/li><li data-wp-context=\"{ &quot;submenuOpenedBy&quot;: { &quot;click&quot;: false, &quot;hover&quot;: false, &quot;focus&quot;: false }, &quot;type&quot;: &quot;submenu&quot;, &quot;modal&quot;: null }\" data-wp-interactive=\"core\/navigation\" data-wp-on--focusout=\"actions.handleMenuFocusout\" data-wp-on--keydown=\"actions.handleMenuKeydown\" data-wp-on-async--mouseenter=\"actions.openMenuOnHover\" data-wp-on-async--mouseleave=\"actions.closeMenuOnHover\" data-wp-watch=\"callbacks.initMenu\" tabindex=\"-1\" class=\"wp-block-navigation-item has-child open-on-hover-click sidebar-navigation__resources wp-block-navigation-submenu\"><a class=\"wp-block-navigation-item__content\" href=\"https:\/\/patientbloodmanagement.org\/resources\/\" title=\"\"><span class=\"wp-block-navigation-item__label\">Recursos profesionales de la IFPBM<\/span><\/a><button data-wp-bind--aria-expanded=\"state.isMenuOpen\" data-wp-on-async--click=\"actions.toggleMenuOnClick\" aria-label=\"Submen\u00fa de Recursos profesionales de la IFPBM\" class=\"wp-block-navigation__submenu-icon wp-block-navigation-submenu__toggle\" ><svg xmlns=\"http:\/\/www.w3.org\/2000\/svg\" width=\"12\" height=\"12\" viewBox=\"0 0 12 12\" fill=\"none\" aria-hidden=\"true\" focusable=\"false\"><path d=\"M1.50002 4L6.00002 8L10.5 4\" stroke-width=\"1.5\"><\/path><\/svg><\/button><ul data-wp-on-async--focus=\"actions.openMenuOnFocus\" class=\"wp-block-navigation__submenu-container sidebar-navigation__resources wp-block-navigation-submenu\"><li class=\" wp-block-navigation-item wp-block-navigation-link\"><a class=\"wp-block-navigation-item__content\"  href=\"https:\/\/patientbloodmanagement.org\/r\/articles\"><span class=\"wp-block-navigation-item__label\">Art\u00edculos<\/span><\/a><\/li><li class=\" wp-block-navigation-item wp-block-navigation-link\"><a class=\"wp-block-navigation-item__content\"  href=\"https:\/\/patientbloodmanagement.org\/r\/videos\"><span class=\"wp-block-navigation-item__label\">V\u00eddeos<\/span><\/a><\/li><li class=\" wp-block-navigation-item wp-block-navigation-link\"><a class=\"wp-block-navigation-item__content\"  href=\"https:\/\/patientbloodmanagement.org\/r\/textbooks\"><span class=\"wp-block-navigation-item__label\">Libros de texto<\/span><\/a><\/li><li class=\" wp-block-navigation-item wp-block-navigation-link\"><a class=\"wp-block-navigation-item__content\"  href=\"https:\/\/patientbloodmanagement.org\/r\/guidelines\"><span class=\"wp-block-navigation-item__label\">Directrices<\/span><\/a><\/li><li class=\" wp-block-navigation-item wp-block-navigation-link\"><a class=\"wp-block-navigation-item__content\"  href=\"https:\/\/patientbloodmanagement.org\/r\/conferences\/\"><span class=\"wp-block-navigation-item__label\">Conferencias<\/span><\/a><\/li><li class=\" wp-block-navigation-item wp-block-navigation-link\"><a class=\"wp-block-navigation-item__content\"  href=\"https:\/\/patientbloodmanagement.org\/speakers\/\"><span class=\"wp-block-navigation-item__label\">Altavoces<\/span><\/a><\/li><li class=\" wp-block-navigation-item wp-block-navigation-link\"><a class=\"wp-block-navigation-item__content\"  href=\"https:\/\/patientbloodmanagement.org\/r\/links\"><span class=\"wp-block-navigation-item__label\">Enlaces<\/span><\/a><\/li><\/ul><\/li><li data-wp-context=\"{ &quot;submenuOpenedBy&quot;: { &quot;click&quot;: false, &quot;hover&quot;: false, &quot;focus&quot;: false }, &quot;type&quot;: &quot;submenu&quot;, &quot;modal&quot;: null }\" data-wp-interactive=\"core\/navigation\" data-wp-on--focusout=\"actions.handleMenuFocusout\" data-wp-on--keydown=\"actions.handleMenuKeydown\" data-wp-on-async--mouseenter=\"actions.openMenuOnHover\" data-wp-on-async--mouseleave=\"actions.closeMenuOnHover\" data-wp-watch=\"callbacks.initMenu\" tabindex=\"-1\" class=\"wp-block-navigation-item has-child open-on-hover-click sidebar-navigation__about wp-block-navigation-submenu\"><a class=\"wp-block-navigation-item__content\" href=\"https:\/\/ifpbm.org\/about\/\"><span class=\"wp-block-navigation-item__label\">Acerca de<\/span><\/a><button data-wp-bind--aria-expanded=\"state.isMenuOpen\" data-wp-on-async--click=\"actions.toggleMenuOnClick\" aria-label=\"Submen\u00fa de Acerca de\" class=\"wp-block-navigation__submenu-icon wp-block-navigation-submenu__toggle\" ><svg xmlns=\"http:\/\/www.w3.org\/2000\/svg\" width=\"12\" height=\"12\" viewBox=\"0 0 12 12\" fill=\"none\" aria-hidden=\"true\" focusable=\"false\"><path d=\"M1.50002 4L6.00002 8L10.5 4\" stroke-width=\"1.5\"><\/path><\/svg><\/button><ul data-wp-on-async--focus=\"actions.openMenuOnFocus\" class=\"wp-block-navigation__submenu-container sidebar-navigation__about wp-block-navigation-submenu\"><li data-wp-context=\"{ &quot;submenuOpenedBy&quot;: { &quot;click&quot;: false, &quot;hover&quot;: false, &quot;focus&quot;: false }, &quot;type&quot;: &quot;submenu&quot;, &quot;modal&quot;: null }\" data-wp-interactive=\"core\/navigation\" data-wp-on--focusout=\"actions.handleMenuFocusout\" data-wp-on--keydown=\"actions.handleMenuKeydown\" data-wp-on-async--mouseenter=\"actions.openMenuOnHover\" data-wp-on-async--mouseleave=\"actions.closeMenuOnHover\" data-wp-watch=\"callbacks.initMenu\" tabindex=\"-1\" class=\"wp-block-navigation-item has-child open-on-hover-click wp-block-navigation-submenu\"><a class=\"wp-block-navigation-item__content\" href=\"https:\/\/ifpbm.org\/board-trustees\/\"><span class=\"wp-block-navigation-item__label\">Junta de S\u00edndicos<\/span><\/a><button data-wp-bind--aria-expanded=\"state.isMenuOpen\" data-wp-on-async--click=\"actions.toggleMenuOnClick\" aria-label=\"Submen\u00fa de Junta de S\u00edndicos\" class=\"wp-block-navigation__submenu-icon wp-block-navigation-submenu__toggle\" ><svg xmlns=\"http:\/\/www.w3.org\/2000\/svg\" width=\"12\" height=\"12\" viewBox=\"0 0 12 12\" fill=\"none\" aria-hidden=\"true\" focusable=\"false\"><path d=\"M1.50002 4L6.00002 8L10.5 4\" stroke-width=\"1.5\"><\/path><\/svg><\/button><ul data-wp-on-async--focus=\"actions.openMenuOnFocus\" class=\"wp-block-navigation__submenu-container wp-block-navigation-submenu\"><li class=\" wp-block-navigation-item wp-block-navigation-link\"><a class=\"wp-block-navigation-item__content\"  href=\"https:\/\/ifpbm.org\/hans-gombotz\/\"><span class=\"wp-block-navigation-item__label\">Prof. Dr. Hans Gombotz<\/span><\/a><\/li><\/ul><\/li><li class=\" wp-block-navigation-item wp-block-navigation-link\"><a class=\"wp-block-navigation-item__content\"  href=\"https:\/\/ifpbm.org\/scientific-associates\/\"><span class=\"wp-block-navigation-item__label\">Asociados cient\u00edficos<\/span><\/a><\/li><li class=\" wp-block-navigation-item wp-block-navigation-link\"><a class=\"wp-block-navigation-item__content\"  href=\"https:\/\/ifpbm.org\/about\/contact-us\/\"><span class=\"wp-block-navigation-item__label\">Contacte con nosotros<\/span><\/a><\/li><li class=\" wp-block-navigation-item wp-block-navigation-link\"><a class=\"wp-block-navigation-item__content\"  href=\"https:\/\/ifpbm.org\/about\/network-with-ifpbm\/\"><span class=\"wp-block-navigation-item__label\">Red<\/span><\/a><\/li><li class=\" wp-block-navigation-item wp-block-navigation-link\"><a class=\"wp-block-navigation-item__content\"  href=\"https:\/\/patientbloodmanagement.org\/ifpbm-professional-resources\/\"><span class=\"wp-block-navigation-item__label\">Apoyar \/ Colaborar<\/span><\/a><\/li><li class=\" wp-block-navigation-item wp-block-navigation-link\"><a class=\"wp-block-navigation-item__content\"  href=\"https:\/\/ifpbm.org\/donate\/\"><span class=\"wp-block-navigation-item__label\">Done a<\/span><\/a><\/li><\/ul><\/li><\/ul><\/nav><\/div>\n\n\n\n<div class=\"wp-block-column is-vertically-aligned-top is-layout-flow wp-block-column-is-layout-flow\" style=\"flex-basis:80%\">\n\n\n<h1 class=\"wp-block-heading\">Manifiesto PBM de la UE<\/h1>\n\n\n\n<p>Durante el Foro Europeo de la Salud Gastein 2019, un taller intersectorial, que reuni\u00f3 a la industria, los pacientes, los gobiernos y los profesionales sanitarios, debati\u00f3 los beneficios de la GSP y discuti\u00f3 las posibles acciones pol\u00edticas nacionales y de la UE necesarias para apoyar su implantaci\u00f3n en los hospitales de toda Europa.<\/p>\n\n\n\n<p>Este Manifiesto presenta las recomendaciones del Foro Europeo de la Salud Gastein 2019.<\/p>\n\n\n\n<p>Para descargarlo, haga clic en <a rel=\"noopener\" href=\"\/images\/EU%20PBM%20Manifesto%20February%202020%2024.pdf\" target=\"_blank\">este enlace<\/a>.<\/p>\n\n\n\n<figure class=\"wp-block-image aligncenter\"><a href=\"\/images\/EU%20PBM%20Manifesto%20February%202020%2024.pdf\" target=\"_blank\" rel=\"noopener\"><img decoding=\"async\" src=\"https:\/\/ifpbm.org\/wp-content\/uploads\/2023\/05\/eu_manifesto_pr_1000x580.jpg\" alt=\"Manifiesto de la UE\"\/><\/a><\/figure>\n\n\n\n<p>Si desea m\u00e1s informaci\u00f3n sobre el Manifiesto para la acci\u00f3n europea sobre la gesti\u00f3n de la sangre de los pacientes (PBM), p\u00f3ngase en contacto con el IFPBM <a href=\"https:\/\/ifpbm.org\/es\/contacte-con-nosotros\/\">aqu\u00ed<\/a>.  <\/p>\n<\/div>\n<\/div>\n<\/div>\n","protected":false},"excerpt":{"rendered":"<p>Manifiesto PBM de la UE Durante el Foro Europeo de la Salud Gastein 2019, un taller intersectorial, que reuni\u00f3 a la industria, los pacientes, los gobiernos y los profesionales sanitarios, debati\u00f3 los beneficios de la GSP y discuti\u00f3 las posibles acciones pol\u00edticas nacionales y de la UE necesarias para apoyar su implantaci\u00f3n en los hospitales <a href=\"https:\/\/ifpbm.org\/es\/acerca-de\/manifiesto-pbm-de-la-ue\/\">[&#8230;]<\/a><\/p>\n","protected":false},"author":1,"featured_media":0,"parent":18329,"menu_order":0,"comment_status":"closed","ping_status":"closed","template":"","meta":{"footnotes":""},"class_list":["post-18313","page","type-page","status-publish","hentry"],"acf":[],"_links":{"self":[{"href":"https:\/\/ifpbm.org\/es\/wp-json\/wp\/v2\/pages\/18313","targetHints":{"allow":["GET"]}}],"collection":[{"href":"https:\/\/ifpbm.org\/es\/wp-json\/wp\/v2\/pages"}],"about":[{"href":"https:\/\/ifpbm.org\/es\/wp-json\/wp\/v2\/types\/page"}],"author":[{"embeddable":true,"href":"https:\/\/ifpbm.org\/es\/wp-json\/wp\/v2\/users\/1"}],"replies":[{"embeddable":true,"href":"https:\/\/ifpbm.org\/es\/wp-json\/wp\/v2\/comments?post=18313"}],"version-history":[{"count":1,"href":"https:\/\/ifpbm.org\/es\/wp-json\/wp\/v2\/pages\/18313\/revisions"}],"predecessor-version":[{"id":18317,"href":"https:\/\/ifpbm.org\/es\/wp-json\/wp\/v2\/pages\/18313\/revisions\/18317"}],"up":[{"embeddable":true,"href":"https:\/\/ifpbm.org\/es\/wp-json\/wp\/v2\/pages\/18329"}],"wp:attachment":[{"href":"https:\/\/ifpbm.org\/es\/wp-json\/wp\/v2\/media?parent=18313"}],"curies":[{"name":"wp","href":"https:\/\/api.w.org\/{rel}","templated":true}]}}