
{"id":18257,"date":"2023-04-25T11:01:15","date_gmt":"2023-04-25T11:01:15","guid":{"rendered":"https:\/\/ifpbm.org\/gracias-siga-disfrutando-de-su-suscripcion-durante-1-ano-mas\/"},"modified":"2023-04-25T11:01:15","modified_gmt":"2023-04-25T11:01:15","slug":"gracias-siga-disfrutando-de-su-suscripcion-durante-1-ano-mas","status":"publish","type":"page","link":"https:\/\/ifpbm.org\/es\/gracias-siga-disfrutando-de-su-suscripcion-durante-1-ano-mas\/","title":{"rendered":"\u00a1Gracias! \u00a1Siga disfrutando de su suscripci\u00f3n durante 1 a\u00f1o m\u00e1s!"},"content":{"rendered":"","protected":false},"excerpt":{"rendered":"","protected":false},"author":1,"featured_media":0,"parent":0,"menu_order":0,"comment_status":"closed","ping_status":"closed","template":"","meta":{"footnotes":""},"class_list":["post-18257","page","type-page","status-publish","hentry"],"acf":[],"_links":{"self":[{"href":"https:\/\/ifpbm.org\/es\/wp-json\/wp\/v2\/pages\/18257","targetHints":{"allow":["GET"]}}],"collection":[{"href":"https:\/\/ifpbm.org\/es\/wp-json\/wp\/v2\/pages"}],"about":[{"href":"https:\/\/ifpbm.org\/es\/wp-json\/wp\/v2\/types\/page"}],"author":[{"embeddable":true,"href":"https:\/\/ifpbm.org\/es\/wp-json\/wp\/v2\/users\/1"}],"replies":[{"embeddable":true,"href":"https:\/\/ifpbm.org\/es\/wp-json\/wp\/v2\/comments?post=18257"}],"version-history":[{"count":0,"href":"https:\/\/ifpbm.org\/es\/wp-json\/wp\/v2\/pages\/18257\/revisions"}],"wp:attachment":[{"href":"https:\/\/ifpbm.org\/es\/wp-json\/wp\/v2\/media?parent=18257"}],"curies":[{"name":"wp","href":"https:\/\/api.w.org\/{rel}","templated":true}]}}