
{"id":18224,"date":"2018-11-12T05:05:08","date_gmt":"2018-11-12T05:05:08","guid":{"rendered":"https:\/\/ifpbm.org\/que-es-el-pbm-video-chino\/"},"modified":"2024-03-25T19:11:48","modified_gmt":"2024-03-25T19:11:48","slug":"que-es-el-pbm-video-chino","status":"publish","type":"page","link":"https:\/\/ifpbm.org\/es\/que-es-el-pbm-video-chino\/","title":{"rendered":"Qu\u00e9 es el PBM V\u00eddeo &#8211; Chino"},"content":{"rendered":"\n<p>\n<video src=\"https:\/\/ifpbm.org\/images\/videos\/what_is_pbm_chinese.mp4\" poster=\"images\/videos\/what_is_pbm_poster.jpg\" autoplay=\"autoplay\" controls=\"controls\" width=\"854\" height=\"480\" type=\"video\/mp4\"><\/video>\n<\/p>\n\n<p>Duraci\u00f3n 1:44 <a href=\"what-is-pbm-animation\" target=\"_blank\" rel=\"noopener\">Ver el v\u00eddeo en ingl\u00e9s<\/a><\/p>\n","protected":false},"excerpt":{"rendered":"<p>Duraci\u00f3n 1:44 Ver el v\u00eddeo en ingl\u00e9s<\/p>\n","protected":false},"author":1,"featured_media":0,"parent":0,"menu_order":0,"comment_status":"closed","ping_status":"closed","template":"","meta":{"footnotes":""},"class_list":["post-18224","page","type-page","status-publish","hentry"],"acf":[],"_links":{"self":[{"href":"https:\/\/ifpbm.org\/es\/wp-json\/wp\/v2\/pages\/18224","targetHints":{"allow":["GET"]}}],"collection":[{"href":"https:\/\/ifpbm.org\/es\/wp-json\/wp\/v2\/pages"}],"about":[{"href":"https:\/\/ifpbm.org\/es\/wp-json\/wp\/v2\/types\/page"}],"author":[{"embeddable":true,"href":"https:\/\/ifpbm.org\/es\/wp-json\/wp\/v2\/users\/1"}],"replies":[{"embeddable":true,"href":"https:\/\/ifpbm.org\/es\/wp-json\/wp\/v2\/comments?post=18224"}],"version-history":[{"count":1,"href":"https:\/\/ifpbm.org\/es\/wp-json\/wp\/v2\/pages\/18224\/revisions"}],"predecessor-version":[{"id":18226,"href":"https:\/\/ifpbm.org\/es\/wp-json\/wp\/v2\/pages\/18224\/revisions\/18226"}],"wp:attachment":[{"href":"https:\/\/ifpbm.org\/es\/wp-json\/wp\/v2\/media?parent=18224"}],"curies":[{"name":"wp","href":"https:\/\/api.w.org\/{rel}","templated":true}]}}