
{"id":18210,"date":"2021-09-21T21:54:40","date_gmt":"2021-09-21T21:54:40","guid":{"rendered":"https:\/\/ifpbm.org\/prof-dr-hans-gombotz\/"},"modified":"2024-03-25T19:11:39","modified_gmt":"2024-03-25T19:11:39","slug":"prof-dr-hans-gombotz","status":"publish","type":"page","link":"https:\/\/ifpbm.org\/es\/prof-dr-hans-gombotz\/","title":{"rendered":"Prof. Dr. Hans Gombotz"},"content":{"rendered":"\n<h1 class=\"wp-block-heading\">Prof. Dr. Hans Gombotz<\/h1>\n\n<h1 class=\"wp-block-heading has-text-align-center\"><strong>OBITUARIO<\/strong><\/h1>\n\n<figure class=\"wp-block-image aligncenter size-full\"><img loading=\"lazy\" decoding=\"async\" width=\"278\" height=\"337\" src=\"https:\/\/ifpbm.org\/wp-content\/uploads\/sites\/2\/2023\/05\/hans_gombotz_obituary.jpg\" alt=\"\" class=\"wp-image-15754\" srcset=\"https:\/\/ifpbm.org\/wp-content\/uploads\/sites\/2\/2023\/05\/hans_gombotz_obituary.jpg 278w, https:\/\/ifpbm.org\/wp-content\/uploads\/sites\/2\/2023\/05\/hans_gombotz_obituary-247x300.jpg 247w\" sizes=\"auto, (max-width: 278px) 100vw, 278px\" \/><\/figure>\n\n<p><span style=\"color: #000000\"><strong>Tras una larga batalla contra el c\u00e1ncer y a sus <sup>73<\/sup> a\u00f1os, el Prof. Dr. Hans Gombotz falleci\u00f3 el 13 de septiembre de 2021. Estamos de luto por la p\u00e9rdida de un cient\u00edfico brillante, un colega respetado, un colega valorado, un m\u00e9dico atento y -para muchos- un amigo leal.  <\/strong><\/span><\/p>\n\n<p><\/p>\n\n<p>Hans naci\u00f3 y creci\u00f3 en Estiria, Austria. En 1977 se licenci\u00f3 como m\u00e9dico en la Universidad Karl-Franzens de Graz (Austria), donde pronto se convirti\u00f3 en especialista en anestesiolog\u00eda, cuidados intensivos y medicina de urgencias. En 1990 fue nombrado profesor de anestesiolog\u00eda y medicina intensiva en su universidad. En 1995 se convirti\u00f3 en Jefe Asociado del Departamento Cl\u00ednico de Anestesiolog\u00eda Cardiaca, Cirug\u00eda Vascular y Medicina Intensiva y en 1996 fue nombrado Profesor Asociado. En 2001, Hans se traslad\u00f3 al Hospital General de Linz, donde se convirti\u00f3 en Jefe del Departamento de Anestesiolog\u00eda y Cuidados Intensivos y donde trabaj\u00f3 hasta su jubilaci\u00f3n en 2014. Durante este periodo, tambi\u00e9n ejerci\u00f3 durante un mandato completo como Presidente de la Sociedad Austriaca de Anestesiolog\u00eda, Reanimaci\u00f3n y Cuidados Intensivos.<\/p>\n\n<p>Hans termin\u00f3 su carrera como m\u00e9dico en activo organizando un simposio titulado \u00abAnestesia y m\u00e1s all\u00e1\u00bb, un acto que coincidi\u00f3 con el <sup>60<\/sup> aniversario de su departamento en Linz. En la invitaci\u00f3n al programa escribi\u00f3: \u00abPara m\u00ed personalmente, este simposio significa tambi\u00e9n la culminaci\u00f3n de una larga y satisfactoria carrera. Tras 40 a\u00f1os de pasi\u00f3n dedicados a la medicina y a la investigaci\u00f3n cl\u00ednica, por fin me despido para abrir un nuevo cap\u00edtulo en la vida\u00bb, \u00a1y as\u00ed lo hizo! M\u00e1s que nunca, dedic\u00f3 su tiempo y energ\u00eda a impulsar la implantaci\u00f3n de la Gesti\u00f3n Sangu\u00ednea de Pacientes (GSP) como norma mundial de atenci\u00f3n sanitaria. Esto implic\u00f3 su papel como presidente del proyecto PBM de la Comisi\u00f3n Europea para desarrollar una gu\u00eda de implementaci\u00f3n de PBM para hospitales y una gu\u00eda para las autoridades sanitarias para la creaci\u00f3n de programas nacionales de PBM, las revisiones de los libros de texto cl\u00ednicos de PBM en los que fue autor principal, la redacci\u00f3n, edici\u00f3n y revisi\u00f3n de documentos relacionados con la PBM, la impartici\u00f3n de conferencias a nivel internacional, la concesi\u00f3n de entrevistas televisivas y el apoyo al periodismo de investigaci\u00f3n serio para aumentar la concienciaci\u00f3n sobre cuestiones relacionadas con la seguridad del paciente. En 2018, recibi\u00f3 el Premio del Presidente de SABM por sus logros.<\/p>\n\n<p>Hans fue miembro fundador y de la junta directiva de la NATA, y de la IFPBM, donde asisti\u00f3 a su \u00faltima reuni\u00f3n de la junta en julio a pesar de su grave estado de salud. Se le puede describir mejor como una \u00abfuerza de la naturaleza\u00bb, un hombre comprometido en todo lo que hac\u00eda, no siempre diplom\u00e1tico, respetado por los amigos y temido por los enemigos. Era un investigador diligente, un agudo revisor, un buen escritor, un l\u00edder fuerte, pero ante todo un m\u00e9dico apasionado y un valiente defensor de los pacientes. Le interesaba mucho la historia, sobre todo la contempor\u00e1nea. Tocaba el piano, amaba las bellas artes y rara vez se perd\u00eda el \u00faltimo programa de la Filarm\u00f3nica de Viena. Hans ten\u00eda un fuerte sentido de la justicia, un car\u00e1cter lleno de humor e ingenio y profundidad emocional. Querido Hans, junto con tu querida esposa Ilse, tu amado hijo Thomas y su querida Carolin, te echamos mucho de menos.<\/p>\n","protected":false},"excerpt":{"rendered":"<p>Prof. Dr. Hans Gombotz OBITUARIO Tras una larga batalla contra el c\u00e1ncer y a sus 73 a\u00f1os, el Prof. Dr. Hans Gombotz falleci\u00f3 el 13 de septiembre de 2021. Estamos de luto por la p\u00e9rdida de un cient\u00edfico brillante, un colega respetado, un colega valorado, un m\u00e9dico atento y -para muchos- un amigo leal. Hans <a href=\"https:\/\/ifpbm.org\/es\/prof-dr-hans-gombotz\/\">[&#8230;]<\/a><\/p>\n","protected":false},"author":1,"featured_media":0,"parent":0,"menu_order":0,"comment_status":"closed","ping_status":"closed","template":"","meta":{"footnotes":""},"class_list":["post-18210","page","type-page","status-publish","hentry"],"acf":[],"_links":{"self":[{"href":"https:\/\/ifpbm.org\/es\/wp-json\/wp\/v2\/pages\/18210","targetHints":{"allow":["GET"]}}],"collection":[{"href":"https:\/\/ifpbm.org\/es\/wp-json\/wp\/v2\/pages"}],"about":[{"href":"https:\/\/ifpbm.org\/es\/wp-json\/wp\/v2\/types\/page"}],"author":[{"embeddable":true,"href":"https:\/\/ifpbm.org\/es\/wp-json\/wp\/v2\/users\/1"}],"replies":[{"embeddable":true,"href":"https:\/\/ifpbm.org\/es\/wp-json\/wp\/v2\/comments?post=18210"}],"version-history":[{"count":1,"href":"https:\/\/ifpbm.org\/es\/wp-json\/wp\/v2\/pages\/18210\/revisions"}],"predecessor-version":[{"id":18217,"href":"https:\/\/ifpbm.org\/es\/wp-json\/wp\/v2\/pages\/18210\/revisions\/18217"}],"wp:attachment":[{"href":"https:\/\/ifpbm.org\/es\/wp-json\/wp\/v2\/media?parent=18210"}],"curies":[{"name":"wp","href":"https:\/\/api.w.org\/{rel}","templated":true}]}}