
{"id":18139,"date":"2018-11-12T05:03:36","date_gmt":"2018-11-12T05:03:36","guid":{"rendered":"https:\/\/ifpbm.org\/quien-es-el-ifpbm-video-chino\/"},"modified":"2024-03-25T18:53:16","modified_gmt":"2024-03-25T18:53:16","slug":"quien-es-el-ifpbm-video-chino","status":"publish","type":"page","link":"https:\/\/ifpbm.org\/es\/quien-es-el-ifpbm-video-chino\/","title":{"rendered":"Qui\u00e9n es el IFPBM V\u00eddeo &#8211; Chino"},"content":{"rendered":"\n<p>\n<video src=\"https:\/\/ifpbm.org\/images\/videos\/who_is_ifpbm_chinese.mp4\" poster=\"images\/videos\/who_is_ifpbm_poster.jpg\" autoplay=\"autoplay\" controls=\"controls\" width=\"854\" height=\"480\" type=\"video\/mp4\"><\/video>\n<\/p>\n\n<p>Duraci\u00f3n: 1:05 <a href=\"who-is-ifpbm-animation\" target=\"_blank\" rel=\"noopener\">Ver el v\u00eddeo en ingl\u00e9s<\/a><\/p>\n","protected":false},"excerpt":{"rendered":"<p>Duraci\u00f3n: 1:05 Ver el v\u00eddeo en ingl\u00e9s<\/p>\n","protected":false},"author":1,"featured_media":0,"parent":0,"menu_order":0,"comment_status":"closed","ping_status":"closed","template":"","meta":{"footnotes":""},"class_list":["post-18139","page","type-page","status-publish","hentry"],"acf":[],"_links":{"self":[{"href":"https:\/\/ifpbm.org\/es\/wp-json\/wp\/v2\/pages\/18139","targetHints":{"allow":["GET"]}}],"collection":[{"href":"https:\/\/ifpbm.org\/es\/wp-json\/wp\/v2\/pages"}],"about":[{"href":"https:\/\/ifpbm.org\/es\/wp-json\/wp\/v2\/types\/page"}],"author":[{"embeddable":true,"href":"https:\/\/ifpbm.org\/es\/wp-json\/wp\/v2\/users\/1"}],"replies":[{"embeddable":true,"href":"https:\/\/ifpbm.org\/es\/wp-json\/wp\/v2\/comments?post=18139"}],"version-history":[{"count":1,"href":"https:\/\/ifpbm.org\/es\/wp-json\/wp\/v2\/pages\/18139\/revisions"}],"predecessor-version":[{"id":18140,"href":"https:\/\/ifpbm.org\/es\/wp-json\/wp\/v2\/pages\/18139\/revisions\/18140"}],"wp:attachment":[{"href":"https:\/\/ifpbm.org\/es\/wp-json\/wp\/v2\/media?parent=18139"}],"curies":[{"name":"wp","href":"https:\/\/api.w.org\/{rel}","templated":true}]}}