
{"id":18130,"date":"2013-06-20T00:17:33","date_gmt":"2013-06-20T00:17:33","guid":{"rendered":"https:\/\/ifpbm.org\/done-a-la-fundacion-internacional-para-la-gestion-de-la-sangre-del-paciente\/"},"modified":"2024-03-25T18:51:56","modified_gmt":"2024-03-25T18:51:56","slug":"done-a-la-fundacion-internacional-para-la-gestion-de-la-sangre-del-paciente","status":"publish","type":"page","link":"https:\/\/ifpbm.org\/es\/done-a-la-fundacion-internacional-para-la-gestion-de-la-sangre-del-paciente\/","title":{"rendered":"Done a la Fundaci\u00f3n Internacional para la Gesti\u00f3n de la Sangre del Paciente"},"content":{"rendered":"\n<h2 class=\"wp-block-heading\">La Fundaci\u00f3n Internacional para el Manejo de la Sangre del Paciente es una organizaci\u00f3n sin \u00e1nimo de lucro dedicada a promover y avanzar en el conocimiento sobre el Manejo de la Sangre del Paciente.<\/h2>\n\n<p>Los <a class=\"jcepopup noicon\" style=\"color: #5691b6\" href=\"\/images\/ifpbm_circle.jpg\" target=\"_blank\" data-mediabox=\"width[500];height[500];title[IFPBM Charter]\" rel=\"noopener\">estatutos<\/a> de la Fundaci\u00f3n esbozan un enfoque estructurado para gestionar los conocimientos sobre la gesti\u00f3n de la sangre de los pacientes.<\/p>\n\n<p>La Fundaci\u00f3n acepta gustosamente donaciones de particulares e instituciones para contribuir a estos importantes esfuerzos. Si est\u00e1 en condiciones de hacerlo, haga clic en el bot\u00f3n \u00abDonar\u00bb para enviar su donativo. Todas las donaciones se realizan a trav\u00e9s de PayPal, por lo que puede utilizar una tarjeta de cr\u00e9dito u otro medio de pago en funci\u00f3n de su ubicaci\u00f3n.<\/p>\n\n<h2 class=\"wp-block-heading\">La Fundaci\u00f3n Internacional para la Gesti\u00f3n de la Sangre del Paciente le agradece su ayuda.<\/h2>\n\n<img loading=\"lazy\" decoding=\"async\" src=\"https:\/\/ifpbm.org\/wp-content\/uploads\/2023\/05\/pixel.gif\" alt=\"\" width=\"1\" height=\"1\" border=\"0\"\/>\n","protected":false},"excerpt":{"rendered":"<p>La Fundaci\u00f3n Internacional para el Manejo de la Sangre del Paciente es una organizaci\u00f3n sin \u00e1nimo de lucro dedicada a promover y avanzar en el conocimiento sobre el Manejo de la Sangre del Paciente. Los estatutos de la Fundaci\u00f3n esbozan un enfoque estructurado para gestionar los conocimientos sobre la gesti\u00f3n de la sangre de los <a href=\"https:\/\/ifpbm.org\/es\/done-a-la-fundacion-internacional-para-la-gestion-de-la-sangre-del-paciente\/\">[&#8230;]<\/a><\/p>\n","protected":false},"author":1,"featured_media":0,"parent":0,"menu_order":0,"comment_status":"closed","ping_status":"closed","template":"","meta":{"footnotes":""},"class_list":["post-18130","page","type-page","status-publish","hentry"],"acf":[],"_links":{"self":[{"href":"https:\/\/ifpbm.org\/es\/wp-json\/wp\/v2\/pages\/18130","targetHints":{"allow":["GET"]}}],"collection":[{"href":"https:\/\/ifpbm.org\/es\/wp-json\/wp\/v2\/pages"}],"about":[{"href":"https:\/\/ifpbm.org\/es\/wp-json\/wp\/v2\/types\/page"}],"author":[{"embeddable":true,"href":"https:\/\/ifpbm.org\/es\/wp-json\/wp\/v2\/users\/1"}],"replies":[{"embeddable":true,"href":"https:\/\/ifpbm.org\/es\/wp-json\/wp\/v2\/comments?post=18130"}],"version-history":[{"count":1,"href":"https:\/\/ifpbm.org\/es\/wp-json\/wp\/v2\/pages\/18130\/revisions"}],"predecessor-version":[{"id":18131,"href":"https:\/\/ifpbm.org\/es\/wp-json\/wp\/v2\/pages\/18130\/revisions\/18131"}],"wp:attachment":[{"href":"https:\/\/ifpbm.org\/es\/wp-json\/wp\/v2\/media?parent=18130"}],"curies":[{"name":"wp","href":"https:\/\/api.w.org\/{rel}","templated":true}]}}