
{"id":18125,"date":"2013-06-20T00:15:09","date_gmt":"2013-06-20T00:15:09","guid":{"rendered":"https:\/\/ifpbm.org\/red-con-el-ifpbm\/"},"modified":"2024-03-25T18:51:53","modified_gmt":"2024-03-25T18:51:53","slug":"red-con-el-ifpbm","status":"publish","type":"page","link":"https:\/\/ifpbm.org\/es\/acerca-de\/red-con-el-ifpbm\/","title":{"rendered":"Red con el IFPBM"},"content":{"rendered":"\n<h1 class=\"wp-block-heading\">Red con el IFPBM<\/h1>\n\n<div class=\"wp-block-group sidebar-navigation-layout is-layout-constrained wp-block-group-is-layout-constrained\">\n<div class=\"wp-block-columns are-vertically-aligned-top about is-layout-flex wp-container-core-columns-is-layout-9d6595d7 wp-block-columns-is-layout-flex\">\n<div class=\"wp-block-column is-vertically-aligned-top about-navigation is-content-justification-left is-layout-constrained wp-container-core-column-is-layout-8c890d92 wp-block-column-is-layout-constrained\" style=\"flex-basis:20%\"><nav class=\"is-vertical sidebar-navigation wp-block-navigation is-layout-flex wp-container-core-navigation-is-layout-8cf370e7 wp-block-navigation-is-layout-flex\" aria-label=\"Navegaci\u00f3n por la barra lateral\"><ul class=\"wp-block-navigation__container  is-vertical sidebar-navigation wp-block-navigation\"><li data-wp-context=\"{ &quot;submenuOpenedBy&quot;: { &quot;click&quot;: false, &quot;hover&quot;: false, &quot;focus&quot;: false }, &quot;type&quot;: &quot;submenu&quot;, &quot;modal&quot;: null }\" data-wp-interactive=\"core\/navigation\" data-wp-on--focusout=\"actions.handleMenuFocusout\" data-wp-on--keydown=\"actions.handleMenuKeydown\" data-wp-on-async--mouseenter=\"actions.openMenuOnHover\" data-wp-on-async--mouseleave=\"actions.closeMenuOnHover\" data-wp-watch=\"callbacks.initMenu\" tabindex=\"-1\" class=\"wp-block-navigation-item has-child open-on-hover-click sidebar-navigation__learn wp-block-navigation-submenu\"><a class=\"wp-block-navigation-item__content\" href=\"https:\/\/patientbloodmanagement.org\/learn\/\"><span class=\"wp-block-navigation-item__label\">Aprenda<\/span><\/a><button data-wp-bind--aria-expanded=\"state.isMenuOpen\" data-wp-on-async--click=\"actions.toggleMenuOnClick\" aria-label=\"Submen\u00fa de Aprenda\" class=\"wp-block-navigation__submenu-icon wp-block-navigation-submenu__toggle\" ><svg xmlns=\"http:\/\/www.w3.org\/2000\/svg\" width=\"12\" height=\"12\" viewBox=\"0 0 12 12\" fill=\"none\" aria-hidden=\"true\" focusable=\"false\"><path d=\"M1.50002 4L6.00002 8L10.5 4\" stroke-width=\"1.5\"><\/path><\/svg><\/button><ul data-wp-on-async--focus=\"actions.openMenuOnFocus\" class=\"wp-block-navigation__submenu-container sidebar-navigation__learn wp-block-navigation-submenu\"><li data-wp-context=\"{ &quot;submenuOpenedBy&quot;: { &quot;click&quot;: false, &quot;hover&quot;: false, &quot;focus&quot;: false }, &quot;type&quot;: &quot;submenu&quot;, &quot;modal&quot;: null }\" data-wp-interactive=\"core\/navigation\" data-wp-on--focusout=\"actions.handleMenuFocusout\" data-wp-on--keydown=\"actions.handleMenuKeydown\" data-wp-on-async--mouseenter=\"actions.openMenuOnHover\" data-wp-on-async--mouseleave=\"actions.closeMenuOnHover\" data-wp-watch=\"callbacks.initMenu\" tabindex=\"-1\" class=\"wp-block-navigation-item has-child open-on-hover-click wp-block-navigation-submenu\"><a class=\"wp-block-navigation-item__content\" href=\"https:\/\/patientbloodmanagement.org\/learn\/what-is-patient-blood-management\/\"><span class=\"wp-block-navigation-item__label\">\u00bfQu\u00e9 es PBM?<\/span><\/a><button data-wp-bind--aria-expanded=\"state.isMenuOpen\" data-wp-on-async--click=\"actions.toggleMenuOnClick\" aria-label=\"Submen\u00fa de \u00bfQu\u00e9 es PBM?\" class=\"wp-block-navigation__submenu-icon wp-block-navigation-submenu__toggle\" ><svg xmlns=\"http:\/\/www.w3.org\/2000\/svg\" width=\"12\" height=\"12\" viewBox=\"0 0 12 12\" fill=\"none\" aria-hidden=\"true\" focusable=\"false\"><path d=\"M1.50002 4L6.00002 8L10.5 4\" stroke-width=\"1.5\"><\/path><\/svg><\/button><ul data-wp-on-async--focus=\"actions.openMenuOnFocus\" class=\"wp-block-navigation__submenu-container wp-block-navigation-submenu\"><li class=\" wp-block-navigation-item wp-block-navigation-link\"><a class=\"wp-block-navigation-item__content\"  href=\"https:\/\/patientbloodmanagement.org\/learn\/the-history-of-patient-blood-management\/\"><span class=\"wp-block-navigation-item__label\">Historia de PBM<\/span><\/a><\/li><\/ul><\/li><li data-wp-context=\"{ &quot;submenuOpenedBy&quot;: { &quot;click&quot;: false, &quot;hover&quot;: false, &quot;focus&quot;: false }, &quot;type&quot;: &quot;submenu&quot;, &quot;modal&quot;: null }\" data-wp-interactive=\"core\/navigation\" data-wp-on--focusout=\"actions.handleMenuFocusout\" data-wp-on--keydown=\"actions.handleMenuKeydown\" data-wp-on-async--mouseenter=\"actions.openMenuOnHover\" data-wp-on-async--mouseleave=\"actions.closeMenuOnHover\" data-wp-watch=\"callbacks.initMenu\" tabindex=\"-1\" class=\"wp-block-navigation-item has-child open-on-hover-click wp-block-navigation-submenu\"><a class=\"wp-block-navigation-item__content\" href=\"https:\/\/patientbloodmanagement.org\/learn\/patient-advice\/\"><span class=\"wp-block-navigation-item__label\">Consejos a los pacientes<\/span><\/a><button data-wp-bind--aria-expanded=\"state.isMenuOpen\" data-wp-on-async--click=\"actions.toggleMenuOnClick\" aria-label=\"Submen\u00fa de Consejos a los pacientes\" class=\"wp-block-navigation__submenu-icon wp-block-navigation-submenu__toggle\" ><svg xmlns=\"http:\/\/www.w3.org\/2000\/svg\" width=\"12\" height=\"12\" viewBox=\"0 0 12 12\" fill=\"none\" aria-hidden=\"true\" focusable=\"false\"><path d=\"M1.50002 4L6.00002 8L10.5 4\" stroke-width=\"1.5\"><\/path><\/svg><\/button><ul data-wp-on-async--focus=\"actions.openMenuOnFocus\" class=\"wp-block-navigation__submenu-container wp-block-navigation-submenu\"><li class=\" wp-block-navigation-item wp-block-navigation-link\"><a class=\"wp-block-navigation-item__content\"  href=\"https:\/\/patientbloodmanagement.org\/learn\/patient-advice\/why-your-blood-is-important\/\"><span class=\"wp-block-navigation-item__label\">Importancia de la sangre<\/span><\/a><\/li><li class=\" wp-block-navigation-item wp-block-navigation-link\"><a class=\"wp-block-navigation-item__content\"  href=\"https:\/\/patientbloodmanagement.org\/learn\/patient-advice\/what-your-doctor-should-tell-you\/\"><span class=\"wp-block-navigation-item__label\">Lo que su m\u00e9dico debe decirle<\/span><\/a><\/li><li class=\" wp-block-navigation-item wp-block-navigation-link\"><a class=\"wp-block-navigation-item__content\"  href=\"https:\/\/patientbloodmanagement.org\/learn\/patient-advice\/how-to-manage-the-doctor-patient-relationship\/\"><span class=\"wp-block-navigation-item__label\">Relaci\u00f3n m\u00e9dico\/paciente<\/span><\/a><\/li><li class=\" wp-block-navigation-item wp-block-navigation-link\"><a class=\"wp-block-navigation-item__content\"  href=\"https:\/\/patientbloodmanagement.org\/learn\/patient-advice\/two-simple-questions-to-ask-your-doctor\/\"><span class=\"wp-block-navigation-item__label\">3 sencillas preguntas que debe hacer a su m\u00e9dico<\/span><\/a><\/li><\/ul><\/li><li data-wp-context=\"{ &quot;submenuOpenedBy&quot;: { &quot;click&quot;: false, &quot;hover&quot;: false, &quot;focus&quot;: false }, &quot;type&quot;: &quot;submenu&quot;, &quot;modal&quot;: null }\" data-wp-interactive=\"core\/navigation\" data-wp-on--focusout=\"actions.handleMenuFocusout\" data-wp-on--keydown=\"actions.handleMenuKeydown\" data-wp-on-async--mouseenter=\"actions.openMenuOnHover\" data-wp-on-async--mouseleave=\"actions.closeMenuOnHover\" data-wp-watch=\"callbacks.initMenu\" tabindex=\"-1\" class=\"wp-block-navigation-item has-child open-on-hover-click wp-block-navigation-submenu\"><a class=\"wp-block-navigation-item__content\" href=\"https:\/\/patientbloodmanagement.org\/learn\/patient-blood-management-for-clinicians\/\"><span class=\"wp-block-navigation-item__label\">PBM &#8211; Profesionales de la salud<\/span><\/a><button data-wp-bind--aria-expanded=\"state.isMenuOpen\" data-wp-on-async--click=\"actions.toggleMenuOnClick\" aria-label=\"Submen\u00fa de PBM - Profesionales de la salud\" class=\"wp-block-navigation__submenu-icon wp-block-navigation-submenu__toggle\" ><svg xmlns=\"http:\/\/www.w3.org\/2000\/svg\" width=\"12\" height=\"12\" viewBox=\"0 0 12 12\" fill=\"none\" aria-hidden=\"true\" focusable=\"false\"><path d=\"M1.50002 4L6.00002 8L10.5 4\" stroke-width=\"1.5\"><\/path><\/svg><\/button><ul data-wp-on-async--focus=\"actions.openMenuOnFocus\" class=\"wp-block-navigation__submenu-container wp-block-navigation-submenu\"><li class=\" wp-block-navigation-item wp-block-navigation-link\"><a class=\"wp-block-navigation-item__content\"  href=\"https:\/\/patientbloodmanagement.org\/learn\/patient-blood-management-for-clinicians\/patient-blood-management-how-ifpbm-can-support-you\/\"><span class=\"wp-block-navigation-item__label\">C\u00f3mo puede ayudarle el IFPBM<\/span><\/a><\/li><li class=\" wp-block-navigation-item wp-block-navigation-link\"><a class=\"wp-block-navigation-item__content\"  href=\"https:\/\/patientbloodmanagement.org\/learn\/patient-blood-management-for-clinicians\/what-you-should-know-about-pbm\/\"><span class=\"wp-block-navigation-item__label\">M\u00e1s informaci\u00f3n sobre PBM<\/span><\/a><\/li><li class=\" wp-block-navigation-item wp-block-navigation-link\"><a class=\"wp-block-navigation-item__content\"  href=\"https:\/\/ifpbm.org\/about\/contribute-to-ifpbm-research\/\"><span class=\"wp-block-navigation-item__label\">Investigaci\u00f3n<\/span><\/a><\/li><\/ul><\/li><\/ul><\/li><li data-wp-context=\"{ &quot;submenuOpenedBy&quot;: { &quot;click&quot;: false, &quot;hover&quot;: false, &quot;focus&quot;: false }, &quot;type&quot;: &quot;submenu&quot;, &quot;modal&quot;: null }\" data-wp-interactive=\"core\/navigation\" data-wp-on--focusout=\"actions.handleMenuFocusout\" data-wp-on--keydown=\"actions.handleMenuKeydown\" data-wp-on-async--mouseenter=\"actions.openMenuOnHover\" data-wp-on-async--mouseleave=\"actions.closeMenuOnHover\" data-wp-watch=\"callbacks.initMenu\" tabindex=\"-1\" class=\"wp-block-navigation-item has-child open-on-hover-click sidebar-navigation__resources wp-block-navigation-submenu\"><a class=\"wp-block-navigation-item__content\" href=\"https:\/\/patientbloodmanagement.org\/resources\/\" title=\"\"><span class=\"wp-block-navigation-item__label\">Recursos profesionales de la IFPBM<\/span><\/a><button data-wp-bind--aria-expanded=\"state.isMenuOpen\" data-wp-on-async--click=\"actions.toggleMenuOnClick\" aria-label=\"Submen\u00fa de Recursos profesionales de la IFPBM\" class=\"wp-block-navigation__submenu-icon wp-block-navigation-submenu__toggle\" ><svg xmlns=\"http:\/\/www.w3.org\/2000\/svg\" width=\"12\" height=\"12\" viewBox=\"0 0 12 12\" fill=\"none\" aria-hidden=\"true\" focusable=\"false\"><path d=\"M1.50002 4L6.00002 8L10.5 4\" stroke-width=\"1.5\"><\/path><\/svg><\/button><ul data-wp-on-async--focus=\"actions.openMenuOnFocus\" class=\"wp-block-navigation__submenu-container sidebar-navigation__resources wp-block-navigation-submenu\"><li class=\" wp-block-navigation-item wp-block-navigation-link\"><a class=\"wp-block-navigation-item__content\"  href=\"https:\/\/patientbloodmanagement.org\/r\/articles\"><span class=\"wp-block-navigation-item__label\">Art\u00edculos<\/span><\/a><\/li><li class=\" wp-block-navigation-item wp-block-navigation-link\"><a class=\"wp-block-navigation-item__content\"  href=\"https:\/\/patientbloodmanagement.org\/r\/videos\"><span class=\"wp-block-navigation-item__label\">V\u00eddeos<\/span><\/a><\/li><li class=\" wp-block-navigation-item wp-block-navigation-link\"><a class=\"wp-block-navigation-item__content\"  href=\"https:\/\/patientbloodmanagement.org\/r\/textbooks\"><span class=\"wp-block-navigation-item__label\">Libros de texto<\/span><\/a><\/li><li class=\" wp-block-navigation-item wp-block-navigation-link\"><a class=\"wp-block-navigation-item__content\"  href=\"https:\/\/patientbloodmanagement.org\/r\/guidelines\"><span class=\"wp-block-navigation-item__label\">Directrices<\/span><\/a><\/li><li class=\" wp-block-navigation-item wp-block-navigation-link\"><a class=\"wp-block-navigation-item__content\"  href=\"https:\/\/patientbloodmanagement.org\/r\/conferences\/\"><span class=\"wp-block-navigation-item__label\">Conferencias<\/span><\/a><\/li><li class=\" wp-block-navigation-item wp-block-navigation-link\"><a class=\"wp-block-navigation-item__content\"  href=\"https:\/\/patientbloodmanagement.org\/speakers\/\"><span class=\"wp-block-navigation-item__label\">Altavoces<\/span><\/a><\/li><li class=\" wp-block-navigation-item wp-block-navigation-link\"><a class=\"wp-block-navigation-item__content\"  href=\"https:\/\/patientbloodmanagement.org\/r\/links\"><span class=\"wp-block-navigation-item__label\">Enlaces<\/span><\/a><\/li><\/ul><\/li><li data-wp-context=\"{ &quot;submenuOpenedBy&quot;: { &quot;click&quot;: false, &quot;hover&quot;: false, &quot;focus&quot;: false }, &quot;type&quot;: &quot;submenu&quot;, &quot;modal&quot;: null }\" data-wp-interactive=\"core\/navigation\" data-wp-on--focusout=\"actions.handleMenuFocusout\" data-wp-on--keydown=\"actions.handleMenuKeydown\" data-wp-on-async--mouseenter=\"actions.openMenuOnHover\" data-wp-on-async--mouseleave=\"actions.closeMenuOnHover\" data-wp-watch=\"callbacks.initMenu\" tabindex=\"-1\" class=\"wp-block-navigation-item has-child open-on-hover-click sidebar-navigation__about wp-block-navigation-submenu\"><a class=\"wp-block-navigation-item__content\" href=\"https:\/\/ifpbm.org\/about\/\"><span class=\"wp-block-navigation-item__label\">Acerca de<\/span><\/a><button data-wp-bind--aria-expanded=\"state.isMenuOpen\" data-wp-on-async--click=\"actions.toggleMenuOnClick\" aria-label=\"Submen\u00fa de Acerca de\" class=\"wp-block-navigation__submenu-icon wp-block-navigation-submenu__toggle\" ><svg xmlns=\"http:\/\/www.w3.org\/2000\/svg\" width=\"12\" height=\"12\" viewBox=\"0 0 12 12\" fill=\"none\" aria-hidden=\"true\" focusable=\"false\"><path d=\"M1.50002 4L6.00002 8L10.5 4\" stroke-width=\"1.5\"><\/path><\/svg><\/button><ul data-wp-on-async--focus=\"actions.openMenuOnFocus\" class=\"wp-block-navigation__submenu-container sidebar-navigation__about wp-block-navigation-submenu\"><li data-wp-context=\"{ &quot;submenuOpenedBy&quot;: { &quot;click&quot;: false, &quot;hover&quot;: false, &quot;focus&quot;: false }, &quot;type&quot;: &quot;submenu&quot;, &quot;modal&quot;: null }\" data-wp-interactive=\"core\/navigation\" data-wp-on--focusout=\"actions.handleMenuFocusout\" data-wp-on--keydown=\"actions.handleMenuKeydown\" data-wp-on-async--mouseenter=\"actions.openMenuOnHover\" data-wp-on-async--mouseleave=\"actions.closeMenuOnHover\" data-wp-watch=\"callbacks.initMenu\" tabindex=\"-1\" class=\"wp-block-navigation-item has-child open-on-hover-click wp-block-navigation-submenu\"><a class=\"wp-block-navigation-item__content\" href=\"https:\/\/ifpbm.org\/board-trustees\/\"><span class=\"wp-block-navigation-item__label\">Junta de S\u00edndicos<\/span><\/a><button data-wp-bind--aria-expanded=\"state.isMenuOpen\" data-wp-on-async--click=\"actions.toggleMenuOnClick\" aria-label=\"Submen\u00fa de Junta de S\u00edndicos\" class=\"wp-block-navigation__submenu-icon wp-block-navigation-submenu__toggle\" ><svg xmlns=\"http:\/\/www.w3.org\/2000\/svg\" width=\"12\" height=\"12\" viewBox=\"0 0 12 12\" fill=\"none\" aria-hidden=\"true\" focusable=\"false\"><path d=\"M1.50002 4L6.00002 8L10.5 4\" stroke-width=\"1.5\"><\/path><\/svg><\/button><ul data-wp-on-async--focus=\"actions.openMenuOnFocus\" class=\"wp-block-navigation__submenu-container wp-block-navigation-submenu\"><li class=\" wp-block-navigation-item wp-block-navigation-link\"><a class=\"wp-block-navigation-item__content\"  href=\"https:\/\/ifpbm.org\/hans-gombotz\/\"><span class=\"wp-block-navigation-item__label\">Prof. Dr. Hans Gombotz<\/span><\/a><\/li><\/ul><\/li><li class=\" wp-block-navigation-item wp-block-navigation-link\"><a class=\"wp-block-navigation-item__content\"  href=\"https:\/\/ifpbm.org\/scientific-associates\/\"><span class=\"wp-block-navigation-item__label\">Asociados cient\u00edficos<\/span><\/a><\/li><li class=\" wp-block-navigation-item wp-block-navigation-link\"><a class=\"wp-block-navigation-item__content\"  href=\"https:\/\/ifpbm.org\/about\/contact-us\/\"><span class=\"wp-block-navigation-item__label\">Contacte con nosotros<\/span><\/a><\/li><li class=\" wp-block-navigation-item wp-block-navigation-link\"><a class=\"wp-block-navigation-item__content\"  href=\"https:\/\/ifpbm.org\/about\/network-with-ifpbm\/\"><span class=\"wp-block-navigation-item__label\">Red<\/span><\/a><\/li><li class=\" wp-block-navigation-item wp-block-navigation-link\"><a class=\"wp-block-navigation-item__content\"  href=\"https:\/\/patientbloodmanagement.org\/ifpbm-professional-resources\/\"><span class=\"wp-block-navigation-item__label\">Apoyar \/ Colaborar<\/span><\/a><\/li><li class=\" wp-block-navigation-item wp-block-navigation-link\"><a class=\"wp-block-navigation-item__content\"  href=\"https:\/\/ifpbm.org\/donate\/\"><span class=\"wp-block-navigation-item__label\">Done a<\/span><\/a><\/li><\/ul><\/li><\/ul><\/nav><\/div>\n\n\n\n<div class=\"wp-block-column is-vertically-aligned-top is-layout-flow wp-block-column-is-layout-flow\" style=\"flex-basis:80%\">\n<figure class=\"wp-block-image aligncenter\"><img decoding=\"async\" src=\"https:\/\/ifpbm.org\/wp-content\/uploads\/2023\/05\/network.jpg\" alt=\"Red con el IFPBM\"\/><\/figure>\n\n\n\n<p>La Fundaci\u00f3n Internacional para la Gesti\u00f3n de la Sangre del Paciente es el foco mundial del conocimiento relativo a la <span style=\"line-height: 1.3em\">Gesti\u00f3n de la Sangre del Paciente <\/span> <span style=\"line-height: 1.3em\">conocimientos. El  <\/span><span style=\"line-height: 1.3em\">Foundation proporciona los conocimientos y recursos necesarios para ayudar a profesionales sanitarios, pacientes y administradores a comprender y aplicar<\/span><span style=\"line-height: 1.3em\"> con \u00e9xito la gesti\u00f3n de la sangre de los pacientes.<\/span><\/p>\n\n\n\n<div style=\"height:38px\" aria-hidden=\"true\" class=\"wp-block-spacer\"><\/div>\n\n\n\n<h2 class=\"wp-block-heading has-blue-color has-text-color\">C\u00f3mo trabajar en red<br\/><\/h2>\n\n\n\n<h3 class=\"wp-block-heading\">Contribuir a la investigaci\u00f3n sobre PBM<\/h3>\n\n\n\n<p><span style=\"line-height: 1.3em\"> <span style=\"color: #000000;line-height: 18px\">Como parte de nuestros estatutos, la Fundaci\u00f3n Internacional para el Manejo de la Sangre del Paciente busca formas de fomentar el conocimiento sobre el manejo de la sangre del paciente.<\/span> Si usted o su organizaci\u00f3n est\u00e1n interesados en ayudar, p\u00f3ngase en contacto rellenando el formulario <a href=\"https:\/\/ifpbm.org\/es\/contribuir-a-la-investigacion-del-ifpbm\/\">de esta p\u00e1gina<\/a>.  <\/span><\/p>\n\n\n\n<h3 class=\"wp-block-heading\">Conozca en persona a los ponentes de PBM<\/h3>\n\n\n\n<p><span style=\"line-height: 1.3em\"> <span style=\"color: #444444;line-height: 18px\">Reserve a los ponentes m\u00e1s destacados del mundo en gesti\u00f3n de la sangre de los pacientes para su pr\u00f3xima conferencia o acto. La<a href=\"https:\/\/patientbloodmanagement.org\/speakers\/\">Oficina de Conferenciantes<\/a> de la IFPBM detalla las cualificaciones y \u00e1reas de especializaci\u00f3n del conferenciante. Rellene nuestro formulario confidencial de solicitud de ponente y pondremos al ponente en contacto directo con usted.<\/span><\/span><\/p>\n\n\n\n<h2 class=\"wp-block-heading has-blue-color has-text-color\">C\u00f3mo ayudar financieramente<\/h2>\n\n\n\n<p><span style=\"line-height: 1.3em\"><span style=\"color: #000000;font-family: Arial, Helvetica, sans-serif;line-height: 18px\">La Fundaci\u00f3n Internacional para la Gesti\u00f3n de la Sangre del Paciente es una fundaci\u00f3n sin \u00e1nimo de lucro sostenida \u00edntegramente por suscripciones y donaciones voluntarias de particulares, empresas y otras instituciones.<\/span><\/span><\/p>\n\n\n\n<h3 class=\"wp-block-heading\"><span style=\"line-height: 1.3em\">Suscr\u00edbase a<\/span><\/h3>\n\n\n\n<p><span style=\"line-height: 1.3em\">Como particular, puede apoyar el trabajo de la Fundaci\u00f3n haci\u00e9ndose suscriptor de este sitio web. Su suscripci\u00f3n anual le da acceso a las \u00e1reas de contenido Premium y proporciona un valioso apoyo al trabajo continuo de la Fundaci\u00f3n. <a href=\"https:\/\/patientbloodmanagement.org\/ifpbm-professional-resources\/\" data-type=\"URL\" data-id=\"https:\/\/patientbloodmanagement.org\/ifpbm-professional-resources\/\">Haga clic aqu\u00ed<\/a> para convertirse en suscriptor.<\/span><\/p>\n\n\n\n<h3 class=\"wp-block-heading\">Donar  <\/h3>\n\n\n\n<p>Los particulares o las organizaciones pueden hacer una donaci\u00f3n directa a la Fundaci\u00f3n Internacional para la Gesti\u00f3n de la Sangre del Paciente. Para realizar una consulta relativa a una donaci\u00f3n, rellene el formulario <a title=\"Donar al IFPBM\" href=\"\/network\/donate\">aqu\u00ed<\/a>.<\/p>\n\n\n\n<h3 class=\"wp-block-heading\">Patrocinador<\/h3>\n\n\n\n<p>El patrocinio permite flexibilidad en el tipo y el momento en que se presta apoyo a la Fundaci\u00f3n. <span style=\"line-height: 1.3em\">Para realizar una consulta sobre c\u00f3mo convertirse en Patrocinador, rellene el formulario <\/span><span style=\"line-height: 1.3em\"><\/span><a style=\"line-height: 1.3em\" title=\"Patrocinador IFPBM\" href=\"\/network\/sponsor\">aqu\u00ed<\/a><span style=\"line-height: 1.3em\">.<\/span><\/p>\n<\/div>\n<\/div>\n<\/div>\n\n<div style=\"height:38px\" aria-hidden=\"true\" class=\"wp-block-spacer\"><\/div>\n","protected":false},"excerpt":{"rendered":"<p>Red con el IFPBM La Fundaci\u00f3n Internacional para la Gesti\u00f3n de la Sangre del Paciente es el foco mundial del conocimiento relativo a la Gesti\u00f3n de la Sangre del Paciente conocimientos. El Foundation proporciona los conocimientos y recursos necesarios para ayudar a profesionales sanitarios, pacientes y administradores a comprender y aplicar con \u00e9xito la gesti\u00f3n <a href=\"https:\/\/ifpbm.org\/es\/acerca-de\/red-con-el-ifpbm\/\">[&#8230;]<\/a><\/p>\n","protected":false},"author":1,"featured_media":0,"parent":18329,"menu_order":0,"comment_status":"closed","ping_status":"closed","template":"","meta":{"footnotes":""},"class_list":["post-18125","page","type-page","status-publish","hentry"],"acf":[],"_links":{"self":[{"href":"https:\/\/ifpbm.org\/es\/wp-json\/wp\/v2\/pages\/18125","targetHints":{"allow":["GET"]}}],"collection":[{"href":"https:\/\/ifpbm.org\/es\/wp-json\/wp\/v2\/pages"}],"about":[{"href":"https:\/\/ifpbm.org\/es\/wp-json\/wp\/v2\/types\/page"}],"author":[{"embeddable":true,"href":"https:\/\/ifpbm.org\/es\/wp-json\/wp\/v2\/users\/1"}],"replies":[{"embeddable":true,"href":"https:\/\/ifpbm.org\/es\/wp-json\/wp\/v2\/comments?post=18125"}],"version-history":[{"count":1,"href":"https:\/\/ifpbm.org\/es\/wp-json\/wp\/v2\/pages\/18125\/revisions"}],"predecessor-version":[{"id":18127,"href":"https:\/\/ifpbm.org\/es\/wp-json\/wp\/v2\/pages\/18125\/revisions\/18127"}],"up":[{"embeddable":true,"href":"https:\/\/ifpbm.org\/es\/wp-json\/wp\/v2\/pages\/18329"}],"wp:attachment":[{"href":"https:\/\/ifpbm.org\/es\/wp-json\/wp\/v2\/media?parent=18125"}],"curies":[{"name":"wp","href":"https:\/\/api.w.org\/{rel}","templated":true}]}}