
{"id":18070,"date":"2016-04-22T06:39:43","date_gmt":"2016-04-22T06:39:43","guid":{"rendered":"https:\/\/ifpbm.org\/buscar-en-la-oficina-de-conferenciantes-de-la-ifpbm\/"},"modified":"2024-03-25T18:22:45","modified_gmt":"2024-03-25T18:22:45","slug":"buscar-en-la-oficina-de-conferenciantes-de-la-ifpbm","status":"publish","type":"page","link":"https:\/\/ifpbm.org\/es\/buscar-en-la-oficina-de-conferenciantes-de-la-ifpbm\/","title":{"rendered":"Buscar en la Oficina de Conferenciantes de la IFPBM"},"content":{"rendered":"\n<h4 class=\"wp-block-heading\">C\u00f3mo solicitar un ponente para la gesti\u00f3n de la sangre del paciente<\/h4>\n\n<ol class=\"wp-block-list\">\n<li>\n<p>Haga clic en el enlace de la tarjeta para ver los detalles del altavoz.<\/p>\n<\/li>\n\n\n\n<li>\n<p>En la p\u00e1gina de detalles, haga clic en<span style=\"color: #0000ff;\"> \u00ab<a href=\"index.php?option=com_uniform&amp;view=form&amp;form_id=4&amp;show_form_title=1&amp;show_form_description=0&amp;Itemid=1019\">Solicitar ponente<\/a>\u00bb <\/span>y rellene y env\u00ede el formulario de solicitud de ponente.<\/p>\n<\/li>\n\n\n\n<li>El IFPBM remitir\u00e1 su solicitud y, si el ponente est\u00e1 disponible, le pondr\u00e1 en contacto directo para que pueda confirmar el tema, la fecha de reserva y los honorarios.<\/li>\n<\/ol>\n","protected":false},"excerpt":{"rendered":"<p>C\u00f3mo solicitar un ponente para la gesti\u00f3n de la sangre del paciente<\/p>\n","protected":false},"author":1,"featured_media":0,"parent":0,"menu_order":0,"comment_status":"closed","ping_status":"closed","template":"","meta":{"footnotes":""},"class_list":["post-18070","page","type-page","status-publish","hentry"],"acf":[],"_links":{"self":[{"href":"https:\/\/ifpbm.org\/es\/wp-json\/wp\/v2\/pages\/18070","targetHints":{"allow":["GET"]}}],"collection":[{"href":"https:\/\/ifpbm.org\/es\/wp-json\/wp\/v2\/pages"}],"about":[{"href":"https:\/\/ifpbm.org\/es\/wp-json\/wp\/v2\/types\/page"}],"author":[{"embeddable":true,"href":"https:\/\/ifpbm.org\/es\/wp-json\/wp\/v2\/users\/1"}],"replies":[{"embeddable":true,"href":"https:\/\/ifpbm.org\/es\/wp-json\/wp\/v2\/comments?post=18070"}],"version-history":[{"count":1,"href":"https:\/\/ifpbm.org\/es\/wp-json\/wp\/v2\/pages\/18070\/revisions"}],"predecessor-version":[{"id":18072,"href":"https:\/\/ifpbm.org\/es\/wp-json\/wp\/v2\/pages\/18070\/revisions\/18072"}],"wp:attachment":[{"href":"https:\/\/ifpbm.org\/es\/wp-json\/wp\/v2\/media?parent=18070"}],"curies":[{"name":"wp","href":"https:\/\/api.w.org\/{rel}","templated":true}]}}