
{"id":18057,"date":"2015-03-11T00:29:25","date_gmt":"2015-03-11T00:29:25","guid":{"rendered":"https:\/\/ifpbm.org\/condiciones-generales-de-la-ifpbm\/"},"modified":"2024-03-25T18:22:38","modified_gmt":"2024-03-25T18:22:38","slug":"condiciones-generales-de-la-ifpbm","status":"publish","type":"page","link":"https:\/\/ifpbm.org\/es\/condiciones-generales-de-la-ifpbm\/","title":{"rendered":"Condiciones generales de la IFPBM"},"content":{"rendered":"\n<h3 class=\"wp-block-heading\">Condiciones generales de la IFPBM<\/h3>\n\n<p><span style=\"font-size: 12pt\"><strong>1. General<\/strong><\/span><\/p>\n\n<p><span style=\"font-size: 12pt\">Las presentes Condiciones Generales de Contrataci\u00f3n (en lo sucesivo, las \u00abCGC\u00bb) regulan la relaci\u00f3n jur\u00eddica (en lo sucesivo, el \u00abContrato\u00bb) entre usted (en lo sucesivo, el \u00abUsuario\u00bb) y la Fundaci\u00f3n para la Gesti\u00f3n de Sangre de Pacientes, Dufourstasse 49, Basilea 4052, Suiza (en lo sucesivo, la \u00abIFPBM\u00bb, conjuntamente las \u00abPartes\u00bb) en relaci\u00f3n con el sitio web <a href=\"http:\/\/www.ifpbm.org\">www.ifpbm.org.<\/a> (en adelante \u00abSitio\u00bb).<\/span><\/p>\n\n<p><span style=\"font-size: 12pt\">Al hacer clic en el icono de aceptaci\u00f3n indicado en el Sitio, pero tambi\u00e9n ya al utilizar el Sitio, el Usuario confirma haber le\u00eddo estas CGC y acepta quedar vinculado por las mismas.<\/span><\/p>\n\n<p><span style=\"font-size: 12pt\"><strong>2. Suscripci\u00f3n a la IFPBM<\/strong><\/span><\/p>\n\n<p><span style=\"font-size: 12pt\">La compra de una suscripci\u00f3n al IFPBM no constituye la compra de ning\u00fan recurso individual, ni de ninguna colecci\u00f3n de tales art\u00edculos, sino que es una compra del derecho a acceder a una parte o partes concretas del Sitio IFPBM durante la vigencia de la suscripci\u00f3n, as\u00ed como a cualquier otro beneficio de la suscripci\u00f3n que pueda concederse de vez en cuando.<\/span><\/p>\n\n<p><span style=\"font-size: 12pt\">La activaci\u00f3n de la suscripci\u00f3n completa la compra de la misma y concede acceso inmediato a todas las ventajas de la suscripci\u00f3n. Cuando esto incluya el acceso a archivos descargables, la activaci\u00f3n y la concesi\u00f3n del acceso constituir\u00e1n la entrega de dichos archivos. Para los clientes de la UE, la activaci\u00f3n pondr\u00e1 fin a su derecho de cancelaci\u00f3n en virtud del Reglamento de Protecci\u00f3n al Consumidor (Venta a Distancia) de 2000 y el Reglamento de Contratos de Consumo (Informaci\u00f3n, Cancelaci\u00f3n y Cargos Adicionales) de 2013.<\/span><\/p>\n\n<p><span style=\"font-size: 12pt\">Las suscripciones est\u00e1n vinculadas a la cuenta registrada con la que el usuario inici\u00f3 sesi\u00f3n al adquirir la suscripci\u00f3n y no son transferibles.<\/span><\/p>\n\n<p><span style=\"font-size: 12pt\">Se podr\u00e1n conceder reembolsos en caso de compra duplicada realizada por el comprador por error, la transacci\u00f3n duplicada ser\u00e1 reembolsada.<\/span><\/p>\n\n<p><span style=\"font-size: 12pt\">Aunque se hacen todos los esfuerzos razonables para asegurar que los \u00abRecursos Premium\u00bb del IFPBM en el Sitio funcionen como se espera, los recursos se proporcionan \u00abtal cual\u00bb sin garant\u00eda de ning\u00fan tipo, ni expresa ni impl\u00edcita. En ning\u00fan caso la IFPMB ser\u00e1 responsable de ning\u00fan da\u00f1o, incluidos, entre otros, los da\u00f1os directos, indirectos, especiales, fortuitos o consecuentes u otras p\u00e9rdidas derivadas del uso o de la imposibilidad de usar los recursos.  <\/span><\/p>\n\n<p><span style=\"font-size: 12pt\">LA DISPOSICI\u00d3N DE GARANT\u00cdA A CONTINUACI\u00d3N SUB 4. APLICA COMPLETAMENTE.<\/span><\/p>\n\n<p><span style=\"font-size: 12pt\"><strong>3. Ning\u00fan consejo<\/strong><\/span><\/p>\n\n<p><span style=\"font-size: 12pt\">Las \u00e1reas de \u00abRecursos Premium\u00bb del Sitio no est\u00e1n dise\u00f1adas para profanos. Los productos, procedimientos, terapias, etc. descritos en el Sitio s\u00f3lo deben aplicarse en entornos especialmente dise\u00f1ados y por profesionales m\u00e9dicos especialmente certificados y formados para tales procedimientos.<\/span><\/p>\n\n<p><span style=\"font-size: 12pt\">La informaci\u00f3n proporcionada en el sitio tiene \u00fanicamente fines educativos y de investigaci\u00f3n y no ofrece asesoramiento profesional ni recomienda productos, procedimientos o terapias particulares, etc. La informaci\u00f3n contenida en el sitio no pretende presentar los \u00fanicos ni necesariamente los mejores productos, procedimientos o terapias, etc.<\/span><\/p>\n\n<p><span style=\"font-size: 12pt\">No debe llevarse a cabo ninguna prueba o procedimiento sugerido a menos que, a juicio profesional del usuario, su riesgo est\u00e9 justificado. Quien aplique los productos, procedimientos y terapias, etc. mostrados o descritos en el Sitio lo har\u00e1 por su cuenta y riesgo y ser\u00e1 responsable de su conformidad con todas las leyes, reglamentos y pr\u00e1cticas m\u00e9dicas locales aplicables. Debido a los r\u00e1pidos avances de las ciencias m\u00e9dicas, el IFPBM recomienda que se realice una verificaci\u00f3n independiente del diagn\u00f3stico, las terapias, los f\u00e1rmacos, las dosis y los m\u00e9todos de operaci\u00f3n antes de emprender cualquier acci\u00f3n.<\/span><\/p>\n\n<p><span style=\"font-size: 12pt\">Toda la informaci\u00f3n contenida en el Sitio est\u00e1 destinada \u00fanicamente a la preparaci\u00f3n de procedimientos m\u00e9dicos y no a servir de ayuda durante la realizaci\u00f3n de los mismos.<\/span><\/p>\n\n<p><span style=\"font-size: 12pt\">Se advierte espec\u00edficamente a las personas con cualquier tipo de afecci\u00f3n m\u00e9dica que busquen asesoramiento m\u00e9dico profesional antes de iniciar cualquier tipo de tratamiento sanitario. Para cuestiones m\u00e9dicas, incluidas las decisiones sobre medicamentos y otros tratamientos, los usuarios del Sitio deben consultar siempre a su m\u00e9dico o a otro profesional sanitario cualificado.<\/span><\/p>\n\n<p><span style=\"font-size: 12pt\"><strong>4. Sin garant\u00eda<\/strong><\/span><\/p>\n\n<p><span style=\"font-size: 12pt\">EL SITIO Y LOS SERVICIOS RELACIONADOS CON EL MISMO SE PROPORCIONAN \u00abTAL CUAL\u00bb, \u00abCON TODOS LOS FALLOS\u00bb Y \u00abSEG\u00daN DISPONIBILIDAD\u00bb Y TODO EL RIESGO EN CUANTO A CALIDAD SATISFACTORIA, RENDIMIENTO, PRECISI\u00d3N Y ESFUERZOS RECAE EN EL USUARIO EN LA MEDIDA EN QUE LO PERMITA LA LEGISLACI\u00d3N APLICABLE. IFPBM NO OFRECE NINGUNA DECLARACI\u00d3N NI GARANT\u00cdA, EXPRESA O IMPL\u00cdCITA, EN VIRTUD DEL ACUERDO. TODAS Y CADA UNA DE LAS DECLARACIONES Y GARANT\u00cdAS DE IFPBM EN VIRTUD DEL ACUERDO O EN RELACI\u00d3N CON EL MISMO QUEDAN EXCLUIDAS EN LA M\u00c1XIMA MEDIDA PERMITIDA POR LA LEGISLACI\u00d3N APLICABLE, INCLUIDAS, ENTRE OTRAS, LAS DECLARACIONES Y GARANT\u00cdAS<\/span><\/p>\n\n<ul class=\"wp-block-list\">\n<li><span style=\"font-size: 12pt\">DE COMERCIABILIDAD, IDONEIDAD PARA UN FIN DETERMINADO, ESFUERZO PROFESIONAL, ACCESO SIN ERRORES AL SITIO O USO DEL MISMO;<\/span><\/li>\n\n\n\n<li><span style=\"font-size: 12pt\">EN RELACI\u00d3N CON CUALQUIER DATO Y\/O INFORMACI\u00d3N FACILITADA O PUESTA A DISPOSICI\u00d3N POR IFPBM O UN USUARIO EN EL SITIO WEB O EN CUALQUIER SITIO WEB EXTERNO VINCULADO AL SITIO WEB, INCLUYENDO, PERO SIN LIMITARSE A ELLO, QUE LA INFORMACI\u00d3N SEA DE CALIDAD SATISFACTORIA, ADECUADA, EXACTA, OPORTUNA, COMPLETA, QUE CUMPLA CON LAS LEYES LOCALES, AS\u00cd COMO CON LA NORMATIVA Y LA PR\u00c1CTICA M\u00c9DICA DE LOS MISMOS; Y<\/span><\/li>\n\n\n\n<li><span style=\"font-size: 12pt\">DEL ACCESO O USO ININTERRUMPIDO O LIBRE DE ERRORES DEL SITIO.<\/span><\/li>\n<\/ul>\n\n<p><span style=\"font-size: 12pt\">EL SITIO NO CONSTITUYE NI IMPLICA EN MODO ALGUNO LA APROBACI\u00d3N, RECOMENDACI\u00d3N O IDONEIDAD DE UN CONSEJO. IFPBM NO CRIBA NI EXAMINA DE NING\u00daN OTRO MODO LA INFORMACI\u00d3N CARGADA POR SUS USUARIOS EN EL SITIO, SINO QUE SIMPLEMENTE PROPORCIONA LA PLATAFORMA.<\/span><\/p>\n\n<p><span style=\"font-size: 12pt\">CUALQUIER MATERIAL GR\u00c1FICO O PICT\u00d3RICO QUE APAREZCA EN EL SITIO SON REPRODUCCIONES DIGITALIZADAS QUE, AUNQUE VISIBLES, NO TIENEN CALIDAD DE DIAGN\u00d3STICO Y NO EST\u00c1N DISE\u00d1ADAS NI PRETENDEN SUSTITUIR A LAS IM\u00c1GENES ORIGINALES. LAS REPRODUCCIONES DIGITALIZADAS CONTENIDAS EN EL SITIO NO EST\u00c1N DISE\u00d1ADAS NI DESTINADAS A CONVERTIRSE EN PARTE PERMANENTE DEL HISTORIAL M\u00c9DICO DE NING\u00daN PACIENTE.<\/span><\/p>\n\n<p><span style=\"font-size: 12pt\">EL USUARIO DECLARA Y GARANTIZA QUE (I) EL USUARIO TIENE TODO EL PODER Y LA AUTORIZACI\u00d3N NECESARIOS PARA ACEPTAR LA GTC; (II) LAS PRESENTES CGT SON LEGALES, V\u00c1LIDAS, VINCULANTES Y EXIGIBLES AL USUARIO; (III) LA ACEPTACI\u00d3N DE ESTAS CGC POR PARTE DEL USUARIO NO INFRINGIR\u00c1 NINGUNA LEY, NORMA, REGLAMENTO U ORDEN, NI NING\u00daN ACUERDO, QUE VINCULE AL USUARIO; (IV) Y EL USUARIO OBSERVAR\u00c1 TODAS LAS LEYES APLICABLES Y LAS DISPOSICIONES DE ESTAS CGT.<\/span><\/p>\n\n<p><span style=\"font-size: 12pt\"><strong>5. Sin responsabilidad<\/strong><\/span><\/p>\n\n<p><span style=\"font-size: 12pt\">EN LA MEDIDA EN QUE LO PERMITA LA LEGISLACI\u00d3N APLICABLE, IFPBM DECLINA TODA RESPONSABILIDAD POR CUALQUIER DA\u00d1O O P\u00c9RDIDA (INCLUIDOS, ENTRE OTROS, DA\u00d1OS PERSONALES, P\u00c9RDIDAS ECON\u00d3MICAS, DA\u00d1OS POR P\u00c9RDIDA DE PROYECTOS EMPRESARIALES, P\u00c9RDIDA DE BENEFICIOS U OTRAS P\u00c9RDIDAS CONSECUENCIALES) QUE SE DERIVEN POR CONTRATO, AGRAVIO O DE CUALQUIER OTRO MODO DEL USO O LA IMPOSIBILIDAD DE USO DEL SITIO O DE CUALQUIER MATERIAL QUE APAREZCA EN EL SITIO, O DE CUALQUIER ACCI\u00d3N O DECISI\u00d3N TOMADA COMO RESULTADO DEL USO DEL SITIO O DE CUALQUIERA DE DICHOS MATERIALES O DE CUALQUIER OTRO ACTO U OMISI\u00d3N EN RELACI\u00d3N CON EL SITIO.<\/span><\/p>\n\n<p><span style=\"font-size: 12pt\"><strong>6. Tasas<\/strong><\/span><\/p>\n\n<p><span style=\"font-size: 12pt\">El uso general del Sitio por parte del IFPBM y los servicios del IFPBM en virtud del Acuerdo relacionado con el mismo por parte del IFPBM son gratuitos, a excepci\u00f3n de las \u00e1reas de \u00abRecursos Premium\u00bb del Sitio (v\u00e9ase el apartado 2 anterior).<\/span><\/p>\n\n<p><span style=\"font-size: 12pt\">IFPBM se reserva el derecho de cobrar por el uso de partes del Sitio y los servicios bajo el Acuerdo en cualquier momento sujeto a una modificaci\u00f3n respectiva del Acuerdo de acuerdo con el Art\u00edculo 15 a continuaci\u00f3n.<\/span><\/p>\n\n<p><span style=\"font-size: 12pt\"><strong>7. Derechos de propiedad intelectual<\/strong><\/span><\/p>\n\n<p><span style=\"font-size: 12pt\">El Usuario confirma que, a menos que se indique lo contrario en el presente Acuerdo, todos y cada uno de los derechos de propiedad intelectual (incluidos, entre otros, los derechos de autor) de todos los datos, informaci\u00f3n y material cargados por el Usuario (en lo sucesivo, el \u00abMaterial del Usuario\u00bb) son -sujeto al Art\u00edculo 8 que figura a continuaci\u00f3n- propiedad del Usuario.  <\/span><\/p>\n\n<p><span style=\"font-size: 12pt\">Las impresiones o descargas de extractos de los datos, informaci\u00f3n o material del Sitio (en adelante, el \u00abMaterial del IFPBM\u00bb), as\u00ed como cualquier otra reproducci\u00f3n de los mismos, est\u00e1n permitidas \u00fanicamente con fines educativos y de investigaci\u00f3n o para uso personal. El Usuario no podr\u00e1 utilizar el Material del IFPBM con fines comerciales. En particular, el Usuario no podr\u00e1 licenciar, sublicenciar, vender, revender, transferir, ceder, distribuir o explotar de cualquier otra forma o poner a disposici\u00f3n de terceros el Material del IFPBM de ninguna manera.<\/span><\/p>\n\n<p><span style=\"font-size: 12pt\">El Usuario no podr\u00e1 reproducir, almacenar ni transmitir ning\u00fan Material de IFPBM en ning\u00fan otro sitio web (incluido cualquier sitio de intranet) ni podr\u00e1 crear ning\u00fan trabajo derivado basado en el Material de IFPBM sin el permiso por escrito de IFPBM.<\/span><\/p>\n\n<p><span style=\"font-size: 12pt\">Algunos nombres, instrumentos, tratamientos, logotipos, dise\u00f1os, etc. a los que se hace referencia en el Sitio est\u00e1n protegidos por patentes, marcas comerciales u otros derechos de propiedad intelectual, aunque no se haga referencia espec\u00edfica a este hecho en el Sitio. Por lo tanto, la aparici\u00f3n de un nombre, instrumento, etc. sin designaci\u00f3n como propiedad no debe interpretarse como una representaci\u00f3n por parte del IFPBM de que es de dominio p\u00fablico.<\/span><\/p>\n\n<p><span style=\"font-size: 12pt\"><strong>8. Licencia de datos de usuario<\/strong><\/span><\/p>\n\n<p><span style=\"font-size: 12pt\">En el transcurso de su visita al Sitio, el Usuario puede cargar Material del Usuario. En lo que respecta a las Partes, el Usuario seguir\u00e1 siendo el \u00fanico propietario de todo el Material del Usuario, a condici\u00f3n, no obstante, de que el Usuario conceda por la presente al IFPBM una licencia mundial, eterna, ilimitada, no revocable y no rescindible para utilizar, copiar, distribuir, mostrar, divulgar y ejecutar dicho Material del Usuario o partes del mismo, para crear trabajos derivados del mismo y para sublicenciar dichos derechos para cualquier fin. El Usuario ser\u00e1 el \u00fanico responsable de la exactitud, calidad, integridad, legalidad, fiabilidad, idoneidad y propiedad intelectual o derecho de uso de todo el Material del Usuario, y el IFPBM no ser\u00e1 responsable de la eliminaci\u00f3n, exactitud, correcci\u00f3n, divulgaci\u00f3n, destrucci\u00f3n, da\u00f1o, p\u00e9rdida o fallo en el almacenamiento de cualquier Material del Usuario. Para evitar cualquier duda, la licencia concedida por el Usuario al IFPBM seguir\u00e1 siendo v\u00e1lida aunque se rescinda el presente Acuerdo por cualquier motivo.<\/span><\/p>\n\n<p><span style=\"font-size: 12pt\">Cualquier Material del Usuario deber\u00e1 ser despersonalizado por el Usuario antes de ser enviado al IFPBM, es decir, el Usuario tiene que asegurarse de que la informaci\u00f3n en el Material del Usuario no se refiere a un individuo identificado o identificable y por lo tanto no califica como datos personales en el sentido del Art. 3 let. a de la Ley suiza de protecci\u00f3n de datos cuando se presente al IFPBM. El Usuario reconoce que es el \u00fanico responsable de que todo el Material del Usuario est\u00e9 totalmente despersonalizado.<\/span><\/p>\n\n<p><span style=\"font-size: 12pt\">El material del usuario tiene que cumplir todas las leyes y reglamentos pertinentes, as\u00ed como las normas \u00e9ticas y m\u00e9dicas, y no puede (i) tener un contenido ilegal, da\u00f1ino o acosador o invadir la privacidad de otra persona, (ii) infrinja los derechos de un tercero, incluido cualquier derecho de propiedad intelectual, o (iii) contengan virus o cualquier otro c\u00f3digo inform\u00e1tico, archivo o programa dise\u00f1ado para interrumpir, destruir o limitar la funcionalidad de cualquier software o hardware inform\u00e1tico o equipo de telecomunicaciones.<\/span><\/p>\n\n<p><span style=\"font-size: 12pt\">Si IFPBM explota el Material del Usuario, nombrar\u00e1 al Usuario respectivo en la medida de lo razonablemente posible. No obstante, el IFPBM no est\u00e1 obligado a pagar al Usuario un canon u otra compensaci\u00f3n econ\u00f3mica por dicha explotaci\u00f3n.<\/span><\/p>\n\n<p><span style=\"font-size: 12pt\"><strong>9. Protecci\u00f3n de datos<\/strong><\/span><\/p>\n\n<p><span style=\"font-size: 12pt\">El IFPBM cumplir\u00e1 todas las disposiciones legales aplicables en materia de protecci\u00f3n de datos. En particular, el IFPBM no facilitar\u00e1 ni revelar\u00e1 de ning\u00fan otro modo datos personales del Usuario a terceros sin autorizaci\u00f3n. Los detalles sobre el uso de los datos personales de los Usuarios por parte del IFPBM se exponen en la Pol\u00edtica de Protecci\u00f3n de Datos del IFPBM, accesible en el sitio web del IFPBM.<\/span><\/p>\n\n<p><span style=\"font-size: 12pt\"><strong>10. Material publicitario<\/strong><\/span><\/p>\n\n<p><span style=\"font-size: 12pt\">Los anunciantes, en su caso, son responsables de garantizar que el Material del Usuario enviado para su inclusi\u00f3n en el Sitio cumpla todas las leyes y reglamentos pertinentes, as\u00ed como las normas \u00e9ticas y m\u00e9dicas. El IFPBM no se responsabilizar\u00e1 de ning\u00fan error, omisi\u00f3n o inexactitud en el material publicitario. La aparici\u00f3n en el Sitio no constituye una garant\u00eda ni un aval de la calidad o el valor de un producto ni de las alegaciones realizadas por el fabricante respectivo.<\/span><\/p>\n\n<p><span style=\"font-size: 12pt\"><strong>11. Infracci\u00f3n e indemnizaci\u00f3n<\/strong><\/span><\/p>\n\n<p><span style=\"font-size: 12pt\">Si el Usuario no cumple las presentes CGC, el IFPBM tendr\u00e1 derecho a impedir que el Usuario visite el Sitio y utilice los servicios relacionados con el mismo, y el IFPBM se reserva el derecho a emprender las acciones legales que considere oportunas.<\/span><\/p>\n\n<p><span style=\"font-size: 12pt\">Si &#8211; y s\u00f3lo sobre la base de un acuerdo escrito entre el Usuario y el IFPBM &#8211; el Usuario tiene derecho a proporcionar acceso al Sitio a terceras personas, el Usuario declara que todas esas terceras personas que utilicen el Sitio est\u00e1n contractualmente vinculadas tambi\u00e9n por estos t\u00e9rminos, condiciones y descargos de responsabilidad.<\/span><\/p>\n\n<p><span style=\"font-size: 12pt\">El Usuario se compromete a indemnizar, defender y mantener indemne al IFPBM, en la m\u00e1xima medida permitida por la legislaci\u00f3n aplicable, frente a cualquier causa de acci\u00f3n, todas las responsabilidades, p\u00e9rdidas, costes o gastos (incluidos los honorarios y gastos razonables de asesoramiento jur\u00eddico) con respecto a cualquier reclamaci\u00f3n de terceros derivada del incumplimiento por parte del Usuario de sus obligaciones en virtud del Acuerdo.<\/span><\/p>\n\n<p><span style=\"font-size: 12pt\"><strong>12. No derecho a visitar el Sitio y modificaci\u00f3n del Sitio<\/strong><\/span><\/p>\n\n<p><span style=\"font-size: 12pt\">A menos que se indique expresamente en estas CGC o en un acuerdo espec\u00edfico por escrito entre las Partes, IFPBM no tiene ninguna obligaci\u00f3n legal para con el Usuario, y puede en cualquier momento y sin dar motivos impedir que el Usuario visite el Sitio y utilice los servicios relacionados con el mismo.<\/span><\/p>\n\n<p><span style=\"font-size: 12pt\">En particular, el IFPBM tambi\u00e9n tiene derecho, sin previo aviso al Usuario y a su libre discreci\u00f3n, a<\/span><\/p>\n\n<ul class=\"wp-block-list\">\n<li><span style=\"font-size: 12pt\">cerrar el Sitio temporal o permanentemente en cualquier momento;<\/span><\/li>\n\n\n\n<li><span style=\"font-size: 12pt\">a eliminar todos y cada uno de los contenidos del Sitio;<\/span><\/li>\n\n\n\n<li><span style=\"font-size: 12pt\">modificar el Sitio y los servicios relacionados con el mismo.<\/span><\/li>\n<\/ul>\n\n<p><span style=\"font-size: 12pt\"><strong>13. Rescisi\u00f3n del Acuerdo<\/strong><\/span><\/p>\n\n<p><span style=\"font-size: 12pt\">Cada una de las Partes podr\u00e1 rescindir el presente Acuerdo con efecto inmediato por correo electr\u00f3nico en cualquier momento.<\/span><\/p>\n\n<p><span style=\"font-size: 12pt\">Tras la rescisi\u00f3n del Acuerdo, el Usuario dejar\u00e1 de tener acceso al Sitio sin restricci\u00f3n alguna. La licencia de datos de usuario seg\u00fan el Art\u00edculo 8 anterior no se rescindir\u00e1 bajo ninguna circunstancia debido a la rescisi\u00f3n de este Acuerdo.<\/span><\/p>\n\n<p><span style=\"font-size: 12pt\"><strong>14. Fuerza mayor<\/strong><\/span><\/p>\n\n<p><span style=\"font-size: 12pt\">Se confirma expl\u00edcitamente que ninguna de las partes ser\u00e1 responsable ante la otra si el cumplimiento de cualquiera de sus obligaciones en virtud del presente se ve impedido, obstaculizado o retrasado por la ocurrencia de circunstancias fuera de su control, circunstancias que incluir\u00e1n, pero no se limitar\u00e1n a, cualquier caso fortuito, acto de cualquier gobierno u otra empresa estatutaria, conflicto industrial fuera del \u00e1rea de control de dicha Parte, incendio, explosi\u00f3n, accidente y corte de energ\u00eda, siempre que (i) constituyen un acontecimiento de fuerza mayor, es decir, est\u00e1n fuera del control de la Parte que lo invoca, y (ii) no son el resultado del incumplimiento por dicha Parte de ninguna de sus obligaciones en virtud del Acuerdo.  <\/span><\/p>\n\n<p><span style=\"font-size: 12pt\">Tras la ocurrencia de cualquiera de estos acontecimientos, la Parte afectada notificar\u00e1 a la otra Parte a su debido tiempo de dicha ocurrencia y dicha Parte har\u00e1 todo lo razonablemente posible para superar o minimizar los efectos adversos de la misma.<\/span><\/p>\n\n<p><span style=\"font-size: 12pt\">El cumplimiento de las obligaciones afectadas y conexas se aplazar\u00e1 por un per\u00edodo igual al tiempo perdido a causa del retraso. Si como consecuencia de un caso de fuerza mayor una de las Partes se ve definitivamente incapacitada para cumplir, o si el periodo de fuerza mayor ha durado m\u00e1s de tres meses o tan pronto como sea razonablemente evidente que va a durar m\u00e1s de tres meses, la otra Parte podr\u00e1, con efecto inmediato, rescindir el Acuerdo por escrito.<\/span><\/p>\n\n<p><span style=\"font-size: 12pt\">El \u00e1mbito de aplicaci\u00f3n personal primario de esta cl\u00e1usula de fuerza mayor se extiende al Usuario. En particular, se subraya expresamente que esta cl\u00e1usula de fuerza mayor de ninguna manera refleja o resulta en cualquier tipo de restricci\u00f3n de los derechos de IFPBM como se indica arriba sub 12 o abajo sub 15. Con respecto a IFPBM, se subraya expresamente que esta cl\u00e1usula no impondr\u00e1 ninguna obligaci\u00f3n adicional a IFPBM que vaya m\u00e1s all\u00e1 de las cl\u00e1usulas 12 anterior y 15 siguiente.<\/span><\/p>\n\n<p><span style=\"font-size: 12pt\"><strong>15. Modificaci\u00f3n del Acuerdo<\/strong><\/span><\/p>\n\n<p><span style=\"font-size: 12pt\">El IFPBM se reserva el derecho de modificar el Acuerdo en cualquier momento, sin indicar los motivos. Si el Usuario no se opone a la aplicabilidad del Acuerdo revisado en un plazo de 20 d\u00edas tras la recepci\u00f3n de dicha notificaci\u00f3n, el Acuerdo modificado se considerar\u00e1 aceptado por el Usuario. Si el Usuario no acepta alg\u00fan cambio en las CGC, el Acuerdo se rescindir\u00e1 autom\u00e1ticamente.<\/span><\/p>\n\n<p><span style=\"font-size: 12pt\"><strong>16. Varios<\/strong><\/span><\/p>\n\n<p><span style=\"font-size: 12pt\">El Usuario no podr\u00e1 ceder ninguno de los derechos y obligaciones derivados del presente Acuerdo sin el previo consentimiento expreso y por escrito de IFPBM.<\/span><\/p>\n\n<p><span style=\"font-size: 12pt\">El Acuerdo constituye el acuerdo \u00edntegro entre las Partes con respecto al objeto del mismo.<\/span><\/p>\n\n<p><span style=\"font-size: 12pt\">El incumplimiento o la negligencia por parte del IFPBM a la hora de hacer cumplir cualquiera de las disposiciones del presente Acuerdo no se interpretar\u00e1 ni se considerar\u00e1 como una renuncia a los derechos del IFPBM, ni afectar\u00e1 a la validez de la totalidad o de una parte del presente Acuerdo, ni perjudicar\u00e1 los derechos del IFPBM a emprender acciones posteriores.<\/span><\/p>\n\n<p><span style=\"font-size: 12pt\">Las Partes son y seguir\u00e1n siendo partes independientes. No es la intenci\u00f3n de las Partes crear y este Acuerdo no crea la formaci\u00f3n de una sociedad, empresa conjunta o relaci\u00f3n similar entre las Partes.<\/span><\/p>\n\n<p><span style=\"font-size: 12pt\">En caso de que alguna disposici\u00f3n de este acuerdo sea inv\u00e1lida o inaplicable, las disposiciones restantes ser\u00e1n v\u00e1lidas. En lugar de una disposici\u00f3n inv\u00e1lida, se presume una disposici\u00f3n v\u00e1lida acordada por las Partes, que es la que m\u00e1s se aproxima econ\u00f3micamente a la realmente acordada.<\/span><\/p>\n\n<p><span style=\"font-size: 12pt\">El presente Acuerdo se rige exclusivamente por el derecho sustantivo suizo (sin tener en cuenta ninguna norma de conflicto de leyes o la CISG), independientemente del lugar donde resida la persona que visita el Sitio o donde esta persona haya realizado su env\u00edo, publicaci\u00f3n, transacci\u00f3n o conexi\u00f3n con el Sitio.<\/span><\/p>\n\n<p><span style=\"font-size: 12pt\">Todos los litigios derivados del presente Acuerdo o relacionados con el mismo se resolver\u00e1n \u00fanica y definitivamente mediante arbitraje, de conformidad con el Reglamento Suizo de Arbitraje Internacional de la C\u00e1mara de Comercio Suiza. Las partes nombrar\u00e1n un \u00e1rbitro de conformidad con el presente reglamento. El lugar del arbitraje ser\u00e1 Basilea. El idioma del arbitraje ser\u00e1 el ingl\u00e9s.<\/span><\/p>\n\n<p><span style=\"font-size: 12pt\"><strong>Impressum<\/strong><\/span><\/p>\n\n<p><span style=\"font-size: 12pt\">Fundaci\u00f3n IFPBM<\/span><br\/><span style=\"font-size: 12pt\">Dufourstrasse 49<\/span><br\/><span style=\"font-size: 12pt\">4052 Basilea, Suiza<\/span><\/p>\n","protected":false},"excerpt":{"rendered":"<p>Condiciones generales de la IFPBM 1. General Las presentes Condiciones Generales de Contrataci\u00f3n (en lo sucesivo, las \u00abCGC\u00bb) regulan la relaci\u00f3n jur\u00eddica (en lo sucesivo, el \u00abContrato\u00bb) entre usted (en lo sucesivo, el \u00abUsuario\u00bb) y la Fundaci\u00f3n para la Gesti\u00f3n de Sangre de Pacientes, Dufourstasse 49, Basilea 4052, Suiza (en lo sucesivo, la \u00abIFPBM\u00bb, conjuntamente <a href=\"https:\/\/ifpbm.org\/es\/condiciones-generales-de-la-ifpbm\/\">[&#8230;]<\/a><\/p>\n","protected":false},"author":1,"featured_media":0,"parent":0,"menu_order":0,"comment_status":"closed","ping_status":"closed","template":"","meta":{"footnotes":""},"class_list":["post-18057","page","type-page","status-publish","hentry"],"acf":[],"_links":{"self":[{"href":"https:\/\/ifpbm.org\/es\/wp-json\/wp\/v2\/pages\/18057","targetHints":{"allow":["GET"]}}],"collection":[{"href":"https:\/\/ifpbm.org\/es\/wp-json\/wp\/v2\/pages"}],"about":[{"href":"https:\/\/ifpbm.org\/es\/wp-json\/wp\/v2\/types\/page"}],"author":[{"embeddable":true,"href":"https:\/\/ifpbm.org\/es\/wp-json\/wp\/v2\/users\/1"}],"replies":[{"embeddable":true,"href":"https:\/\/ifpbm.org\/es\/wp-json\/wp\/v2\/comments?post=18057"}],"version-history":[{"count":1,"href":"https:\/\/ifpbm.org\/es\/wp-json\/wp\/v2\/pages\/18057\/revisions"}],"predecessor-version":[{"id":18060,"href":"https:\/\/ifpbm.org\/es\/wp-json\/wp\/v2\/pages\/18057\/revisions\/18060"}],"wp:attachment":[{"href":"https:\/\/ifpbm.org\/es\/wp-json\/wp\/v2\/media?parent=18057"}],"curies":[{"name":"wp","href":"https:\/\/api.w.org\/{rel}","templated":true}]}}