
{"id":18044,"date":"2015-01-29T03:27:46","date_gmt":"2015-01-29T03:27:46","guid":{"rendered":"https:\/\/ifpbm.org\/politica-de-privacidad-del-ifpbm\/"},"modified":"2024-03-25T18:22:06","modified_gmt":"2024-03-25T18:22:06","slug":"politica-de-privacidad-del-ifpbm","status":"publish","type":"page","link":"https:\/\/ifpbm.org\/es\/politica-de-privacidad-del-ifpbm\/","title":{"rendered":"Pol\u00edtica de privacidad del IFPBM"},"content":{"rendered":"\n<p>El siguiente documento establece la pol\u00edtica de privacidad de la p\u00e1gina web de la Fundaci\u00f3n Internacional para la Gesti\u00f3n de la Sangre del Paciente, www.ifpbm.org.<\/p>\n\n<p>La Fundaci\u00f3n Internacional para la Sangre de los Pacientes se compromete a proporcionarle la mejor experiencia de servicio al cliente posible. La Fundaci\u00f3n Internacional para la Sangre del Paciente se rige por la Ley de Privacidad de 1988 (Crh), que establece una serie de principios relativos a la privacidad de las personas.<\/p>\n\n<h2 class=\"wp-block-heading\" id=\"toc-collection-of-your-personal-information\">Recogida de su informaci\u00f3n personal<\/h2>\n\n<p>Hay muchos aspectos del sitio que se pueden ver sin proporcionar informaci\u00f3n personal; sin embargo, para acceder a futuras funciones de suscripci\u00f3n y asistencia al cliente de la Fundaci\u00f3n Internacional para la Sangre de los Pacientes se le pedir\u00e1 que env\u00ede informaci\u00f3n que le identifique personalmente. Esto puede incluir, entre otras cosas, un nombre de usuario y una contrase\u00f1a \u00fanicos, o proporcionar informaci\u00f3n sensible en la recuperaci\u00f3n de su contrase\u00f1a perdida.<\/p>\n\n<h2 class=\"wp-block-heading\" id=\"toc-sharing-of-your-personal-information\">Compartir su informaci\u00f3n personal<\/h2>\n\n<p>Ocasionalmente, podemos contratar a otras empresas para que presten servicios en nuestro nombre, incluyendo, entre otros, la gesti\u00f3n de consultas de atenci\u00f3n al cliente, la tramitaci\u00f3n de transacciones o el env\u00edo de mercanc\u00edas a los clientes. Dichas empresas s\u00f3lo podr\u00e1n obtener la informaci\u00f3n personal que necesiten para prestar el servicio. La Fundaci\u00f3n Internacional para la Sangre de los Pacientes toma las medidas razonables para garantizar que estas organizaciones est\u00e9n sujetas a las obligaciones de confidencialidad y privacidad en relaci\u00f3n con la protecci\u00f3n de su informaci\u00f3n personal.<\/p>\n\n<h2 class=\"wp-block-heading\" id=\"toc-use-of-your-personal-information\">Uso de su informaci\u00f3n personal<\/h2>\n\n<p>Para cada visitante que llega al sitio, recopilamos expresamente la siguiente informaci\u00f3n no identificable personalmente, que incluye, entre otros, el tipo de navegador, la versi\u00f3n y el idioma, el sistema operativo, las p\u00e1ginas visitadas durante la navegaci\u00f3n por el sitio, las horas de acceso a las p\u00e1ginas y la direcci\u00f3n del sitio web de referencia. Esta informaci\u00f3n recopilada se utiliza \u00fanicamente a nivel interno con el fin de medir el tr\u00e1fico de visitantes, las tendencias y ofrecerle contenidos personalizados mientras se encuentre en este Sitio.<\/p>\n\n<p>De vez en cuando, podemos utilizar la informaci\u00f3n de los clientes para usos nuevos e imprevistos no divulgados previamente en nuestro aviso de privacidad. Si nuestras pr\u00e1cticas de informaci\u00f3n cambian en alg\u00fan momento en el futuro, s\u00f3lo utilizaremos para estos nuevos fines, los datos recogidos desde el momento del cambio de pol\u00edtica en adelante se adherir\u00e1n a nuestras pr\u00e1cticas actualizadas.<\/p>\n\n<h2 class=\"wp-block-heading\" id=\"toc-changes-to-this-privacy-policy\">Cambios en esta pol\u00edtica de privacidad<\/h2>\n\n<p>La Fundaci\u00f3n Internacional para la Sangre del Paciente se reserva el derecho a realizar modificaciones en esta Pol\u00edtica de Privacidad en cualquier momento. Si tiene objeciones a la Pol\u00edtica de Privacidad, no debe acceder ni utilizar el Sitio.<\/p>\n\n<h2 class=\"wp-block-heading\" id=\"toc-accessing-your-personal-information\">Acceso a su informaci\u00f3n personal<\/h2>\n\n<p>Usted tiene derecho a acceder a su informaci\u00f3n personal, sujeto a las excepciones permitidas por la ley. Si desea hacerlo, h\u00e1ganoslo saber. Por motivos de seguridad, es posible que se le exija que presente su solicitud por escrito. La Fundaci\u00f3n Internacional para la Sangre de los Pacientes se reserva el derecho a cobrar una tarifa por la b\u00fasqueda y el acceso a su informaci\u00f3n en funci\u00f3n de cada solicitud.<\/p>\n\n<h2 class=\"wp-block-heading\" id=\"toc-contacting-us\">Contacto<\/h2>\n\n<p>La Fundaci\u00f3n Internacional para la Sangre de los Pacientes agradece sus comentarios sobre esta Pol\u00edtica de Privacidad. Si tiene alguna pregunta sobre esta Pol\u00edtica de Privacidad y desea m\u00e1s informaci\u00f3n, env\u00edenos un correo electr\u00f3nico <a href=\"\/about-us\/contact-us\">aqu\u00ed<\/a> o por correo postal como se indica a continuaci\u00f3n.<\/p>\n\n<p>Attn: Pol\u00edtica de privacidad<br\/>La Fundaci\u00f3n Internacional para la Sangre del Paciente,<br\/>Dufourstrasse 49<br\/>4052, Basilea  <br\/>Suiza<\/p>\n","protected":false},"excerpt":{"rendered":"<p>El siguiente documento establece la pol\u00edtica de privacidad de la p\u00e1gina web de la Fundaci\u00f3n Internacional para la Gesti\u00f3n de la Sangre del Paciente, www.ifpbm.org. La Fundaci\u00f3n Internacional para la Sangre de los Pacientes se compromete a proporcionarle la mejor experiencia de servicio al cliente posible. La Fundaci\u00f3n Internacional para la Sangre del Paciente se <a href=\"https:\/\/ifpbm.org\/es\/politica-de-privacidad-del-ifpbm\/\">[&#8230;]<\/a><\/p>\n","protected":false},"author":1,"featured_media":0,"parent":0,"menu_order":0,"comment_status":"closed","ping_status":"closed","template":"","meta":{"footnotes":""},"class_list":["post-18044","page","type-page","status-publish","hentry"],"acf":[],"_links":{"self":[{"href":"https:\/\/ifpbm.org\/es\/wp-json\/wp\/v2\/pages\/18044","targetHints":{"allow":["GET"]}}],"collection":[{"href":"https:\/\/ifpbm.org\/es\/wp-json\/wp\/v2\/pages"}],"about":[{"href":"https:\/\/ifpbm.org\/es\/wp-json\/wp\/v2\/types\/page"}],"author":[{"embeddable":true,"href":"https:\/\/ifpbm.org\/es\/wp-json\/wp\/v2\/users\/1"}],"replies":[{"embeddable":true,"href":"https:\/\/ifpbm.org\/es\/wp-json\/wp\/v2\/comments?post=18044"}],"version-history":[{"count":1,"href":"https:\/\/ifpbm.org\/es\/wp-json\/wp\/v2\/pages\/18044\/revisions"}],"predecessor-version":[{"id":18046,"href":"https:\/\/ifpbm.org\/es\/wp-json\/wp\/v2\/pages\/18044\/revisions\/18046"}],"wp:attachment":[{"href":"https:\/\/ifpbm.org\/es\/wp-json\/wp\/v2\/media?parent=18044"}],"curies":[{"name":"wp","href":"https:\/\/api.w.org\/{rel}","templated":true}]}}