
{"id":18033,"date":"2015-03-03T01:12:08","date_gmt":"2015-03-03T01:12:08","guid":{"rendered":"https:\/\/ifpbm.org\/informese-sobre-la-gestion-de-la-sangre-de-los-pacientes\/"},"modified":"2024-03-25T18:22:06","modified_gmt":"2024-03-25T18:22:06","slug":"informese-sobre-la-gestion-de-la-sangre-de-los-pacientes","status":"publish","type":"page","link":"https:\/\/ifpbm.org\/es\/informese-sobre-la-gestion-de-la-sangre-de-los-pacientes\/","title":{"rendered":"Inf\u00f3rmese sobre la gesti\u00f3n de la sangre de los pacientes"},"content":{"rendered":"\n<figure class=\"wp-block-image\"><img decoding=\"async\" src=\"https:\/\/ifpbm.org\/wp-content\/uploads\/2023\/05\/dont_know_pbm_960x400.jpg\" alt=\"\"\/><\/figure>\n\n<p><\/p>\n\n<h2 class=\"wp-block-heading\">Por d\u00f3nde empezar<\/h2>\n\n<p>Los<a class=\"jcepopup noicon\" style=\"color: #5691b6\" href=\"\/images\/ifpbm_circle.jpg\" target=\"_blank\" rel=\"noopener noreferrer\">estatutos<\/a><span style=\"line-height: 1.5\">de la Fundaci\u00f3n Internacional para la <\/span> Gesti\u00f3n de la Sangre de los Pacientes<span style=\"line-height: 1.5\"> consisten en establecer, reunir, gestionar, generar, transferir, aplicar y consultar conocimientos sobre la gesti\u00f3n de la sangre de los pacientes. <strong>Este sitio web est\u00e1 dedicado a difundir los conocimientos sobre la gesti\u00f3n de la sangre de los pacientes. <\/strong>As\u00ed que es un buen lugar para empezar.<\/span><\/p>\n\n<h2 class=\"wp-block-heading\">M\u00f3dulos de ense\u00f1anza en v\u00eddeo<\/h2>\n\n<p>La Fundaci\u00f3n ha elaborado una serie de <a href=\"\/knowledge\/videos\" target=\"_blank\" rel=\"noopener noreferrer\">v\u00eddeos<\/a> did\u00e1cticos, o \u00abm\u00f3dulos\u00bb, para ayudarle a comprender r\u00e1pidamente la gesti\u00f3n de la sangre del paciente.<\/p>\n\n<p><strong>\u00bfPor qu\u00e9 cambiar el paradigma de la transfusi\u00f3n a la gesti\u00f3n de la sangre del paciente?<\/strong>  Este m\u00f3dulo dentifica 5 impulsores clave del cambio, examina parte de la bibliograf\u00eda clave sobre el tema e introduce el concepto de los Tres Pilares de la Gesti\u00f3n de la Sangre del Paciente. Presentado por las autoridades m\u00e9dicas, cient\u00edficas y econ\u00f3micas m\u00e1s destacadas del mundo en la gesti\u00f3n de la sangre de los pacientes, es una visi\u00f3n convincente. La duraci\u00f3n total es de 33 minutos.<\/p>\n\n<p>Los <strong>tres pilares de<\/strong> la gesti\u00f3n de la sangre del paciente repasa los fundamentos de este concepto y muestra las pruebas de que la gesti\u00f3n de la sangre del paciente produce mejores resultados en los pacientes. Presentado en un formato de estilo documental de 30 minutos, entre los comentaristas se encuentran el renombrado pionero en trasplantes de coraz\u00f3n Dr. Denton Cooley, el profesor Aryeh Shander del Hospital Englewood de Nueva York y el aclamado cirujano card\u00edaco Dr. Manuel Estioko. El v\u00eddeo tambi\u00e9n examina el primer programa australiano de gesti\u00f3n de sangre de pacientes, creado en Perth (Australia Occidental).<\/p>\n\n<p>Otros m\u00f3dulos de ense\u00f1anza, como <strong>\u00abEl papel del perfusionista en<\/strong> la gesti\u00f3n de la sangre del <strong> paciente\u00bb<\/strong>, se centran en \u00e1reas espec\u00edficas dentro de la gesti\u00f3n de la sangre del paciente.<\/p>\n\n<h2 class=\"wp-block-heading\">Base de datos de art\u00edculos<\/h2>\n\n<p>Los conocimientos sobre la gesti\u00f3n de la sangre de los pacientes siguen aumentando. Por este motivo, la Fundaci\u00f3n Internacional para la Gesti\u00f3n de la Sangre del Paciente mantiene y actualiza constantemente una<a href=\"\/knowledge\/articles\" target=\"_blank\" rel=\"noopener noreferrer\"> base de datos de art\u00edculos<\/a> con funci\u00f3n de b\u00fasqueda para la formaci\u00f3n continua y la investigaci\u00f3n. Organizada en m\u00e1s de 60 categor\u00edas o subcategor\u00edas, la base de datos permite a los profesionales sanitarios leer en unos pocos clics art\u00edculos relevantes revisados por expertos sobre la gesti\u00f3n de la sangre de los pacientes.<\/p>\n\n<h2 class=\"wp-block-heading\">Formaci\u00f3n continua e investigaci\u00f3n<\/h2>\n\n<p>Otros recursos educativos para los profesionales de la salud incluyen directrices, herramientas y libros de texto sobre la gesti\u00f3n de la sangre de los pacientes, todos ellos revisados por <a style=\"text-decoration: underline;color: #5691b6\" href=\"\/about-us\/scientific-associates\" target=\"_blank\" rel=\"noopener noreferrer\">los asociados cient\u00edficos de la IFPBM<\/a> para comprobar su precisi\u00f3n y relevancia.<\/p>\n\n<h2 class=\"wp-block-heading\">Oficina de conferenciantes de la IFPBM<\/h2>\n\n<p>Lleve el aprendizaje de la gesti\u00f3n de la sangre del paciente a un nuevo nivel contratando a ponentes cualificados y experimentados para que presenten y realicen talleres sobre la gesti\u00f3n de la sangre del paciente en su instituci\u00f3n. P\u00f3ngase en contacto con el orador de su elecci\u00f3n directamente a trav\u00e9s de esta p\u00e1gina web en la <a href=\"\/network\/speakers-bureau\" target=\"_blank\" rel=\"noopener noreferrer\">Oficina de Oradores<\/a>.<\/p>\n","protected":false},"excerpt":{"rendered":"<p>Por d\u00f3nde empezar Losestatutosde la Fundaci\u00f3n Internacional para la Gesti\u00f3n de la Sangre de los Pacientes consisten en establecer, reunir, gestionar, generar, transferir, aplicar y consultar conocimientos sobre la gesti\u00f3n de la sangre de los pacientes. Este sitio web est\u00e1 dedicado a difundir los conocimientos sobre la gesti\u00f3n de la sangre de los pacientes. As\u00ed <a href=\"https:\/\/ifpbm.org\/es\/informese-sobre-la-gestion-de-la-sangre-de-los-pacientes\/\">[&#8230;]<\/a><\/p>\n","protected":false},"author":1,"featured_media":0,"parent":0,"menu_order":0,"comment_status":"closed","ping_status":"closed","template":"text","meta":{"footnotes":""},"class_list":["post-18033","page","type-page","status-publish","hentry"],"acf":[],"_links":{"self":[{"href":"https:\/\/ifpbm.org\/es\/wp-json\/wp\/v2\/pages\/18033","targetHints":{"allow":["GET"]}}],"collection":[{"href":"https:\/\/ifpbm.org\/es\/wp-json\/wp\/v2\/pages"}],"about":[{"href":"https:\/\/ifpbm.org\/es\/wp-json\/wp\/v2\/types\/page"}],"author":[{"embeddable":true,"href":"https:\/\/ifpbm.org\/es\/wp-json\/wp\/v2\/users\/1"}],"replies":[{"embeddable":true,"href":"https:\/\/ifpbm.org\/es\/wp-json\/wp\/v2\/comments?post=18033"}],"version-history":[{"count":1,"href":"https:\/\/ifpbm.org\/es\/wp-json\/wp\/v2\/pages\/18033\/revisions"}],"predecessor-version":[{"id":18036,"href":"https:\/\/ifpbm.org\/es\/wp-json\/wp\/v2\/pages\/18033\/revisions\/18036"}],"wp:attachment":[{"href":"https:\/\/ifpbm.org\/es\/wp-json\/wp\/v2\/media?parent=18033"}],"curies":[{"name":"wp","href":"https:\/\/api.w.org\/{rel}","templated":true}]}}