
{"id":18024,"date":"2015-03-11T00:19:19","date_gmt":"2015-03-11T00:19:19","guid":{"rendered":"https:\/\/ifpbm.org\/preguntas-frecuentes-sobre-la-suscripcion\/"},"modified":"2024-03-25T18:21:42","modified_gmt":"2024-03-25T18:21:42","slug":"preguntas-frecuentes-sobre-la-suscripcion","status":"publish","type":"page","link":"https:\/\/ifpbm.org\/es\/preguntas-frecuentes-sobre-la-suscripcion\/","title":{"rendered":"Preguntas frecuentes sobre la suscripci\u00f3n"},"content":{"rendered":"\n<h2 class=\"wp-block-heading\">\u00bfCu\u00e1nto cuesta una suscripci\u00f3n?<\/h2>\n\n<p>Las suscripciones cuestan <sup>491<\/sup> euros (EUR), y las renovaciones tambi\u00e9n 49 euros. Una vez completada la compra, su suscripci\u00f3n se activar\u00e1 autom\u00e1ticamente y podr\u00e1 ver el contenido Premium de IFPBM inmediatamente.<\/p>\n\n<h2 class=\"wp-block-heading\">\u00bfCu\u00e1nto dura una suscripci\u00f3n?<\/h2>\n\n<p>La suscripci\u00f3n tiene una duraci\u00f3n de 12 meses y puede renovarse por otros 12 meses una vez que haya expirado.<\/p>\n\n<h2 class=\"wp-block-heading\">\u00bfSe renuevan autom\u00e1ticamente las suscripciones?<\/h2>\n\n<p>No, una vez caducada la suscripci\u00f3n deber\u00e1 adquirir una renovaci\u00f3n. Se le notificar\u00e1 la caducidad unas semanas antes de su vencimiento.<\/p>\n\n<h2 class=\"wp-block-heading\">\u00bfSe puede transferir una suscripci\u00f3n a un amigo\/cliente despu\u00e9s de la compra?<\/h2>\n\n<p>Las suscripciones est\u00e1n vinculadas al usuario registrado que inici\u00f3 la sesi\u00f3n en el momento de adquirir la suscripci\u00f3n y no son transferibles.<\/p>\n\n<h2 class=\"wp-block-heading\">\u00bfPuedo obtener un reembolso si no estoy satisfecho?<\/h2>\n\n<p>Todas las ventas son definitivas y no se realizar\u00e1n reembolsos. La activaci\u00f3n de una suscripci\u00f3n completa la compra de la suscripci\u00f3n y constituye la entrega. Una suscripci\u00f3n no es la compra de un producto, sino que permite el acceso a determinadas secciones de este sitio web, incluidos los v\u00eddeos y una base de datos en la que se pueden realizar b\u00fasquedas.<\/p>\n\n<p>1. El precio no incluye el IVA al 20%. Es posible que se aplique el IVA a los pedidos de la UE de conformidad con la Directiva Europea 2008\/8\/UE<\/p>\n","protected":false},"excerpt":{"rendered":"<p>\u00bfCu\u00e1nto cuesta una suscripci\u00f3n? Las suscripciones cuestan 491 euros (EUR), y las renovaciones tambi\u00e9n 49 euros. Una vez completada la compra, su suscripci\u00f3n se activar\u00e1 autom\u00e1ticamente y podr\u00e1 ver el contenido Premium de IFPBM inmediatamente. \u00bfCu\u00e1nto dura una suscripci\u00f3n? La suscripci\u00f3n tiene una duraci\u00f3n de 12 meses y puede renovarse por otros 12 meses una <a href=\"https:\/\/ifpbm.org\/es\/preguntas-frecuentes-sobre-la-suscripcion\/\">[&#8230;]<\/a><\/p>\n","protected":false},"author":1,"featured_media":0,"parent":0,"menu_order":0,"comment_status":"closed","ping_status":"closed","template":"","meta":{"footnotes":""},"class_list":["post-18024","page","type-page","status-publish","hentry"],"acf":[],"_links":{"self":[{"href":"https:\/\/ifpbm.org\/es\/wp-json\/wp\/v2\/pages\/18024","targetHints":{"allow":["GET"]}}],"collection":[{"href":"https:\/\/ifpbm.org\/es\/wp-json\/wp\/v2\/pages"}],"about":[{"href":"https:\/\/ifpbm.org\/es\/wp-json\/wp\/v2\/types\/page"}],"author":[{"embeddable":true,"href":"https:\/\/ifpbm.org\/es\/wp-json\/wp\/v2\/users\/1"}],"replies":[{"embeddable":true,"href":"https:\/\/ifpbm.org\/es\/wp-json\/wp\/v2\/comments?post=18024"}],"version-history":[{"count":1,"href":"https:\/\/ifpbm.org\/es\/wp-json\/wp\/v2\/pages\/18024\/revisions"}],"predecessor-version":[{"id":18028,"href":"https:\/\/ifpbm.org\/es\/wp-json\/wp\/v2\/pages\/18024\/revisions\/18028"}],"wp:attachment":[{"href":"https:\/\/ifpbm.org\/es\/wp-json\/wp\/v2\/media?parent=18024"}],"curies":[{"name":"wp","href":"https:\/\/api.w.org\/{rel}","templated":true}]}}