
{"id":18015,"date":"2015-02-12T22:26:40","date_gmt":"2015-02-12T22:26:40","guid":{"rendered":"https:\/\/ifpbm.org\/gracias-por-ponerse-en-contacto-con-el-ifpbm\/"},"modified":"2024-03-25T18:22:04","modified_gmt":"2024-03-25T18:22:04","slug":"gracias-por-ponerse-en-contacto-con-el-ifpbm","status":"publish","type":"page","link":"https:\/\/ifpbm.org\/es\/gracias-por-ponerse-en-contacto-con-el-ifpbm\/","title":{"rendered":"Gracias por ponerse en contacto con el IFPBM"},"content":{"rendered":"\n<p>La <span style=\"line-height: 1.3em;\">Fundaci\u00f3n Internacional para la Gesti\u00f3n de la Sangre del Paciente<\/span> se pondr\u00e1 en contacto con usted en breve, por favor, compruebe su correo electr\u00f3nico para recibir una confirmaci\u00f3n autom\u00e1tica. Responderemos a su solicitud lo antes posible.<\/p>\n\n<p>Administrador del IFPBM<\/p>\n","protected":false},"excerpt":{"rendered":"<p>La Fundaci\u00f3n Internacional para la Gesti\u00f3n de la Sangre del Paciente se pondr\u00e1 en contacto con usted en breve, por favor, compruebe su correo electr\u00f3nico para recibir una confirmaci\u00f3n autom\u00e1tica. Responderemos a su solicitud lo antes posible. Administrador del IFPBM<\/p>\n","protected":false},"author":1,"featured_media":0,"parent":0,"menu_order":0,"comment_status":"closed","ping_status":"closed","template":"","meta":{"footnotes":""},"class_list":["post-18015","page","type-page","status-publish","hentry"],"acf":[],"_links":{"self":[{"href":"https:\/\/ifpbm.org\/es\/wp-json\/wp\/v2\/pages\/18015","targetHints":{"allow":["GET"]}}],"collection":[{"href":"https:\/\/ifpbm.org\/es\/wp-json\/wp\/v2\/pages"}],"about":[{"href":"https:\/\/ifpbm.org\/es\/wp-json\/wp\/v2\/types\/page"}],"author":[{"embeddable":true,"href":"https:\/\/ifpbm.org\/es\/wp-json\/wp\/v2\/users\/1"}],"replies":[{"embeddable":true,"href":"https:\/\/ifpbm.org\/es\/wp-json\/wp\/v2\/comments?post=18015"}],"version-history":[{"count":3,"href":"https:\/\/ifpbm.org\/es\/wp-json\/wp\/v2\/pages\/18015\/revisions"}],"predecessor-version":[{"id":18039,"href":"https:\/\/ifpbm.org\/es\/wp-json\/wp\/v2\/pages\/18015\/revisions\/18039"}],"wp:attachment":[{"href":"https:\/\/ifpbm.org\/es\/wp-json\/wp\/v2\/media?parent=18015"}],"curies":[{"name":"wp","href":"https:\/\/api.w.org\/{rel}","templated":true}]}}