
{"id":18011,"date":"2014-06-01T07:18:00","date_gmt":"2014-06-01T07:18:00","guid":{"rendered":"https:\/\/ifpbm.org\/la-fundacion-internacional-para-la-gestion-de-la-sangre-del-paciente\/"},"modified":"2024-03-25T18:21:23","modified_gmt":"2024-03-25T18:21:23","slug":"la-fundacion-internacional-para-la-gestion-de-la-sangre-del-paciente","status":"publish","type":"page","link":"https:\/\/ifpbm.org\/es\/la-fundacion-internacional-para-la-gestion-de-la-sangre-del-paciente\/","title":{"rendered":"La Fundaci\u00f3n Internacional para la Gesti\u00f3n de la Sangre del Paciente"},"content":{"rendered":"\n<p class=\"has-text-align-center\">\n<video src=\"https:\/\/ifpbm.org\/images\/videos\/what_is_pbm.mp4\" poster=\"images\/videos\/what_is_pbm_poster2.jpg\" controls=\"controls\" width=\"854\" height=\"480\"><\/video>\n<\/p>\n\n<p class=\"has-text-align-center\">Duraci\u00f3n: 1:26 <a href=\"\/images\/videos\/what_is_pbm_chinese.mp4\" target=\"_blank\" rel=\"noopener\">\u70b9\u51fb\u64ad\u653e<\/a><\/p>\n\n<h2 class=\"wp-block-heading\"><span class=\"\">La gesti\u00f3n de la sangre del paciente es un enfoque centrado en el paciente, sistem\u00e1tico y basado en pruebas para <\/span><span style=\"text-decoration: underline\">\n  <span class=\"\">mejorar los resultados de los pacientes <\/span>\n<\/span><span class=\"\">mediante la gesti\u00f3n y conservaci\u00f3n de la propia sangre del paciente, a la vez que se promueve la seguridad y la capacitaci\u00f3n del paciente<\/span><\/h2>\n\n<p><a href=\"https:\/\/ifpbm.org\/es\/what-is-patient-blood-management-3\/\">LEA M\u00c1S: Explicaci\u00f3n de los conceptos de gesti\u00f3n de la sangre del paciente<\/a><\/p>\n\n<p>La Fundaci\u00f3n Internacional para la Gesti\u00f3n de la Sangre del Paciente se compromete a garantizar que la propia sangre del paciente, este recurso humano \u00fanico y vital, se gestione y mantenga adecuadamente en la salud y la enfermedad. Con este fin, la Fundaci\u00f3n promueve t\u00e9cnicas m\u00e9dicas y quir\u00fargicas de gesti\u00f3n de la sangre del paciente con base cient\u00edfica destinadas a conservar la sangre del paciente y minimizar o evitar la necesidad de transfusi\u00f3n de componentes sangu\u00edneos alog\u00e9nicos.<\/p>\n\n<p>La Fundaci\u00f3n reconoce que la sangre alog\u00e9nica donada de forma altruista y en fideicomiso es un valioso recurso comunitario. Sin embargo, es un recurso costoso con un potencial significativo de resultados cl\u00ednicos adversos. En consecuencia, s\u00f3lo debe utilizarse como terapia con el consentimiento del paciente cuando existan pruebas de un beneficio potencial, no existan alternativas y los riesgos se consideren y sopesen adecuadamente frente a los beneficios.<\/p>\n\n<p>El cambio de la pr\u00e1ctica transfusional est\u00e1ndar a la gesti\u00f3n de la sangre del paciente (PBM) est\u00e1 ganando impulso en todo el mundo. La <a href=\"https:\/\/www.who.int\/\" target=\"_blank\" rel=\"noopener\">Organizaci\u00f3n Mundial de la Salud<\/a> (OMS) ha destacado la importancia de la <a href=\"https:\/\/ec.europa.eu\/health\/blood_tissues_organs\/publications_en\" target=\"_blank\" rel=\"noopener noreferrer\">gesti\u00f3n de la sangre de los pacientes<\/a> y la <a href=\"https:\/\/ec.europa.eu\/commission\/index_en\" target=\"_blank\" rel=\"noopener\">Comisi\u00f3n Europea<\/a> ha publicado <a href=\"https:\/\/ec.europa.eu\/health\/blood_tissues_organs\/publications_en\" target=\"_blank\" rel=\"noopener noreferrer\">dos gu\u00edas sobre la gesti\u00f3n de la sangre de los pacientes<\/a>. En Australia, la <a href=\"https:\/\/www.blood.gov.au\/patient-blood-management-pbm\" target=\"_blank\" rel=\"noopener\">Autoridad Nacional de la Sangre<\/a> ha publicado unas directrices para aplicar el PBM. Sin embargo, se trata de un \u00abcambio de paradigma\u00bb que tardar\u00e1 tiempo en convertirse finalmente en el nuevo \u00abpatr\u00f3n oro\u00bb de la atenci\u00f3n sanitaria.  <\/p>\n\n<p>Organizaciones como la Fundaci\u00f3n Internacional para la Gesti\u00f3n de la Sangre del Paciente est\u00e1n a la vanguardia de este cambio. Creada en 2015 como una fundaci\u00f3n suiza sin \u00e1nimo de lucro, su objetivo es mejorar los resultados de los pacientes mediante la promoci\u00f3n, la expansi\u00f3n y la mejora de la gesti\u00f3n basada en la evidencia en la pr\u00e1ctica cl\u00ednica. Impulsada por los principales expertos mundiales en PBM y fundamentada en la validaci\u00f3n cient\u00edfica y la pr\u00e1ctica basada en pruebas, la Fundaci\u00f3n promueve la educaci\u00f3n y la formaci\u00f3n para posibilitar el cambio.<\/p>\n","protected":false},"excerpt":{"rendered":"<p>Duraci\u00f3n: 1:26 \u70b9\u51fb\u64ad\u653e La gesti\u00f3n de la sangre del paciente es un enfoque centrado en el paciente, sistem\u00e1tico y basado en pruebas para mejorar los resultados de los pacientes mediante la gesti\u00f3n y conservaci\u00f3n de la propia sangre del paciente, a la vez que se promueve la seguridad y la capacitaci\u00f3n del paciente LEA M\u00c1S: <a href=\"https:\/\/ifpbm.org\/es\/la-fundacion-internacional-para-la-gestion-de-la-sangre-del-paciente\/\">[&#8230;]<\/a><\/p>\n","protected":false},"author":1,"featured_media":0,"parent":0,"menu_order":0,"comment_status":"closed","ping_status":"closed","template":"","meta":{"footnotes":""},"class_list":["post-18011","page","type-page","status-publish","hentry"],"acf":[],"_links":{"self":[{"href":"https:\/\/ifpbm.org\/es\/wp-json\/wp\/v2\/pages\/18011","targetHints":{"allow":["GET"]}}],"collection":[{"href":"https:\/\/ifpbm.org\/es\/wp-json\/wp\/v2\/pages"}],"about":[{"href":"https:\/\/ifpbm.org\/es\/wp-json\/wp\/v2\/types\/page"}],"author":[{"embeddable":true,"href":"https:\/\/ifpbm.org\/es\/wp-json\/wp\/v2\/users\/1"}],"replies":[{"embeddable":true,"href":"https:\/\/ifpbm.org\/es\/wp-json\/wp\/v2\/comments?post=18011"}],"version-history":[{"count":1,"href":"https:\/\/ifpbm.org\/es\/wp-json\/wp\/v2\/pages\/18011\/revisions"}],"predecessor-version":[{"id":18014,"href":"https:\/\/ifpbm.org\/es\/wp-json\/wp\/v2\/pages\/18011\/revisions\/18014"}],"wp:attachment":[{"href":"https:\/\/ifpbm.org\/es\/wp-json\/wp\/v2\/media?parent=18011"}],"curies":[{"name":"wp","href":"https:\/\/api.w.org\/{rel}","templated":true}]}}