
{"id":18002,"date":"2014-06-26T13:32:16","date_gmt":"2014-06-26T13:32:16","guid":{"rendered":"https:\/\/ifpbm.org\/contribuir-a-la-investigacion-del-ifpbm\/"},"modified":"2024-03-25T18:21:17","modified_gmt":"2024-03-25T18:21:17","slug":"contribuir-a-la-investigacion-del-ifpbm","status":"publish","type":"page","link":"https:\/\/ifpbm.org\/es\/acerca-de\/contribuir-a-la-investigacion-del-ifpbm\/","title":{"rendered":"Contribuir a la investigaci\u00f3n del IFPBM"},"content":{"rendered":"\n<figure class=\"wp-block-image\"><img decoding=\"async\" src=\"https:\/\/ifpbm.org\/wp-content\/uploads\/2023\/05\/research_960x400.jpg\" alt=\"\"\/><\/figure>\n\n<p>Como parte de nuestros <a class=\"jcepopup noicon\" style=\"color: #5691b6\" href=\"\/images\/ifpbm_circle.jpg\" target=\"_blank\" rel=\"noopener noreferrer\" data-mediabox=\"width[500];height[500];title[IFPBM Charter]\">estatutos<\/a>, la Fundaci\u00f3n Internacional para el Manejo de la Sangre del Paciente busca formas de fomentar el conocimiento sobre el manejo de la sangre del paciente.<\/p>\n\n<h2 class=\"wp-block-heading\">Patrocinio de la colaboraci\u00f3n<\/h2>\n\n<p>La Fundaci\u00f3n busca activamente formas de reunir a investigadores individuales e instituciones para hacer avanzar los conocimientos sobre la gesti\u00f3n de la sangre de los pacientes. Si tiene inter\u00e9s en un \u00e1rea espec\u00edfica, h\u00e1gaselo saber a la Fundaci\u00f3n y es posible que podamos ayudarle.<\/p>\n\n<h2 class=\"wp-block-heading\">Fomentar la investigaci\u00f3n<\/h2>\n\n<p>La Fundaci\u00f3n identifica las lagunas de conocimiento en la gesti\u00f3n de la sangre de los pacientes y promueve y apoya los esfuerzos de investigaci\u00f3n en estas \u00e1reas. Si usted, como particular o como instituci\u00f3n, tiene capacidad de investigaci\u00f3n y est\u00e1 interesado en fomentar el conocimiento de la sangre de los pacientes, p\u00f3ngase en contacto con la Fundaci\u00f3n.<\/p>\n\n<h2 class=\"wp-block-heading\">Para participar, p\u00f3ngase en contacto con el IFPBM hoy mismo<\/h2>\n\n<h3 class=\"wp-block-heading\"><span style=\"color: #ffffff;background-color: #58a9ca\"><a style=\"color: #ffffff\" href=\"\/about-us\/contact-us\">    <span style=\"font-size: 12pt\">Contactar con el IFPBM<\/span>     <\/a><br\/><\/span><\/h3>\n","protected":false},"excerpt":{"rendered":"<p>Como parte de nuestros estatutos, la Fundaci\u00f3n Internacional para el Manejo de la Sangre del Paciente busca formas de fomentar el conocimiento sobre el manejo de la sangre del paciente. Patrocinio de la colaboraci\u00f3n La Fundaci\u00f3n busca activamente formas de reunir a investigadores individuales e instituciones para hacer avanzar los conocimientos sobre la gesti\u00f3n de <a href=\"https:\/\/ifpbm.org\/es\/acerca-de\/contribuir-a-la-investigacion-del-ifpbm\/\">[&#8230;]<\/a><\/p>\n","protected":false},"author":1,"featured_media":0,"parent":18329,"menu_order":0,"comment_status":"closed","ping_status":"closed","template":"","meta":{"footnotes":""},"class_list":["post-18002","page","type-page","status-publish","hentry"],"acf":[],"_links":{"self":[{"href":"https:\/\/ifpbm.org\/es\/wp-json\/wp\/v2\/pages\/18002","targetHints":{"allow":["GET"]}}],"collection":[{"href":"https:\/\/ifpbm.org\/es\/wp-json\/wp\/v2\/pages"}],"about":[{"href":"https:\/\/ifpbm.org\/es\/wp-json\/wp\/v2\/types\/page"}],"author":[{"embeddable":true,"href":"https:\/\/ifpbm.org\/es\/wp-json\/wp\/v2\/users\/1"}],"replies":[{"embeddable":true,"href":"https:\/\/ifpbm.org\/es\/wp-json\/wp\/v2\/comments?post=18002"}],"version-history":[{"count":1,"href":"https:\/\/ifpbm.org\/es\/wp-json\/wp\/v2\/pages\/18002\/revisions"}],"predecessor-version":[{"id":18006,"href":"https:\/\/ifpbm.org\/es\/wp-json\/wp\/v2\/pages\/18002\/revisions\/18006"}],"up":[{"embeddable":true,"href":"https:\/\/ifpbm.org\/es\/wp-json\/wp\/v2\/pages\/18329"}],"wp:attachment":[{"href":"https:\/\/ifpbm.org\/es\/wp-json\/wp\/v2\/media?parent=18002"}],"curies":[{"name":"wp","href":"https:\/\/api.w.org\/{rel}","templated":true}]}}