
{"id":17999,"date":"2014-07-14T09:52:13","date_gmt":"2014-07-14T09:52:13","guid":{"rendered":"https:\/\/ifpbm.org\/noticias-y-eventos-de-la-ifpbm\/"},"modified":"2024-03-25T18:21:16","modified_gmt":"2024-03-25T18:21:16","slug":"noticias-y-eventos-de-la-ifpbm","status":"publish","type":"page","link":"https:\/\/ifpbm.org\/es\/noticias-y-eventos-de-la-ifpbm\/","title":{"rendered":"Noticias y eventos de la IFPBM"},"content":{"rendered":"\n<figure class=\"wp-block-image\"><img decoding=\"async\" src=\"https:\/\/ifpbm.org\/wp-content\/uploads\/2023\/05\/news_globe.jpg\" alt=\"\"\/><\/figure>\n\n<p>A continuaci\u00f3n encontrar\u00e1 las \u00faltimas noticias sobre la gesti\u00f3n de la sangre de los pacientes y los eventos de la Fundaci\u00f3n Internacional para la Gesti\u00f3n de la Sangre de los Pacientes.<\/p>\n\n<p>Vis\u00edtenos a menudo o siga a la IFPBM en Facebook o Twitter para estar al d\u00eda de lo que ocurre en el mundo de la gesti\u00f3n de la sangre de los pacientes.<\/p>\n","protected":false},"excerpt":{"rendered":"<p>A continuaci\u00f3n encontrar\u00e1 las \u00faltimas noticias sobre la gesti\u00f3n de la sangre de los pacientes y los eventos de la Fundaci\u00f3n Internacional para la Gesti\u00f3n de la Sangre de los Pacientes. Vis\u00edtenos a menudo o siga a la IFPBM en Facebook o Twitter para estar al d\u00eda de lo que ocurre en el mundo de <a href=\"https:\/\/ifpbm.org\/es\/noticias-y-eventos-de-la-ifpbm\/\">[&#8230;]<\/a><\/p>\n","protected":false},"author":1,"featured_media":0,"parent":0,"menu_order":0,"comment_status":"closed","ping_status":"closed","template":"","meta":{"footnotes":""},"class_list":["post-17999","page","type-page","status-publish","hentry"],"acf":[],"_links":{"self":[{"href":"https:\/\/ifpbm.org\/es\/wp-json\/wp\/v2\/pages\/17999","targetHints":{"allow":["GET"]}}],"collection":[{"href":"https:\/\/ifpbm.org\/es\/wp-json\/wp\/v2\/pages"}],"about":[{"href":"https:\/\/ifpbm.org\/es\/wp-json\/wp\/v2\/types\/page"}],"author":[{"embeddable":true,"href":"https:\/\/ifpbm.org\/es\/wp-json\/wp\/v2\/users\/1"}],"replies":[{"embeddable":true,"href":"https:\/\/ifpbm.org\/es\/wp-json\/wp\/v2\/comments?post=17999"}],"version-history":[{"count":1,"href":"https:\/\/ifpbm.org\/es\/wp-json\/wp\/v2\/pages\/17999\/revisions"}],"predecessor-version":[{"id":18003,"href":"https:\/\/ifpbm.org\/es\/wp-json\/wp\/v2\/pages\/17999\/revisions\/18003"}],"wp:attachment":[{"href":"https:\/\/ifpbm.org\/es\/wp-json\/wp\/v2\/media?parent=17999"}],"curies":[{"name":"wp","href":"https:\/\/api.w.org\/{rel}","templated":true}]}}